{"id":1945,"date":"2024-09-04T10:07:11","date_gmt":"2024-09-04T08:07:11","guid":{"rendered":"https:\/\/www.filtrations-technik.de\/company\/"},"modified":"2024-11-07T11:16:39","modified_gmt":"2024-11-07T10:16:39","slug":"company","status":"publish","type":"page","link":"https:\/\/www.filtrations-technik.de\/en\/company\/","title":{"rendered":"Company"},"content":{"rendered":"\n<h1>\n\t\tUns entgeht nichts\n\t<\/h1>\n\t<p>Qualit\u00e4t &#8211; Made in Germany<\/p>\n<h1>\n\t\tDas Unternehmen Schwegmann Filtrations-Technik \n\t<\/h1>\n\t<p>Innovation trifft Tradition<\/p>\n\t<p>Bei Schwegmann Filtrations-Technik verbinden wir traditionelle Werte mit der Vorreiterrolle in der Filtrationstechnologie. Unser familiengef\u00fchrtes Unternehmen steht f\u00fcr Zuverl\u00e4ssigkeit, pers\u00f6nlichen Service und Innovation &#8211; ein starker mittelst\u00e4ndischer Partner an Ihrer Seite.<\/p>\n<p>Wir sind Experten f\u00fcr individuelle L\u00f6sungen in der Filtrations-Technik. Unsere ma\u00dfgeschneiderten Filter entstehen in enger Zusammenarbeit mit unseren Kunden und einer tiefgreifenden Branchenkenntnis. Dabei setzen wir auf Flexibilit\u00e4t und Schnelligkeit, unterst\u00fctzt durch unser umfangreiches Lager direkt vor Ort. Diese Kombination garantiert nicht nur sofortige Verf\u00fcgbarkeit, sondern auch eine un\u00fcbertroffene Anpassungsf\u00e4higkeit an Ihre spezifischen Anforderungen.<\/p>\n<p>Durch die Produktion in der Grafschaft k\u00f6nnen wir h\u00f6chste Qualit\u00e4tsstandards garantieren. Bei Schwegmann Filtrations-Technik sind wir stolz darauf, die Grenzen des M\u00f6glichen st\u00e4ndig zu erweitern und gleichzeitig den pers\u00f6nlichen, famili\u00e4ren Charakter unseres Unternehmens zu bewahren. Entdecken Sie die Zukunft der Filtrations-Technik mit uns &#8211; innovativ, zuverl\u00e4ssig und immer an Ihrer Seite.<\/p>\n<h2>\n\t\tDie wichtigsten Themen rund um das Unternehmen Schwegmann Filtrations-Technik\n\t<\/h2>\n\t<p>Lernen Sie uns kennen<\/p>\n\t\t<h3><a href=\"https:\/\/www.filtrations-technik.de\/unternehmen\/ueber-uns\/\" target=\"_self\" rel=\"noopener\">\u00dcber uns<\/a><\/h3><p>Schwegmann Filtrations-Technik in seiner Entwicklung.<\/p>\n\t\t\t<a href=\"https:\/\/www.filtrations-technik.de\/unternehmen\/ueber-uns\/\" target=\"_self\" rel=\"noopener\">\n\t\t\t\t\t\t\tMehr erfahren\n\t\t\t\t\t<\/a>\n\t\t<h3><a href=\"https:\/\/www.filtrations-technik.de\/unternehmen\/leitbild\/\" target=\"_self\" rel=\"noopener\">Leitbild<\/a><\/h3><p>Wof\u00fcr wir stehen und was unsere Qualit\u00e4t ausmacht.<\/p>\n\t\t\t<a href=\"https:\/\/www.filtrations-technik.de\/unternehmen\/leitbild\/\" target=\"_self\" rel=\"noopener\">\n\t\t\t\t\t\t\tMehr erfahren\n\t\t\t\t\t<\/a>\n\t\t<h3><a href=\"https:\/\/www.filtrations-technik.de\/unternehmen\/haendler\/\" target=\"_self\" rel=\"noopener\">H\u00e4ndler<\/a><\/h3><p>Wo Sie unsere Produkte auch im Ausland erhalten.<\/p>\n\t\t\t<a href=\"https:\/\/www.filtrations-technik.de\/unternehmen\/haendler\/\" target=\"_self\" rel=\"noopener\">\n\t\t\t\t\t\t\tMehr erfahren\n\t\t\t\t\t<\/a>\n\t\t<h3><a href=\"#\" target=\"_self\" rel=\"noopener\">News<\/a><\/h3><p>Seien Sie immer auf dem neuesten Stand.<\/p>\n\t\t\t<a href=\"#\" target=\"_self\" rel=\"noopener\">\n\t\t\t\t\t\t\tMehr erfahren\n\t\t\t\t\t<\/a>\n\n","protected":false},"excerpt":{"rendered":"<p>Uns entgeht nichts Qualit\u00e4t &#8211; Made in Germany Das Unternehmen Schwegmann Filtrations-Technik Innovation trifft Tradition Bei Schwegmann Filtrations-Technik verbinden wir [&hellip;]<\/p>\n","protected":false},"author":1,"featured_media":0,"parent":0,"menu_order":10,"comment_status":"closed","ping_status":"closed","template":"","meta":{"_acf_changed":false,"site-sidebar-layout":"no-sidebar","site-content-layout":"page-builder","ast-site-content-layout":"default","site-content-style":"default","site-sidebar-style":"default","ast-global-header-display":"","ast-banner-title-visibility":"","ast-main-header-display":"","ast-hfb-above-header-display":"","ast-hfb-below-header-display":"","ast-hfb-mobile-header-display":"","site-post-title":"disabled","ast-breadcrumbs-content":"","ast-featured-img":"disabled","footer-sml-layout":"","ast-disable-related-posts":"","theme-transparent-header-meta":"","adv-header-id-meta":"","stick-header-meta":"","header-above-stick-meta":"","header-main-stick-meta":"","header-below-stick-meta":"","astra-migrate-meta-layouts":"default","ast-page-background-enabled":"default","ast-page-background-meta":{"desktop":{"background-color":"var(--ast-global-color-4)","background-image":"","background-repeat":"repeat","background-position":"center center","background-size":"auto","background-attachment":"scroll","background-type":"","background-media":"","overlay-type":"","overlay-color":"","overlay-opacity":"","overlay-gradient":""},"tablet":{"background-color":"","background-image":"","background-repeat":"repeat","background-position":"center center","background-size":"auto","background-attachment":"scroll","background-type":"","background-media":"","overlay-type":"","overlay-color":"","overlay-opacity":"","overlay-gradient":""},"mobile":{"background-color":"","background-image":"","background-repeat":"repeat","background-position":"center center","background-size":"auto","background-attachment":"scroll","background-type":"","background-media":"","overlay-type":"","overlay-color":"","overlay-opacity":"","overlay-gradient":""}},"ast-content-background-meta":{"desktop":{"background-color":"var(--ast-global-color-5)","background-image":"","background-repeat":"repeat","background-position":"center center","background-size":"auto","background-attachment":"scroll","background-type":"","background-media":"","overlay-type":"","overlay-color":"","overlay-opacity":"","overlay-gradient":""},"tablet":{"background-color":"var(--ast-global-color-5)","background-image":"","background-repeat":"repeat","background-position":"center center","background-size":"auto","background-attachment":"scroll","background-type":"","background-media":"","overlay-type":"","overlay-color":"","overlay-opacity":"","overlay-gradient":""},"mobile":{"background-color":"var(--ast-global-color-5)","background-image":"","background-repeat":"repeat","background-position":"center center","background-size":"auto","background-attachment":"scroll","background-type":"","background-media":"","overlay-type":"","overlay-color":"","overlay-opacity":"","overlay-gradient":""}},"footnotes":""},"class_list":["post-1945","page","type-page","status-publish","hentry"],"acf":[],"_links":{"self":[{"href":"https:\/\/www.filtrations-technik.de\/en\/wp-json\/wp\/v2\/pages\/1945","targetHints":{"allow":["GET"]}}],"collection":[{"href":"https:\/\/www.filtrations-technik.de\/en\/wp-json\/wp\/v2\/pages"}],"about":[{"href":"https:\/\/www.filtrations-technik.de\/en\/wp-json\/wp\/v2\/types\/page"}],"author":[{"embeddable":true,"href":"https:\/\/www.filtrations-technik.de\/en\/wp-json\/wp\/v2\/users\/1"}],"replies":[{"embeddable":true,"href":"https:\/\/www.filtrations-technik.de\/en\/wp-json\/wp\/v2\/comments?post=1945"}],"version-history":[{"count":2,"href":"https:\/\/www.filtrations-technik.de\/en\/wp-json\/wp\/v2\/pages\/1945\/revisions"}],"predecessor-version":[{"id":3840,"href":"https:\/\/www.filtrations-technik.de\/en\/wp-json\/wp\/v2\/pages\/1945\/revisions\/3840"}],"wp:attachment":[{"href":"https:\/\/www.filtrations-technik.de\/en\/wp-json\/wp\/v2\/media?parent=1945"}],"curies":[{"name":"wp","href":"https:\/\/api.w.org\/{rel}","templated":true}]}}