{"id":2077,"date":"2024-09-04T10:07:11","date_gmt":"2024-09-04T08:07:11","guid":{"rendered":"https:\/\/www.filtrations-technik.de\/company\/about-us\/"},"modified":"2024-11-08T14:42:03","modified_gmt":"2024-11-08T13:42:03","slug":"about-us","status":"publish","type":"page","link":"https:\/\/www.filtrations-technik.de\/en\/company\/about-us\/","title":{"rendered":"About us"},"content":{"rendered":"\n<h1>\n\t\tWarum Schwegmann? \n\t<\/h1>\n\t<p>Qualit\u00e4t und Expertise<\/p>\n<h1>\n\t\tSchwegmann Filtrations-Technik &#8211; Engagement f\u00fcr Innovation\n\t<\/h1>\n\t<p>Unsere Gr\u00fcndungsgeschichte <\/p>\n\t<p>Die Schwegmann Filtrations-Technik GmbH wurde am 01. Januar 2002 durch Sebastian Schwegmann gegr\u00fcndet. Mit Wurzeln in der <a href=\"https:\/\/www.schwegmannnet.de\/index.php\/de\/\" target=\"_blank\" rel=\"noopener\">Bernd Schwegmann GmbH &amp; Co. KG<\/a> seit den 1960er Jahren, hat sich Sebastian Schwegmann spezialisiert. Urspr\u00fcnglich lag der Fokus auf Produkten f\u00fcr die Lackbranche, doch bald entwickelte das Unternehmen ein Interesse an Lackadditiven, Filtrationstechnik und Betriebsberatung. Eine Schl\u00fcsselinnovation war die Nutzung eines Kunststoffgewebes anstelle von Metalldraht f\u00fcr Siebbeutel, welche von Ursula Schwegmann, der Ehefrau des Firmengr\u00fcnders, gefertigt wurden. Diese ma\u00dfgeschneiderten Filterbeutel boten eine flexible und kosteneffiziente L\u00f6sung f\u00fcr unsere Kunden.<\/p>\n<h2>\n\t\tChemietechnik \n\t<\/h2>\n\t<p>Bernd Schwegmann GmbH &#038; Co. KG <\/p>\n\t<p>Profitieren Sie auch von der Qualit\u00e4t chemischer Spezialit\u00e4ten von Bernd Schwegmann GmbH &#038; Co. KG. Ob f\u00fcr die Herstellung von Lacken oder Farben, hier erhalten Sie hochwertigen Chemikalien. Zus\u00e4tzlich werden hier Industriereiniger f\u00fcr vielseitige Einsatzzwecke angeboten.  <\/p>\n<p>Die ebenfalls in der Farben- und Lackindustrie eingesetzten Pr\u00fcfkarten finden Sie unter www.pruefkarten.de. <\/p>\n\t\t\t<a href=\"https:\/\/www.filtrations-technik.de\/unternehmen\/\" target=\"_self\" rel=\"noopener\">\n\t\t\t\t\t\t\tMehr \u00fcber Bernd Schwegmann GmbH &#038; Co. KG. erfahren\n\t\t\t\t\t<\/a>\n<h2>\n\t\tZukunft gestalten mit Filtration \n\t<\/h2>\n\t<p>Unsere Mission <\/p>\n\t<p>Heute bietet die Schwegmann Filtrations-Technik GmbH ein umfangreiches Angebot an Filtrationsl\u00f6sungen f\u00fcr verschiedene Industrien, einschlie\u00dflich Sieb- und Filterbeutel, die in der eigenen N\u00e4herei auf die spezifischen Bed\u00fcrfnisse der Kunden zugeschnitten werden. Mit Produkten wie Filtergeh\u00e4usen, Filterkerzen und Taschenfiltern bedient das Unternehmen ein breites Spektrum an Filtrationsbed\u00fcrfnissen. <\/p>\n<p>Der Neubau in Grafschaft-Ringen, fertiggestellt im November 2017, markiert einen wichtigen Meilenstein in der Unternehmensgeschichte und unterstreicht das Engagement f\u00fcr Wachstum und Innovation in der Filtrationstechnik. Das Team von Schwegmann steht Ihnen jederzeit beratend zur Seite, um die optimale Filtrationsl\u00f6sung zu finden. <\/p>\n\t\t\t<a href=\"https:\/\/www.filtrations-technik.de\/unternehmen\/\" target=\"_self\" rel=\"noopener\">\n\t\t\t\t\t\t\tProdukte ansehen\n\t\t\t\t\t<\/a>\n<h2>\n\t\tDie Geschichte von Schwegmann \n\t<\/h2>\n\t<p>\u00dcber 70 Jahre Erfahrung <\/p>\n\t\t\t\t\t\t\t\t\t\t\t\t\t\t\t\t\t\t\t<p>2019-01-01<\/p>\n\t\t\t\t\t\t\t\t\t\t\t\t\t\t\t\t\t\t\t\t\t\t\t<h3>2024<\/h3> \t\t\t\t\t\t\t\t\t\t\t\n\t\t\t\t\t\t\t\t\t\t\t\t\t\t\t\t\t\t\t\t\t\t\t\t\t\t\t\t\t\t\t\t\t\t\t\t\t\t\t\t\t\t\t\t\t\t\t\t\t\t\t\t\t\t\t\t<p><strong>Neue Marke WeBaX\u00ae<\/strong><br \/>Wir repr\u00e4sentieren die n\u00e4chste Generation von Sieb- und Ring-Filterbeuteln, die darauf ausgerichtet sind, den komplexen Bed\u00fcrfnissen der Industrie gerecht zu werden.\u00a0<\/p> \t\t\t\t\t\t\t\t\t\t\t\t\t\t\t\t\t\t\t\t\t\t\t\t\t\t\t\t\t\n\t\t\t\t\t\t\t\t2019-01-01\n\t\t\t\t\t\t\t\t\t\t\t\t\t\t\t\t\t\t\t<p>2019-01-01<\/p>\n\t\t\t\t\t\t\t\t\t\t\t\t\t\t\t\t\t\t\t\t\t\t\t<h3>2021<\/h3> \t\t\t\t\t\t\t\t\t\t\t\n\t\t\t\t\t\t\t\t\t\t\t\t\t\t\t\t\t\t\t\t\t\t\t\t\t\t\t\t\t\t\t\t\t\t\t\t\t\t\t\t\t\t\t\t\t\t\t\t\t\t\t\t\t\t\t\t<p>\u00dcbernahme Kundenstamm der Klein und Wieler OHG<\/p> \t\t\t\t\t\t\t\t\t\t\t\t\t\t\t\t\t\t\t\t\t\t\t\t\t\t\t\t\t\n\t\t\t\t\t\t\t\t2019-01-01\n\t\t\t\t\t\t\t\t\t\t\t\t\t\t\t\t\t\t\t<p>2019-01-01<\/p>\n\t\t\t\t\t\t\t\t\t\t\t\t\t\t\t\t\t\t\t\t\t\t\t<h3>2017<\/h3> \t\t\t\t\t\t\t\t\t\t\t\n\t\t\t\t\t\t\t\t\t\t\t\t\t\t\t\t\t\t\t\t\t\t\t\t\t\t\t\t\t\t\t\t\t\t\t\t\t\t\t\t\t\t\t\t\t\t\t\t\t\t\t\t\t\t\t\t<strong>Umzug<\/strong><br \/>\nUmzug in den Neubau im Innovationspark-Rheinland in Grafschaft-Ringen \n\t\t\t\t\t\t\t\t2019-01-01\n\t\t\t\t\t\t\t\t\t\t\t\t\t\t\t\t\t\t\t<p>2019-01-01<\/p>\n\t\t\t\t\t\t\t\t\t\t\t\t\t\t\t\t\t\t\t\t\t\t\t<h3>2013<\/h3> \t\t\t\t\t\t\t\t\t\t\t\n\t\t\t\t\t\t\t\t\t\t\t\t\t\t\t\t\t\t\t\t\t\t\t\t\t\t\t\t\t\t\t\t\t\t\t\t\t\t\t\t\t\t\t\t\t\t\t\t\t\t\t\t\t\t\t\t<p>50 Jahre Siebbeutel <\/p>\n\t\t\t\t\t\t\t\t2019-01-01\n\t\t\t\t\t\t\t\t\t\t\t\t\t\t\t\t\t\t\t<p>2019-01-01<\/p>\n\t\t\t\t\t\t\t\t\t\t\t\t\t\t\t\t\t\t\t\t\t\t\t<h3>2002<\/h3> \t\t\t\t\t\t\t\t\t\t\t\n\t\t\t\t\t\t\t\t\t\t\t\t\t\t\t\t\t\t\t\t\t\t\t\t\t\t\t\t\t\t\t\t\t\t\t\t\t\t\t\t\t\t\t\t\t\t\t\t\t\t\t\t\t\t\t\t<strong>Ausgliederung der Filtrationstechnik<\/strong><br \/>\nDie Abteilung Filtrationstechnik wird ausgegliedert und als eigenst\u00e4ndige Firma Schwegmann Filtrations-Technik GmbH fortgef\u00fchrt \n\t\t\t\t\t\t\t\t2019-01-01\n\t\t\t\t\t\t\t\t\t\t\t\t\t\t\t\t\t\t\t<p>2019-01-01<\/p>\n\t\t\t\t\t\t\t\t\t\t\t\t\t\t\t\t\t\t\t\t\t\t\t<h3>1999<\/h3> \t\t\t\t\t\t\t\t\t\t\t\n\t\t\t\t\t\t\t\t\t\t\t\t\t\t\t\t\t\t\t\t\t\t\t\t\t\t\t\t\t\t\t\t\t\t\t\t\t\t\t\t\t\t\t\t\t\t\t\t\t\t\t\t\t\t\t\t<p>Sebastian Schwegmann tritt in die Firma ein<\/p>\n\t\t\t\t\t\t\t\t2019-01-01\n\t\t\t\t\t\t\t\t\t\t\t\t\t\t\t\t\t\t\t<p>2019-01-01<\/p>\n\t\t\t\t\t\t\t\t\t\t\t\t\t\t\t\t\t\t\t\t\t\t\t<h3>1993\/1994<\/h3> \t\t\t\t\t\t\t\t\t\t\t\n\t\t\t\t\t\t\t\t\t\t\t\t\t\t\t\t\t\t\t\t\t\t\t\t\t\t\t\t\t\t\t\t\t\t\t\t\t\t\t\t\t\t\t\t\t\t\t\t\t\t\t\t\t\t\t\t<p>Neubau auf der gr\u00fcnen Wiese in Grafschaft-Gelsdorf<\/p>\n\t\t\t\t\t\t\t\t2019-01-01\n\t\t\t\t\t\t\t\t\t\t\t\t\t\t\t\t\t\t\t<p>2019-01-01<\/p>\n\t\t\t\t\t\t\t\t\t\t\t\t\t\t\t\t\t\t\t\t\t\t\t<h3>1964 <\/h3> \t\t\t\t\t\t\t\t\t\t\t\n\t\t\t\t\t\t\t\t\t\t\t\t\t\t\t\t\t\t\t\t\t\t\t\t\t\t\t\t\t\t\t\t\t\t\t\t\t\t\t\t\t\t\t\t\t\t\t\t\t\t\t\t\t\t\t\t<p>Klaus Schwegmann tritt in die Firma ein<\/p>\n\t\t\t\t\t\t\t\t2019-01-01\n\t\t\t\t\t\t\t\t\t\t\t\t\t\t\t\t\t\t\t<p>2019-01-01<\/p>\n\t\t\t\t\t\t\t\t\t\t\t\t\t\t\t\t\t\t\t\t\t\t\t<h3>1963 <\/h3> \t\t\t\t\t\t\t\t\t\t\t\n\t\t\t\t\t\t\t\t\t\t\t\t\t\t\t\t\t\t\t\t\t\t\t\t\t\t\t\t\t\t\t\t\t\t\t\t\t\t\t\t\t\t\t\t\t\t\t\t\t\t\t\t\t\t\t\t<p>Der Siebbeutel \u201eSiebs\u00e4ckchen aus Natur- oder Chemiefasern&#8221; wurde patentiert<\/p>\n\t\t\t\t\t\t\t\t2019-01-01\n\t\t\t\t\t\t\t\t\t\t\t\t\t\t\t\t\t\t\t<p>2019-01-01<\/p>\n\t\t\t\t\t\t\t\t\t\t\t\t\t\t\t\t\t\t\t\t\t\t\t<h3>1962  <\/h3> \t\t\t\t\t\t\t\t\t\t\t\n\t\t\t\t\t\t\t\t\t\t\t\t\t\t\t\t\t\t\t\t\t\t\t\t\t\t\t\t\t\t\t\t\t\t\t\t\t\t\t\t\t\t\t\t\t\t\t\t\t\t\t\t\t\t\t\t<strong>Entwicklung der ersten flexiblen Siebbeutel<\/strong><br \/>\nAls Alternative zu den Sieben aus Metalldraht wurde Bernd Schwegmann auf ein Kunststoffgewebe aufmerksam, das eigentlich f\u00fcr den Siebdruck gedacht war. Dieses Gewebe erwies sich als \u00e4hnlich maschenfest wie Metalldrahtgewebe, jedoch g\u00fcnstiger und wesentlich einfacher zu konfektionieren. So wurden die ersten Siebbeutel von Ursula Schwegmann, Ehefrau des Firmengr\u00fcnders, auf der N\u00e4hmaschine im heimischen Wohnzimmer gen\u00e4ht. Vorteile war die Flexibilit\u00e4t der Form, Gr\u00f6\u00dfe und Austauschbarkeit, die an die W\u00fcnsche des Kunden angepasst werden konnten. \n\t\t\t\t\t\t\t\t2019-01-01\n\t\t\t\t\t\t\t\t\t\t\t\t\t\t\t\t\t\t\t<p>2019-01-01<\/p>\n\t\t\t\t\t\t\t\t\t\t\t\t\t\t\t\t\t\t\t\t\t\t\t<h3>1960 <\/h3> \t\t\t\t\t\t\t\t\t\t\t\n\t\t\t\t\t\t\t\t\t\t\t\t\t\t\t\t\t\t\t\t\t\t\t\t\t\t\t\t\t\t\t\t\t\t\t\t\t\t\t\t\t\t\t\t\t\t\t\t\t\t\t\t\t\t\t\t<p>Bau einer neuen Fabrikhalle mit B\u00fcros in Bonn-Beuel <\/p>\n\t\t\t\t\t\t\t\t2019-01-01\n\t\t\t\t\t\t\t\t\t\t\t\t\t\t\t\t\t\t\t<p>2019-01-01<\/p>\n\t\t\t\t\t\t\t\t\t\t\t\t\t\t\t\t\t\t\t\t\t\t\t<h3>1958  <\/h3> \t\t\t\t\t\t\t\t\t\t\t\n\t\t\t\t\t\t\t\t\t\t\t\t\t\t\t\t\t\t\t\t\t\t\t\t\t\t\t\t\t\t\t\t\t\t\t\t\t\t\t\t\t\t\t\t\t\t\t\t\t\t\t\t\t\t\t\t<strong>Erweiterung des Lieferprogramms<\/strong><br \/>\nNeben einigen Lackadditiven sind nun auch Maschinen sowie Perfluxsiebe der Firma Siebtechnik (M\u00fchlheim an der Ruhr) im Lieferprogramm. Bernd Schwegmann bietet dar\u00fcber hinaus erstmals Betriebsberatung an. \n\t\t\t\t\t\t\t\t2019-01-01\n\t\t\t\t\t\t\t\t\t\t\t\t\t\t\t\t\t\t\t<p>2019-01-01<\/p>\n\t\t\t\t\t\t\t\t\t\t\t\t\t\t\t\t\t\t\t\t\t\t\t<h3>1951 <\/h3> \t\t\t\t\t\t\t\t\t\t\t\n\t\t\t\t\t\t\t\t\t\t\t\t\t\t\t\t\t\t\t\t\t\t\t\t\t\t\t\t\t\t\t\t\t\t\t\t\t\t\t\t\t\t\t\t\t\t\t\t\t\t\t\t\t\t\t\t<strong>Firmengr\u00fcndung <\/strong><br \/>\nBernd Schwegmann gr\u00fcndet die gleichnamige Firma Bernd Schwegmann als Einzelfirma. Es werden zun\u00e4chst gemietete R\u00e4ume auf einem Firmengel\u00e4nde in Bonn-Beuel bezogen. \n\t\t\t\t\t\t\t\t2019-01-01\n\t\t\n","protected":false},"excerpt":{"rendered":"<p>Warum Schwegmann? Qualit\u00e4t und Expertise Schwegmann Filtrations-Technik &#8211; Engagement f\u00fcr Innovation Unsere Gr\u00fcndungsgeschichte Die Schwegmann Filtrations-Technik GmbH wurde am 01. [&hellip;]<\/p>\n","protected":false},"author":1,"featured_media":0,"parent":1945,"menu_order":10,"comment_status":"closed","ping_status":"closed","template":"","meta":{"_acf_changed":false,"site-sidebar-layout":"no-sidebar","site-content-layout":"page-builder","ast-site-content-layout":"default","site-content-style":"default","site-sidebar-style":"default","ast-global-header-display":"","ast-banner-title-visibility":"","ast-main-header-display":"","ast-hfb-above-header-display":"","ast-hfb-below-header-display":"","ast-hfb-mobile-header-display":"","site-post-title":"disabled","ast-breadcrumbs-content":"","ast-featured-img":"disabled","footer-sml-layout":"","ast-disable-related-posts":"","theme-transparent-header-meta":"","adv-header-id-meta":"","stick-header-meta":"","header-above-stick-meta":"","header-main-stick-meta":"","header-below-stick-meta":"","astra-migrate-meta-layouts":"default","ast-page-background-enabled":"default","ast-page-background-meta":{"desktop":{"background-color":"var(--ast-global-color-4)","background-image":"","background-repeat":"repeat","background-position":"center center","background-size":"auto","background-attachment":"scroll","background-type":"","background-media":"","overlay-type":"","overlay-color":"","overlay-opacity":"","overlay-gradient":""},"tablet":{"background-color":"","background-image":"","background-repeat":"repeat","background-position":"center center","background-size":"auto","background-attachment":"scroll","background-type":"","background-media":"","overlay-type":"","overlay-color":"","overlay-opacity":"","overlay-gradient":""},"mobile":{"background-color":"","background-image":"","background-repeat":"repeat","background-position":"center center","background-size":"auto","background-attachment":"scroll","background-type":"","background-media":"","overlay-type":"","overlay-color":"","overlay-opacity":"","overlay-gradient":""}},"ast-content-background-meta":{"desktop":{"background-color":"var(--ast-global-color-5)","background-image":"","background-repeat":"repeat","background-position":"center center","background-size":"auto","background-attachment":"scroll","background-type":"","background-media":"","overlay-type":"","overlay-color":"","overlay-opacity":"","overlay-gradient":""},"tablet":{"background-color":"var(--ast-global-color-5)","background-image":"","background-repeat":"repeat","background-position":"center center","background-size":"auto","background-attachment":"scroll","background-type":"","background-media":"","overlay-type":"","overlay-color":"","overlay-opacity":"","overlay-gradient":""},"mobile":{"background-color":"var(--ast-global-color-5)","background-image":"","background-repeat":"repeat","background-position":"center center","background-size":"auto","background-attachment":"scroll","background-type":"","background-media":"","overlay-type":"","overlay-color":"","overlay-opacity":"","overlay-gradient":""}},"footnotes":""},"class_list":["post-2077","page","type-page","status-publish","hentry"],"acf":[],"_links":{"self":[{"href":"https:\/\/www.filtrations-technik.de\/en\/wp-json\/wp\/v2\/pages\/2077","targetHints":{"allow":["GET"]}}],"collection":[{"href":"https:\/\/www.filtrations-technik.de\/en\/wp-json\/wp\/v2\/pages"}],"about":[{"href":"https:\/\/www.filtrations-technik.de\/en\/wp-json\/wp\/v2\/types\/page"}],"author":[{"embeddable":true,"href":"https:\/\/www.filtrations-technik.de\/en\/wp-json\/wp\/v2\/users\/1"}],"replies":[{"embeddable":true,"href":"https:\/\/www.filtrations-technik.de\/en\/wp-json\/wp\/v2\/comments?post=2077"}],"version-history":[{"count":1,"href":"https:\/\/www.filtrations-technik.de\/en\/wp-json\/wp\/v2\/pages\/2077\/revisions"}],"predecessor-version":[{"id":2086,"href":"https:\/\/www.filtrations-technik.de\/en\/wp-json\/wp\/v2\/pages\/2077\/revisions\/2086"}],"up":[{"embeddable":true,"href":"https:\/\/www.filtrations-technik.de\/en\/wp-json\/wp\/v2\/pages\/1945"}],"wp:attachment":[{"href":"https:\/\/www.filtrations-technik.de\/en\/wp-json\/wp\/v2\/media?parent=2077"}],"curies":[{"name":"wp","href":"https:\/\/api.w.org\/{rel}","templated":true}]}}