{"id":2078,"date":"2024-09-04T10:07:12","date_gmt":"2024-09-04T08:07:12","guid":{"rendered":"https:\/\/www.filtrations-technik.de\/company\/mission-statement\/"},"modified":"2026-02-25T15:51:29","modified_gmt":"2026-02-25T14:51:29","slug":"mission-statement","status":"publish","type":"page","link":"https:\/\/www.filtrations-technik.de\/en\/company\/mission-statement\/","title":{"rendered":"Mission statement"},"content":{"rendered":"\n<h1>\n\t\tUnsere Qualit\u00e4t auf einen Blick\n\t<\/h1>\n\t<p>Was Sie erwartet<\/p>\n<h1>\n\t\tIhr Partner f\u00fcr industrielle Filtrationsl\u00f6sungen\n\t<\/h1>\n\t<p>Exzellenz in Filtration <\/p>\n\t<p>Bei Schwegmann Filtrations-Technik GmbH sind wir stolz darauf, qualitativ hochwertige Filtrationsl\u00f6sungen f\u00fcr die Fest- und Fl\u00fcssigfiltration, sowie die Luftfiltration anzubieten. Unsere Produkte sind speziell daf\u00fcr entwickelt, um den Produktionsprozess unserer Kunden optimal zu unterst\u00fctzen.<\/p>\n<p>Ein wesentlicher Grundsatz:<\/p>\n<p><strong>Fehler vermeiden, statt Fehler zu korrigieren!<\/strong><\/p>\n<h2>\n\t\tUnser Leitbild\n\t<\/h2>\n\t<p>Wir bei Schwegmann verstehen, dass unser Erfolg direkt von der Zufriedenheit unserer Kunden abh\u00e4ngt. Qualit\u00e4t, Flexibilit\u00e4t und Transparenz stehen im Zentrum unserer Arbeit. Unsere Mission ist es, Produkte zu liefern, die nicht nur den hohen Anspr\u00fcchen unserer Kunden gerecht werden, sondern diese sogar \u00fcbertreffen. Mit den richtigen Werten sorgen wir stetig f\u00fcr eine Verbesserung unserer Arbeit.<\/p>\n\t<h3>Qualit\u00e4t<\/h3>\t\n\t<h3>Flexibilit\u00e4t<\/h3>\t\n\t<h3>Transparenz<\/h3>\t\n\t<h3>Motivation<\/h3>\t\n\t<h3>Umwelt<\/h3>\t\n\t<h3>\u00dcberblick<\/h3>\t\n<h3>\n\t\tUnser Versprechen \n\t<\/h3>\n\t<p>Unser Ziel ist es, durch kontinuierliche Verbesserungen und Innovationen in unseren Prozessen und Produkten, die Kundenzufriedenheit stetig zu erh\u00f6hen und gleichzeitig die Umwelt zu schonen. Wir verpflichten uns zu einem kooperativen F\u00fchrungsstil, der ein positives Betriebsklima f\u00f6rdert und unsere Mitarbeiter motiviert, sich vollkommen mit unserem Unternehmen zu identifizieren. <\/p>\n<p>Wir sind \u00fcberzeugt, dass durch die Einhaltung unserer Grunds\u00e4tze und die fortlaufende Verbesserung unserer Prozesse, nicht nur die Bed\u00fcrfnisse unserer Kunden erf\u00fcllt. Vielmehr sorgt es langfristig f\u00fcr ein erfolgreiches Unternehmen. <\/p>\n<p>Besuchen Sie uns in Grafschaft-Ringen im Ahrtal und erfahren Sie mehr \u00fcber unsere innovativen L\u00f6sungen.  Wir stehen an Ihrer Seite, um Ihre Produktionsprozesse zu optimieren. <\/p>\n\t\t\t<a href=\"https:\/\/www.filtrations-technik.de\/en\/products\/\" target=\"_self\" rel=\"noopener\">\n\t\t\t\t\t\t\tProdukte ansehen\n\t\t\t\t\t<\/a>\n\n","protected":false},"excerpt":{"rendered":"<p>Unsere Qualit\u00e4t auf einen Blick Was Sie erwartet Ihr Partner f\u00fcr industrielle Filtrationsl\u00f6sungen Exzellenz in Filtration Bei Schwegmann Filtrations-Technik GmbH [&hellip;]<\/p>\n","protected":false},"author":1,"featured_media":0,"parent":1945,"menu_order":10,"comment_status":"closed","ping_status":"closed","template":"","meta":{"_acf_changed":false,"site-sidebar-layout":"no-sidebar","site-content-layout":"page-builder","ast-site-content-layout":"default","site-content-style":"default","site-sidebar-style":"default","ast-global-header-display":"","ast-banner-title-visibility":"","ast-main-header-display":"","ast-hfb-above-header-display":"","ast-hfb-below-header-display":"","ast-hfb-mobile-header-display":"","site-post-title":"disabled","ast-breadcrumbs-content":"","ast-featured-img":"disabled","footer-sml-layout":"","ast-disable-related-posts":"","theme-transparent-header-meta":"","adv-header-id-meta":"","stick-header-meta":"","header-above-stick-meta":"","header-main-stick-meta":"","header-below-stick-meta":"","astra-migrate-meta-layouts":"default","ast-page-background-enabled":"default","ast-page-background-meta":{"desktop":{"background-color":"var(--ast-global-color-4)","background-image":"","background-repeat":"repeat","background-position":"center center","background-size":"auto","background-attachment":"scroll","background-type":"","background-media":"","overlay-type":"","overlay-color":"","overlay-opacity":"","overlay-gradient":""},"tablet":{"background-color":"","background-image":"","background-repeat":"repeat","background-position":"center center","background-size":"auto","background-attachment":"scroll","background-type":"","background-media":"","overlay-type":"","overlay-color":"","overlay-opacity":"","overlay-gradient":""},"mobile":{"background-color":"","background-image":"","background-repeat":"repeat","background-position":"center center","background-size":"auto","background-attachment":"scroll","background-type":"","background-media":"","overlay-type":"","overlay-color":"","overlay-opacity":"","overlay-gradient":""}},"ast-content-background-meta":{"desktop":{"background-color":"var(--ast-global-color-5)","background-image":"","background-repeat":"repeat","background-position":"center center","background-size":"auto","background-attachment":"scroll","background-type":"","background-media":"","overlay-type":"","overlay-color":"","overlay-opacity":"","overlay-gradient":""},"tablet":{"background-color":"var(--ast-global-color-5)","background-image":"","background-repeat":"repeat","background-position":"center center","background-size":"auto","background-attachment":"scroll","background-type":"","background-media":"","overlay-type":"","overlay-color":"","overlay-opacity":"","overlay-gradient":""},"mobile":{"background-color":"var(--ast-global-color-5)","background-image":"","background-repeat":"repeat","background-position":"center center","background-size":"auto","background-attachment":"scroll","background-type":"","background-media":"","overlay-type":"","overlay-color":"","overlay-opacity":"","overlay-gradient":""}},"footnotes":""},"class_list":["post-2078","page","type-page","status-publish","hentry"],"acf":[],"_links":{"self":[{"href":"https:\/\/www.filtrations-technik.de\/en\/wp-json\/wp\/v2\/pages\/2078","targetHints":{"allow":["GET"]}}],"collection":[{"href":"https:\/\/www.filtrations-technik.de\/en\/wp-json\/wp\/v2\/pages"}],"about":[{"href":"https:\/\/www.filtrations-technik.de\/en\/wp-json\/wp\/v2\/types\/page"}],"author":[{"embeddable":true,"href":"https:\/\/www.filtrations-technik.de\/en\/wp-json\/wp\/v2\/users\/1"}],"replies":[{"embeddable":true,"href":"https:\/\/www.filtrations-technik.de\/en\/wp-json\/wp\/v2\/comments?post=2078"}],"version-history":[{"count":6,"href":"https:\/\/www.filtrations-technik.de\/en\/wp-json\/wp\/v2\/pages\/2078\/revisions"}],"predecessor-version":[{"id":6801,"href":"https:\/\/www.filtrations-technik.de\/en\/wp-json\/wp\/v2\/pages\/2078\/revisions\/6801"}],"up":[{"embeddable":true,"href":"https:\/\/www.filtrations-technik.de\/en\/wp-json\/wp\/v2\/pages\/1945"}],"wp:attachment":[{"href":"https:\/\/www.filtrations-technik.de\/en\/wp-json\/wp\/v2\/media?parent=2078"}],"curies":[{"name":"wp","href":"https:\/\/api.w.org\/{rel}","templated":true}]}}