{"id":2095,"date":"2024-09-04T10:07:12","date_gmt":"2024-09-04T08:07:12","guid":{"rendered":"https:\/\/www.filtrations-technik.de\/products\/"},"modified":"2024-11-26T11:37:48","modified_gmt":"2024-11-26T10:37:48","slug":"products","status":"publish","type":"page","link":"https:\/\/www.filtrations-technik.de\/en\/products\/","title":{"rendered":"Products"},"content":{"rendered":"\n<h1>\n\t\tFest-, Fl\u00fcssig- und Luftfiltration \n\t<\/h1>\n\t<p>Ma\u00dfgeschneiderte Industriefilter<\/p>\n<h1>\n\t\tFiltrationstechnologie Made in Grafschaft \n\t<\/h1>\n\t<p>F\u00fcr die Automobil-, Lack-, Chemie Industrie und viele mehr <\/p>\n\t<p>Da wir unsere Produkte individuell auf Ihre Bed\u00fcrfnisse zuschneiden, erf\u00fcllen wir sowohl die Standards f\u00fcr die Industrie als auch f\u00fcr die Lebensmittelbranche. Ob kleine oder gro\u00dfe Gr\u00f6\u00dfen, Spezialformate oder Normen verschiedener Branchen, wir stellen Ihnen passende Filtersysteme her.  <\/p>\n\t\t\t<a href=\"https:\/\/www.filtrations-technik.de\/kontakt-beratung\/\" target=\"_self\" rel=\"noopener\">\n\t\t\t\t\t\t\tKontaktieren\n\t\t\t\t\t<\/a>\n\t\t\t\t<a href=\"https:\/\/www.filtrations-technik.de\/produkte\/filtermedien\/\" target=\"_self\" itemprop=\"url\" rel=\"noopener\">\n\t\t\t\t<img decoding=\"async\" src=\"https:\/\/www.filtrations-technik.de\/app\/uploads\/2024\/10\/webax_filterbeutel_mit_labs_konformitaet_serie_0.jpg\" alt=\"webax_filterbeutel_mit_labs_konformitaet_serie_0\" itemprop=\"image\" height=\"768\" width=\"960\" title=\"webax_filterbeutel_mit_labs_konformitaet_serie_0\" onerror=\"this.style.display='none'\"  \/>\n\t\t\t\t<\/a>\n<h3><a href=\"https:\/\/www.filtrations-technik.de\/produkte\/filtermedien\/\" target=\"_self\" rel=\"noopener\">Filtermedien<\/a><\/h3><p>&nbsp;<\/p>\n\t\t\t<a href=\"https:\/\/www.filtrations-technik.de\/produkte\/filtermedien\/\" target=\"_self\" rel=\"noopener\">\n\t\t\t\t\t\t\tMehr erfahren\n\t\t\t\t\t<\/a>\n\t\t\t\t<a href=\"https:\/\/www.filtrations-technik.de\/produkte\/filteranlagen\/\" target=\"_self\" itemprop=\"url\" rel=\"noopener\">\n\t\t\t\t<img decoding=\"async\" src=\"https:\/\/www.filtrations-technik.de\/app\/uploads\/2024\/09\/Beutelfilter_Gruppe_Neu_Druck.jpg\" alt=\"Beutelfilter_Gruppe_Neu_Druck\" itemprop=\"image\" height=\"320\" width=\"395\" title=\"Beutelfilter_Gruppe_Neu_Druck\" onerror=\"this.style.display='none'\"  \/>\n\t\t\t\t<\/a>\n<h3><a href=\"https:\/\/www.filtrations-technik.de\/produkte\/filteranlagen\/\" target=\"_self\" rel=\"noopener\">Filteranlagen<\/a><\/h3><p>&nbsp;<\/p>\n\t\t\t<a href=\"https:\/\/www.filtrations-technik.de\/produkte\/filteranlagen\/\" target=\"_self\" rel=\"noopener\">\n\t\t\t\t\t\t\tMehr erfahren\n\t\t\t\t\t<\/a>\n\n","protected":false},"excerpt":{"rendered":"<p>Fest-, Fl\u00fcssig- und Luftfiltration Ma\u00dfgeschneiderte Industriefilter Filtrationstechnologie Made in Grafschaft F\u00fcr die Automobil-, Lack-, Chemie Industrie und viele mehr Da [&hellip;]<\/p>\n","protected":false},"author":1,"featured_media":0,"parent":0,"menu_order":10,"comment_status":"closed","ping_status":"closed","template":"","meta":{"_acf_changed":false,"site-sidebar-layout":"no-sidebar","site-content-layout":"page-builder","ast-site-content-layout":"default","site-content-style":"default","site-sidebar-style":"default","ast-global-header-display":"","ast-banner-title-visibility":"","ast-main-header-display":"","ast-hfb-above-header-display":"","ast-hfb-below-header-display":"","ast-hfb-mobile-header-display":"","site-post-title":"disabled","ast-breadcrumbs-content":"","ast-featured-img":"disabled","footer-sml-layout":"","ast-disable-related-posts":"","theme-transparent-header-meta":"","adv-header-id-meta":"","stick-header-meta":"","header-above-stick-meta":"","header-main-stick-meta":"","header-below-stick-meta":"","astra-migrate-meta-layouts":"default","ast-page-background-enabled":"default","ast-page-background-meta":{"desktop":{"background-color":"var(--ast-global-color-4)","background-image":"","background-repeat":"repeat","background-position":"center center","background-size":"auto","background-attachment":"scroll","background-type":"","background-media":"","overlay-type":"","overlay-color":"","overlay-opacity":"","overlay-gradient":""},"tablet":{"background-color":"","background-image":"","background-repeat":"repeat","background-position":"center center","background-size":"auto","background-attachment":"scroll","background-type":"","background-media":"","overlay-type":"","overlay-color":"","overlay-opacity":"","overlay-gradient":""},"mobile":{"background-color":"","background-image":"","background-repeat":"repeat","background-position":"center center","background-size":"auto","background-attachment":"scroll","background-type":"","background-media":"","overlay-type":"","overlay-color":"","overlay-opacity":"","overlay-gradient":""}},"ast-content-background-meta":{"desktop":{"background-color":"var(--ast-global-color-5)","background-image":"","background-repeat":"repeat","background-position":"center center","background-size":"auto","background-attachment":"scroll","background-type":"","background-media":"","overlay-type":"","overlay-color":"","overlay-opacity":"","overlay-gradient":""},"tablet":{"background-color":"var(--ast-global-color-5)","background-image":"","background-repeat":"repeat","background-position":"center center","background-size":"auto","background-attachment":"scroll","background-type":"","background-media":"","overlay-type":"","overlay-color":"","overlay-opacity":"","overlay-gradient":""},"mobile":{"background-color":"var(--ast-global-color-5)","background-image":"","background-repeat":"repeat","background-position":"center center","background-size":"auto","background-attachment":"scroll","background-type":"","background-media":"","overlay-type":"","overlay-color":"","overlay-opacity":"","overlay-gradient":""}},"footnotes":""},"class_list":["post-2095","page","type-page","status-publish","hentry"],"acf":[],"_links":{"self":[{"href":"https:\/\/www.filtrations-technik.de\/en\/wp-json\/wp\/v2\/pages\/2095","targetHints":{"allow":["GET"]}}],"collection":[{"href":"https:\/\/www.filtrations-technik.de\/en\/wp-json\/wp\/v2\/pages"}],"about":[{"href":"https:\/\/www.filtrations-technik.de\/en\/wp-json\/wp\/v2\/types\/page"}],"author":[{"embeddable":true,"href":"https:\/\/www.filtrations-technik.de\/en\/wp-json\/wp\/v2\/users\/1"}],"replies":[{"embeddable":true,"href":"https:\/\/www.filtrations-technik.de\/en\/wp-json\/wp\/v2\/comments?post=2095"}],"version-history":[{"count":2,"href":"https:\/\/www.filtrations-technik.de\/en\/wp-json\/wp\/v2\/pages\/2095\/revisions"}],"predecessor-version":[{"id":3805,"href":"https:\/\/www.filtrations-technik.de\/en\/wp-json\/wp\/v2\/pages\/2095\/revisions\/3805"}],"wp:attachment":[{"href":"https:\/\/www.filtrations-technik.de\/en\/wp-json\/wp\/v2\/media?parent=2095"}],"curies":[{"name":"wp","href":"https:\/\/api.w.org\/{rel}","templated":true}]}}