{"id":2104,"date":"2024-09-04T10:07:12","date_gmt":"2024-09-04T08:07:12","guid":{"rendered":"https:\/\/www.filtrations-technik.de\/products\/filter-media\/"},"modified":"2026-02-09T10:37:36","modified_gmt":"2026-02-09T09:37:36","slug":"filter-media","status":"publish","type":"page","link":"https:\/\/www.filtrations-technik.de\/en\/products\/filter-media\/","title":{"rendered":"Filter media"},"content":{"rendered":"\n\n\t<p>Filtermedien<\/p>\n\t<p>Flexibel, effizient und ma\u00dfgeschneidert<\/p>\n<h1>\n\t\tFiltermedien: H\u00f6chste Qualit\u00e4t f\u00fcr jede Anforderung \n\t<\/h1>\n\t<p>Umfangreiche Filterl\u00f6sungen <\/p>\n\t<p>Unsere Produkte stehen f\u00fcr h\u00f6chste Qualit\u00e4t &#8220;Made in Grafschaft&#8221;. Sie sind das Ergebnis jahrelanger Erfahrung und kontinuierlicher Innovation im Bereich der Filtrationstechnik.<\/p>\n<p>Verlassen Sie sich auf herausragende Leistungsf\u00e4higkeit und Zuverl\u00e4ssigkeit, die wir mit hochwertigen Materialien und modernste Fertigungstechnologien sicherstellen.<\/p>\n<p>Bei Filtrationstechnik Schwegmann verstehen wir, dass jede Anwendung einzigartig ist und spezifische Anforderungen stellt. Deshalb bieten wir ma\u00dfgeschneiderte L\u00f6sungen, die exakt auf die Bed\u00fcrfnisse unserer Kunden abgestimmt sind. Unsere Experten stehen Ihnen zur Verf\u00fcgung, um gemeinsam die passende Filterl\u00f6sung zu entwickeln &#8211; von der Auswahl des geeigneten Materials \u00fcber die Anpassung der Filtereigenschaften bis hin zur Integration in Ihre bestehenden Systeme.<\/p>\n\t\t\t<a href=\"#footer_form\" target=\"_self\" rel=\"noopener\">\n\t\t\t\t\t\t\tKontaktieren\n\t\t\t\t\t<\/a>\n\t\t\t\t<a href=\"https:\/\/www.filtrations-technik.de\/en\/products\/filter-media\/webax-filtration-bag\/\" target=\"_self\" itemprop=\"url\" rel=\"noopener\">\n\t\t\t\t<img decoding=\"async\" src=\"https:\/\/www.filtrations-technik.de\/app\/uploads\/bb-plugin\/cache\/Webax-Filter-1@2x-square-7ef5e7e3eab933ccbc5827a4e8bc01ba-.jpg\" alt=\"Webax-Filter-1@2x\" itemprop=\"image\" height=\"840\" width=\"790\" title=\"Webax-Filter-1@2x\" onerror=\"this.style.display='none'\"  \/>\n\t\t\t\t<\/a>\n<h3><a href=\"https:\/\/www.filtrations-technik.de\/en\/products\/filter-media\/webax-filtration-bag\/\" target=\"_self\" rel=\"noopener\">WeBaX Filterbeutel<\/a><\/h3><p>Siebbeutel oder Filterbeutel f\u00fcr fast alle Fl\u00fcssigkeiten &#8211; Made in Germany.<\/p>\n\t\t\t<a href=\"https:\/\/www.filtrations-technik.de\/en\/products\/filter-media\/webax-filtration-bag\/\" target=\"_self\" rel=\"noopener\">\n\t\t\t\t\t\t\tMehr erfahren\n\t\t\t\t\t<\/a>\n\t\t\t\t<a href=\"https:\/\/www.filtrations-technik.de\/en\/products\/filter-media\/screen-fabrics-needle-felts\/\" target=\"_self\" itemprop=\"url\" rel=\"noopener\">\n\t\t\t\t<img decoding=\"async\" src=\"https:\/\/www.filtrations-technik.de\/app\/uploads\/bb-plugin\/cache\/01_Siebgewebe-und-Nadelfilze_001_Gruppe-square-2e119b272e63573827bb4370b0138239-.jpg\" alt=\"01_Siebgewebe und Nadelfilze_001_Gruppe\" itemprop=\"image\" height=\"244\" width=\"293\" title=\"01_Siebgewebe und Nadelfilze_001_Gruppe\" onerror=\"this.style.display='none'\"  \/>\n\t\t\t\t<\/a>\n<h3><a href=\"https:\/\/www.filtrations-technik.de\/en\/products\/filter-media\/screen-fabrics-needle-felts\/\" target=\"_self\" rel=\"noopener\">Siebgewebe &#038; Nadelfilze<\/a><\/h3><p>Filtern Sie mit Siebgeweben in h\u00f6chster Qualit\u00e4t. Verlassen Sie sich auf definierte Gewebestoffe.<\/p>\n\t\t\t<a href=\"https:\/\/www.filtrations-technik.de\/en\/products\/filter-media\/screen-fabrics-needle-felts\/\" target=\"_self\" rel=\"noopener\">\n\t\t\t\t\t\t\tMehr erfahren\n\t\t\t\t\t<\/a>\n\t\t\t\t<a href=\"https:\/\/www.filtrations-technik.de\/en\/products\/filter-media\/special-formats\/\" target=\"_self\" itemprop=\"url\" rel=\"noopener\">\n\t\t\t\t<img decoding=\"async\" src=\"https:\/\/www.filtrations-technik.de\/app\/uploads\/bb-plugin\/cache\/04_Spezialformate_001_Gruppe-square-eea7a9f7c66ac838147e3e07b63dadeb-.jpg\" alt=\"04_Spezialformate_001_Gruppe\" itemprop=\"image\" height=\"651\" width=\"960\" title=\"04_Spezialformate_001_Gruppe\" onerror=\"this.style.display='none'\"  \/>\n\t\t\t\t<\/a>\n<h3><a href=\"https:\/\/www.filtrations-technik.de\/en\/products\/filter-media\/special-formats\/\" target=\"_self\" rel=\"noopener\">Spezialformate<\/a><\/h3><p>Individuell und ma\u00dfgeschneidert auf Ihre Bed\u00fcrfnisse. Wir konzipieren und produzieren f\u00fcr Sie.<\/p>\n\t\t\t<a href=\"https:\/\/www.filtrations-technik.de\/en\/products\/filter-media\/special-formats\/\" target=\"_self\" rel=\"noopener\">\n\t\t\t\t\t\t\tMehr erfahren\n\t\t\t\t\t<\/a>\n\t\t\t\t<a href=\"https:\/\/www.filtrations-technik.de\/en\/products\/filter-media\/filter-cloths\/\" target=\"_self\" itemprop=\"url\" rel=\"noopener\">\n\t\t\t\t<img decoding=\"async\" src=\"https:\/\/www.filtrations-technik.de\/app\/uploads\/bb-plugin\/cache\/05_Filtertuecher_Gruppe_01-square-06d39dcad78331daeb49f9b51d55fb74-.jpg\" alt=\"05_Filtertuecher_Gruppe_01\" itemprop=\"image\" height=\"640\" width=\"960\" title=\"05_Filtertuecher_Gruppe_01\" onerror=\"this.style.display='none'\"  \/>\n\t\t\t\t<\/a>\n<h3><a href=\"https:\/\/www.filtrations-technik.de\/en\/products\/filter-media\/filter-cloths\/\" target=\"_self\" rel=\"noopener\">Filtert\u00fccher<\/a><\/h3><p>Filtert\u00fccher f\u00fcr Fest-Fl\u00fcssig-Trennung in Filterpressen &#8211; Teilen Sie uns Ihr Format mit.<\/p>\n\t\t\t<a href=\"https:\/\/www.filtrations-technik.de\/en\/products\/filter-media\/filter-cloths\/\" target=\"_self\" rel=\"noopener\">\n\t\t\t\t\t\t\tMehr erfahren\n\t\t\t\t\t<\/a>\n\t\t\t\t<a href=\"https:\/\/www.filtrations-technik.de\/en\/products\/filter-media\/filter-cartridges\/\" target=\"_self\" itemprop=\"url\" rel=\"noopener\">\n\t\t\t\t<img decoding=\"async\" src=\"https:\/\/www.filtrations-technik.de\/app\/uploads\/bb-plugin\/cache\/06_Filterkerzen_Gruppe-square-63fbe09c2dfc1c7eb4c55609e151da89-.jpg\" alt=\"06_Filterkerzen_Gruppe\" itemprop=\"image\" height=\"650\" width=\"395\" title=\"06_Filterkerzen_Gruppe\" onerror=\"this.style.display='none'\"  \/>\n\t\t\t\t<\/a>\n<h3><a href=\"https:\/\/www.filtrations-technik.de\/en\/products\/filter-media\/filter-cartridges\/\" target=\"_self\" rel=\"noopener\">Filterkerzen<\/a><\/h3><p>Filterkerzen f\u00fcr verschiedene Anwendungsbereiche. Erfahren Sie mehr \u00fcber unsere Auswahl.<\/p>\n\t\t\t<a href=\"https:\/\/www.filtrations-technik.de\/en\/products\/filter-media\/filter-cartridges\/\" target=\"_self\" rel=\"noopener\">\n\t\t\t\t\t\t\tMehr erfahren\n\t\t\t\t\t<\/a>\n\t\t\t\t<a href=\"https:\/\/www.filtrations-technik.de\/en\/products\/filter-media\/air-filter\/\" target=\"_self\" itemprop=\"url\" rel=\"noopener\">\n\t\t\t\t<img decoding=\"async\" src=\"https:\/\/www.filtrations-technik.de\/app\/uploads\/bb-plugin\/cache\/07_Luftfilter_001_Gruppe-square-9a40dbe550c5c5d9c9139c3217f8510a-.jpg\" alt=\"07_Luftfilter_001_Gruppe\" itemprop=\"image\" height=\"732\" width=\"960\" title=\"07_Luftfilter_001_Gruppe\" onerror=\"this.style.display='none'\"  \/>\n\t\t\t\t<\/a>\n<h3><a href=\"https:\/\/www.filtrations-technik.de\/en\/products\/filter-media\/air-filter\/\" target=\"_self\" rel=\"noopener\">Luftfilter<\/a><\/h3><p>Ob als Vor- oder Hauptfilter &#8211; L\u00f6sungen f\u00fcr raumlufttechnische-, Klima-, L\u00fcftungs- und Turbinenanlagen.<\/p>\n\t\t\t<a href=\"https:\/\/www.filtrations-technik.de\/en\/products\/filter-media\/air-filter\/\" target=\"_self\" rel=\"noopener\">\n\t\t\t\t\t\t\tMehr erfahren\n\t\t\t\t\t<\/a>\n\t\t\t\t<a href=\"https:\/\/www.filtrations-technik.de\/en\/products\/filter-media\/depth-filter-sheets-depth-filter-modules\/\" target=\"_self\" itemprop=\"url\" rel=\"noopener\">\n\t\t\t\t<img decoding=\"async\" src=\"https:\/\/www.filtrations-technik.de\/app\/uploads\/bb-plugin\/cache\/filterschichten_und_module-square-72b913c241d34621b44d34f35271e8bc-.jpg\" alt=\"filterschichten_und_module\" itemprop=\"image\" height=\"533\" width=\"800\" title=\"filterschichten_und_module\" onerror=\"this.style.display='none'\"  \/>\n\t\t\t\t<\/a>\n<h3><a href=\"https:\/\/www.filtrations-technik.de\/en\/products\/filter-media\/depth-filter-sheets-depth-filter-modules\/\" target=\"_self\" rel=\"noopener\">Tiefenfilter&shy;schichten &#038; Tiefenfilter&shy;module<\/a><\/h3><p>Entdecken Sie unsere hochwertigen Tiefenfilterschichten und Tiefenfiltermodule f\u00fcr optimale Filtrationsergebnisse.<\/p>\n\t\t\t<a href=\"https:\/\/www.filtrations-technik.de\/en\/products\/filter-media\/depth-filter-sheets-depth-filter-modules\/\" target=\"_self\" rel=\"noopener\">\n\t\t\t\t\t\t\tMehr erfahren\n\t\t\t\t\t<\/a>\n\n","protected":false},"excerpt":{"rendered":"<p>Filtermedien Flexibel, effizient und ma\u00dfgeschneidert Filtermedien: H\u00f6chste Qualit\u00e4t f\u00fcr jede Anforderung Umfangreiche Filterl\u00f6sungen Unsere Produkte stehen f\u00fcr h\u00f6chste Qualit\u00e4t &#8220;Made [&hellip;]<\/p>\n","protected":false},"author":1,"featured_media":0,"parent":2095,"menu_order":10,"comment_status":"closed","ping_status":"closed","template":"","meta":{"_acf_changed":false,"site-sidebar-layout":"no-sidebar","site-content-layout":"page-builder","ast-site-content-layout":"default","site-content-style":"default","site-sidebar-style":"default","ast-global-header-display":"","ast-banner-title-visibility":"","ast-main-header-display":"","ast-hfb-above-header-display":"","ast-hfb-below-header-display":"","ast-hfb-mobile-header-display":"","site-post-title":"disabled","ast-breadcrumbs-content":"","ast-featured-img":"disabled","footer-sml-layout":"","ast-disable-related-posts":"","theme-transparent-header-meta":"","adv-header-id-meta":"","stick-header-meta":"","header-above-stick-meta":"","header-main-stick-meta":"","header-below-stick-meta":"","astra-migrate-meta-layouts":"default","ast-page-background-enabled":"default","ast-page-background-meta":{"desktop":{"background-color":"var(--ast-global-color-4)","background-image":"","background-repeat":"repeat","background-position":"center center","background-size":"auto","background-attachment":"scroll","background-type":"","background-media":"","overlay-type":"","overlay-color":"","overlay-opacity":"","overlay-gradient":""},"tablet":{"background-color":"","background-image":"","background-repeat":"repeat","background-position":"center center","background-size":"auto","background-attachment":"scroll","background-type":"","background-media":"","overlay-type":"","overlay-color":"","overlay-opacity":"","overlay-gradient":""},"mobile":{"background-color":"","background-image":"","background-repeat":"repeat","background-position":"center center","background-size":"auto","background-attachment":"scroll","background-type":"","background-media":"","overlay-type":"","overlay-color":"","overlay-opacity":"","overlay-gradient":""}},"ast-content-background-meta":{"desktop":{"background-color":"var(--ast-global-color-5)","background-image":"","background-repeat":"repeat","background-position":"center center","background-size":"auto","background-attachment":"scroll","background-type":"","background-media":"","overlay-type":"","overlay-color":"","overlay-opacity":"","overlay-gradient":""},"tablet":{"background-color":"var(--ast-global-color-5)","background-image":"","background-repeat":"repeat","background-position":"center center","background-size":"auto","background-attachment":"scroll","background-type":"","background-media":"","overlay-type":"","overlay-color":"","overlay-opacity":"","overlay-gradient":""},"mobile":{"background-color":"var(--ast-global-color-5)","background-image":"","background-repeat":"repeat","background-position":"center center","background-size":"auto","background-attachment":"scroll","background-type":"","background-media":"","overlay-type":"","overlay-color":"","overlay-opacity":"","overlay-gradient":""}},"footnotes":""},"class_list":["post-2104","page","type-page","status-publish","hentry"],"acf":[],"_links":{"self":[{"href":"https:\/\/www.filtrations-technik.de\/en\/wp-json\/wp\/v2\/pages\/2104","targetHints":{"allow":["GET"]}}],"collection":[{"href":"https:\/\/www.filtrations-technik.de\/en\/wp-json\/wp\/v2\/pages"}],"about":[{"href":"https:\/\/www.filtrations-technik.de\/en\/wp-json\/wp\/v2\/types\/page"}],"author":[{"embeddable":true,"href":"https:\/\/www.filtrations-technik.de\/en\/wp-json\/wp\/v2\/users\/1"}],"replies":[{"embeddable":true,"href":"https:\/\/www.filtrations-technik.de\/en\/wp-json\/wp\/v2\/comments?post=2104"}],"version-history":[{"count":7,"href":"https:\/\/www.filtrations-technik.de\/en\/wp-json\/wp\/v2\/pages\/2104\/revisions"}],"predecessor-version":[{"id":6042,"href":"https:\/\/www.filtrations-technik.de\/en\/wp-json\/wp\/v2\/pages\/2104\/revisions\/6042"}],"up":[{"embeddable":true,"href":"https:\/\/www.filtrations-technik.de\/en\/wp-json\/wp\/v2\/pages\/2095"}],"wp:attachment":[{"href":"https:\/\/www.filtrations-technik.de\/en\/wp-json\/wp\/v2\/media?parent=2104"}],"curies":[{"name":"wp","href":"https:\/\/api.w.org\/{rel}","templated":true}]}}