{"id":2106,"date":"2024-09-04T10:07:15","date_gmt":"2024-09-04T08:07:15","guid":{"rendered":"https:\/\/www.filtrations-technik.de\/products\/filter-media\/filter-cloths\/"},"modified":"2025-05-30T15:33:52","modified_gmt":"2025-05-30T13:33:52","slug":"filter-cloths","status":"publish","type":"page","link":"https:\/\/www.filtrations-technik.de\/en\/products\/filter-media\/filter-cloths\/","title":{"rendered":"Filter cloths"},"content":{"rendered":"\n\n\t<p>Filtert\u00fccher<\/p>\n\t<p>Filtert\u00fccher kommen zur Fest-Fl\u00fcssigtrennung bei Filterpressen zum Einsatz.<\/p>\n\t<p>Unsere Filtert\u00fccher k\u00f6nnen in folgenden Ausf\u00fchrungen gefertigt werden:<\/p>\n<ul>\n<li>Durchstecktuch<\/li>\n<li>\u00dcberhangtuch<\/li>\n<li>mit Randabdichtung<\/li>\n<li>tropfdichte Ausf\u00fchrung f\u00fcr CGR-Filterplatten Filtergewebe<\/li>\n<\/ul>\n<p>Die Filtertuchqualit\u00e4t, \u00fcberwiegend aus Polypropylen oder Polyamid, wird nach Luftdurchl\u00e4ssigkeit (L\/dm\u00b2\/min) Webart (Monofilament, Multifilament, Mischgewebe) und Gewebebehandlung (wie z. B. kalandrierte Oberfl\u00e4che) ausgelegt. Je nach Anwendungsfall legen wir Ihnen ein passendes Filtertuch f\u00fcr eine optimale Filtration aus.<\/p>\n\t\t\t\t\t<a href=\"#\" id=\"fl-accordion--label-0\" tabindex=\"0\" aria-controls=\"fl-accordion--panel-0\">Mehr lesen<\/a>\n\t\t\t\t\t\t\t\t\t\t\t<a href=\"#\" id=\"fl-accordion--icon-0\" tabindex=\"-1\"><i>Expand<\/i><\/a>\n\t\t\t\t\t<h3><strong>Formate<\/strong><\/h3>\n<p>Wir liefern Ihnen alle g\u00e4ngigen Formate von 250 x 250 mm bis hin zu 2000 x 2000 mm.<\/p>\n<p>Vorteile unserer Filtert\u00fccher<\/p>\n<ul>\n<li>optimale Filtration<\/li>\n<li>gute Filterkuchenabl\u00f6sung<\/li>\n<li>lange Standzeiten<\/li>\n<li>Sauberkeit<\/li>\n<li>Wirtschaftlichkeit<\/li>\n<\/ul>\n<h3><strong>Mustertuch<\/strong><\/h3>\nGerne senden wir Ihnen passende Mustert\u00fccher f\u00fcr Testzwecke zu.<br \/>\nBitte senden Sie uns dazu ein aktuelles Filtertuch von Ihnen zu oder f\u00fcllen Sie unser Formular mit allen notwendigen Ma\u00dfen aus.\n\t\t\t<img decoding=\"async\" loading='false' src=\"https:\/\/www.filtrations-technik.de\/app\/uploads\/2024\/09\/05_Filtertuecher_Gruppe_01.jpg\" alt=\"\" \/>\t\t\t\n\t\t\t<img decoding=\"async\" loading='false' src=\"https:\/\/www.filtrations-technik.de\/app\/uploads\/2024\/09\/Filtertuch_Weiss_Detail_01.jpg\" alt=\"\" \/>\t\t\t\n\t\t\t<img decoding=\"async\" loading='false' src=\"https:\/\/www.filtrations-technik.de\/app\/uploads\/2024\/09\/Filtertuch_Weiss_Detail_02.jpg\" alt=\"\" \/>\t\t\t\n\t\t\t<img decoding=\"async\" loading='false' src=\"https:\/\/www.filtrations-technik.de\/app\/uploads\/2024\/09\/Filtertuch_Weiss.jpg\" alt=\"\" \/>\t\t\t\n\t\t\t<img decoding=\"async\" loading='false' src=\"https:\/\/www.filtrations-technik.de\/app\/uploads\/2024\/09\/Filtertuch_Schwarz_Detail_01.jpg\" alt=\"\" \/>\t\t\t\n\t\t\t<img decoding=\"async\" loading='false' src=\"https:\/\/www.filtrations-technik.de\/app\/uploads\/2024\/09\/Filtertuch_Schwarz.jpg\" alt=\"\" \/>\t\t\t\n\t\t\t<img decoding=\"async\" loading='false' src=\"https:\/\/www.filtrations-technik.de\/app\/uploads\/2024\/09\/Filtertuch_Filterplatte_02.jpg\" alt=\"\" \/>\t\t\t\n\t\t\t<img decoding=\"async\" loading='false' src=\"https:\/\/www.filtrations-technik.de\/app\/uploads\/2024\/09\/Filtertuch_Filterplatte_01.jpg\" alt=\"\" \/>\t\t\t\n\t\t\t<img decoding=\"async\" loading='false' src=\"https:\/\/www.filtrations-technik.de\/app\/uploads\/2024\/09\/Filtertuch_Gelb_Detail_01.jpg\" alt=\"\" \/>\t\t\t\n\t\t\t<img decoding=\"async\" loading='false' src=\"https:\/\/www.filtrations-technik.de\/app\/uploads\/2024\/09\/Filtertuch_Gelb.jpg\" alt=\"\" \/>\t\t\t\n\t\t\t\t<a href=\"#\" aria-label=\"previous\" role=\"button\">\n<\/a>\n\t\t\t\t<a href=\"#\" aria-label=\"next\" role=\"button\">\n<\/a>\n\t\n<table id=\"tablepress-11\" class=\"tablepress tablepress-id-11\">\n<thead>\n<tr class=\"row-1\">\n\t<th class=\"column-1\">Code<\/th><td class=\"column-2\"><\/td><td class=\"column-3\"><\/td><td class=\"column-4\"><\/td>\n<\/tr>\n<\/thead>\n<tbody class=\"row-hover\">\n<tr class=\"row-2\">\n\t<td class=\"column-1\">Format<\/td><td class=\"column-2\">Filter medium<\/td><td class=\"column-3\">Air permeability<\/td><td class=\"column-4\">Design<\/td>\n<\/tr>\n<tr class=\"row-3\">\n\t<td class=\"column-1\">630<\/td><td class=\"column-2\">P<\/td><td class=\"column-3\">8<\/td><td class=\"column-4\">D<\/td>\n<\/tr>\n<\/tbody>\n<\/table>\n<!-- #tablepress-11 from cache -->\n\n","protected":false},"excerpt":{"rendered":"<p>Filtert\u00fccher Filtert\u00fccher kommen zur Fest-Fl\u00fcssigtrennung bei Filterpressen zum Einsatz. Unsere Filtert\u00fccher k\u00f6nnen in folgenden Ausf\u00fchrungen gefertigt werden: Durchstecktuch \u00dcberhangtuch mit [&hellip;]<\/p>\n","protected":false},"author":1,"featured_media":0,"parent":2104,"menu_order":10,"comment_status":"closed","ping_status":"closed","template":"","meta":{"_acf_changed":false,"site-sidebar-layout":"no-sidebar","site-content-layout":"page-builder","ast-site-content-layout":"default","site-content-style":"default","site-sidebar-style":"default","ast-global-header-display":"","ast-banner-title-visibility":"","ast-main-header-display":"","ast-hfb-above-header-display":"","ast-hfb-below-header-display":"","ast-hfb-mobile-header-display":"","site-post-title":"disabled","ast-breadcrumbs-content":"","ast-featured-img":"disabled","footer-sml-layout":"","ast-disable-related-posts":"","theme-transparent-header-meta":"","adv-header-id-meta":"","stick-header-meta":"","header-above-stick-meta":"","header-main-stick-meta":"","header-below-stick-meta":"","astra-migrate-meta-layouts":"default","ast-page-background-enabled":"default","ast-page-background-meta":{"desktop":{"background-color":"var(--ast-global-color-4)","background-image":"","background-repeat":"repeat","background-position":"center center","background-size":"auto","background-attachment":"scroll","background-type":"","background-media":"","overlay-type":"","overlay-color":"","overlay-opacity":"","overlay-gradient":""},"tablet":{"background-color":"","background-image":"","background-repeat":"repeat","background-position":"center center","background-size":"auto","background-attachment":"scroll","background-type":"","background-media":"","overlay-type":"","overlay-color":"","overlay-opacity":"","overlay-gradient":""},"mobile":{"background-color":"","background-image":"","background-repeat":"repeat","background-position":"center center","background-size":"auto","background-attachment":"scroll","background-type":"","background-media":"","overlay-type":"","overlay-color":"","overlay-opacity":"","overlay-gradient":""}},"ast-content-background-meta":{"desktop":{"background-color":"var(--ast-global-color-5)","background-image":"","background-repeat":"repeat","background-position":"center center","background-size":"auto","background-attachment":"scroll","background-type":"","background-media":"","overlay-type":"","overlay-color":"","overlay-opacity":"","overlay-gradient":""},"tablet":{"background-color":"var(--ast-global-color-5)","background-image":"","background-repeat":"repeat","background-position":"center center","background-size":"auto","background-attachment":"scroll","background-type":"","background-media":"","overlay-type":"","overlay-color":"","overlay-opacity":"","overlay-gradient":""},"mobile":{"background-color":"var(--ast-global-color-5)","background-image":"","background-repeat":"repeat","background-position":"center center","background-size":"auto","background-attachment":"scroll","background-type":"","background-media":"","overlay-type":"","overlay-color":"","overlay-opacity":"","overlay-gradient":""}},"footnotes":""},"class_list":["post-2106","page","type-page","status-publish","hentry"],"acf":[],"_links":{"self":[{"href":"https:\/\/www.filtrations-technik.de\/en\/wp-json\/wp\/v2\/pages\/2106","targetHints":{"allow":["GET"]}}],"collection":[{"href":"https:\/\/www.filtrations-technik.de\/en\/wp-json\/wp\/v2\/pages"}],"about":[{"href":"https:\/\/www.filtrations-technik.de\/en\/wp-json\/wp\/v2\/types\/page"}],"author":[{"embeddable":true,"href":"https:\/\/www.filtrations-technik.de\/en\/wp-json\/wp\/v2\/users\/1"}],"replies":[{"embeddable":true,"href":"https:\/\/www.filtrations-technik.de\/en\/wp-json\/wp\/v2\/comments?post=2106"}],"version-history":[{"count":3,"href":"https:\/\/www.filtrations-technik.de\/en\/wp-json\/wp\/v2\/pages\/2106\/revisions"}],"predecessor-version":[{"id":5650,"href":"https:\/\/www.filtrations-technik.de\/en\/wp-json\/wp\/v2\/pages\/2106\/revisions\/5650"}],"up":[{"embeddable":true,"href":"https:\/\/www.filtrations-technik.de\/en\/wp-json\/wp\/v2\/pages\/2104"}],"wp:attachment":[{"href":"https:\/\/www.filtrations-technik.de\/en\/wp-json\/wp\/v2\/media?parent=2106"}],"curies":[{"name":"wp","href":"https:\/\/api.w.org\/{rel}","templated":true}]}}