{"id":2135,"date":"2024-10-01T10:18:25","date_gmt":"2024-10-01T08:18:25","guid":{"rendered":"https:\/\/www.filtrations-technik.de\/products\/filter-systems\/wedge-wire-filter\/"},"modified":"2026-01-30T14:13:29","modified_gmt":"2026-01-30T13:13:29","slug":"wedge-wire-filter","status":"publish","type":"page","link":"https:\/\/www.filtrations-technik.de\/en\/products\/filter-systems\/wedge-wire-filter\/","title":{"rendered":"Wedge wire filter"},"content":{"rendered":"\n\n\t<p>Kantenspaltfilter<\/p>\n\t<p>Viskose Medien umweltfreundlich filtern<\/p>\n\t<p>Entdecken Sie den <strong>Kantenspaltfilter<\/strong>, die optimale L\u00f6sung f\u00fcr die Filtration viskoser Medien in Industrie- und Lebensmittelanwendungen. Diese selbstreinigenden Filtersysteme bieten eine nachhaltige Alternative zu herk\u00f6mmlichen Filterelementen, indem sie den Einsatz von Einweg-Filtermedien vollst\u00e4ndig vermeiden und so den Ressourcenverbrauch erheblich minimieren.<\/p>\n<p>Dank ihrer robusten und stabilen Bauweise sind <strong>Kantenspaltfiltersysteme<\/strong> f\u00fcr den Dauereinsatz konzipiert. Sie zeichnen sich durch hohe Differenzdruckfestigkeit und eine maximale Betriebstemperatur von bis zu 200\u00b0C aus. Mit Durchflussleistungen von bis zu 70 m\u00b3\/h bew\u00e4ltigen sie problemlos nahezu alle nieder- und hochviskosen Fl\u00fcssigkeiten.<\/p>\n<p><strong>Wie funktioniert der Kantenspaltfilter?<\/strong><\/p>\n<p>Die Filtration im Kantenspaltfilter erfolgt von au\u00dfen nach innen durch das zylinderf\u00f6rmige Spaltrohr, wo sich die Feststoffe an der Au\u00dfenseite anlagern. Ein Getriebemotor sorgt daf\u00fcr, dass das Spaltrohr kontinuierlich rotiert. Dabei entfernt der angelegte Abstreifer den Filterkuchen von der Oberfl\u00e4che, wodurch der Aufwand f\u00fcr die Entsorgung herk\u00f6mmlicher Filterkerzen entf\u00e4llt.<\/p>\n<p>Die abgetragenen Feststoffe sammeln sich im unteren Teil des Filters und k\u00f6nnen bequem auf drei Arten aus dem Geh\u00e4use entfernt werden:<\/p>\n<ul>\n<li>manuell durch \u00d6ffnen eines Kugelhahns<\/li>\n<li>automatisch \u00fcber ein zeitgesteuertes Ventil oder<\/li>\n<li>mithilfe einer elektronischen Steuerung mit Differenzdruck\u00fcberwachung, die ein Ablassventil ansteuert<\/li>\n<\/ul>\n<p>Der Kantenspaltfilter AS50 ist speziell f\u00fcr Industrieanwendungen konzipiert. Er spart Ihnen das sonst h\u00e4ufige \u00d6ffnen und Reinigen des Filtergeh\u00e4uses. Mit einem maximalen Durchfluss von bis zu 3,5 m\u00b3\/h bietet er eine zuverl\u00e4ssige und effiziente L\u00f6sung f\u00fcr die Filtration viskoser Medien.<\/p>\n<p>Das Modell AS50 setzt sich aus den folgenden Teilen zusammen:<\/p>\n<ol>\n<li>Filtergeh\u00e4use und Kopf<\/li>\n<li>Zylinderf\u00f6rmiges Spaltrohrelement bzw. Lochblechelement<\/li>\n<li>Schaberkorb mit Abstreifer<\/li>\n<li>Getriebemotor<\/li>\n<\/ol>\n<p>Die Entnahme des Filterelements erfolgt bequem von unten, was die Handhabung erleichtert.<\/p>\n<p>Neben dem Standard Kantenspaltfilter mit Motor sind auch Modelle mit Handkurbel erh\u00e4ltlich. Zudem k\u00f6nnen Sie den Kantenspaltfilter bei uns auch mit ATEX und Lebensmittelzulassung bestellen.<\/p>\n<p><strong>Beispiele f\u00fcr Anwendungsbereiche:<\/strong><\/p>\n<ul>\n<li>Schokolade und Kakaomasse<\/li>\n<li>Marzipan<\/li>\n<li>Kaffee-Extrakt<\/li>\n<li>Hefe<\/li>\n<li>Farben und Lacke<\/li>\n<li>Dispersionsfarben<\/li>\n<li>Druckfarben<\/li>\n<li>Klebstoffe<\/li>\n<li>Teerprodukte<\/li>\n<li>L\u00f6sungsmittel<\/li>\n<li>Getriebe\u00f6l, Walz\u00f6le, Raps\u00f6l<\/li>\n<li>Emulsionen<\/li>\n<li>Weichmacher<\/li>\n<li>Polyurethan<\/li>\n<li>K\u00fchlschmiermittel<\/li>\n<\/ul>\n<p>Setzen Sie auf den Kantenspaltfilter von Schwegmann Filtrations-Technik, um Ihre Filtrationsprozesse und gleichzeitig den Ressourcenverbrauch zu optimieren. Bei Fragen zu diesem oder einem anderen Produkt k\u00f6nnen Sie sich auf die Expertise unseres kompetenten Teams verlassen. Wir sind gerne f\u00fcr Sie da!<\/p>\n\t\t\t<img decoding=\"async\" loading='false' src=\"https:\/\/www.filtrations-technik.de\/app\/uploads\/2024\/10\/kantenspaltfilter-5.jpg\" alt=\"\" \/>\t\t\t\n\t\t\t<img decoding=\"async\" loading='false' src=\"https:\/\/www.filtrations-technik.de\/app\/uploads\/2024\/10\/kantenspaltfilter-2.jpg\" alt=\"\" \/>\t\t\t\n\t\t\t<img decoding=\"async\" loading='false' src=\"https:\/\/www.filtrations-technik.de\/app\/uploads\/2024\/10\/kantenspaltfilter-4.jpg\" alt=\"\" \/>\t\t\t\n\t\t\t<img decoding=\"async\" loading='false' src=\"https:\/\/www.filtrations-technik.de\/app\/uploads\/2024\/10\/kantenspaltfilter-3.jpg\" alt=\"\" \/>\t\t\t\n\t\t\t<img decoding=\"async\" loading='false' src=\"https:\/\/www.filtrations-technik.de\/app\/uploads\/2024\/10\/Kantenspaltfilter.jpg\" alt=\"\" \/>\t\t\t\n\t\t\t\t<a href=\"#\" aria-label=\"previous\" role=\"button\">\n<\/a>\n\t\t\t\t<a href=\"#\" aria-label=\"next\" role=\"button\">\n<\/a>\n\n","protected":false},"excerpt":{"rendered":"<p>Kantenspaltfilter Viskose Medien umweltfreundlich filtern Entdecken Sie den Kantenspaltfilter, die optimale L\u00f6sung f\u00fcr die Filtration viskoser Medien in Industrie- und [&hellip;]<\/p>\n","protected":false},"author":1,"featured_media":0,"parent":2111,"menu_order":10,"comment_status":"closed","ping_status":"closed","template":"","meta":{"_acf_changed":false,"site-sidebar-layout":"no-sidebar","site-content-layout":"page-builder","ast-site-content-layout":"default","site-content-style":"default","site-sidebar-style":"default","ast-global-header-display":"","ast-banner-title-visibility":"","ast-main-header-display":"","ast-hfb-above-header-display":"","ast-hfb-below-header-display":"","ast-hfb-mobile-header-display":"","site-post-title":"disabled","ast-breadcrumbs-content":"","ast-featured-img":"disabled","footer-sml-layout":"","ast-disable-related-posts":"","theme-transparent-header-meta":"","adv-header-id-meta":"","stick-header-meta":"","header-above-stick-meta":"","header-main-stick-meta":"","header-below-stick-meta":"","astra-migrate-meta-layouts":"default","ast-page-background-enabled":"default","ast-page-background-meta":{"desktop":{"background-color":"var(--ast-global-color-4)","background-image":"","background-repeat":"repeat","background-position":"center center","background-size":"auto","background-attachment":"scroll","background-type":"","background-media":"","overlay-type":"","overlay-color":"","overlay-opacity":"","overlay-gradient":""},"tablet":{"background-color":"","background-image":"","background-repeat":"repeat","background-position":"center center","background-size":"auto","background-attachment":"scroll","background-type":"","background-media":"","overlay-type":"","overlay-color":"","overlay-opacity":"","overlay-gradient":""},"mobile":{"background-color":"","background-image":"","background-repeat":"repeat","background-position":"center center","background-size":"auto","background-attachment":"scroll","background-type":"","background-media":"","overlay-type":"","overlay-color":"","overlay-opacity":"","overlay-gradient":""}},"ast-content-background-meta":{"desktop":{"background-color":"var(--ast-global-color-5)","background-image":"","background-repeat":"repeat","background-position":"center center","background-size":"auto","background-attachment":"scroll","background-type":"","background-media":"","overlay-type":"","overlay-color":"","overlay-opacity":"","overlay-gradient":""},"tablet":{"background-color":"var(--ast-global-color-5)","background-image":"","background-repeat":"repeat","background-position":"center center","background-size":"auto","background-attachment":"scroll","background-type":"","background-media":"","overlay-type":"","overlay-color":"","overlay-opacity":"","overlay-gradient":""},"mobile":{"background-color":"var(--ast-global-color-5)","background-image":"","background-repeat":"repeat","background-position":"center center","background-size":"auto","background-attachment":"scroll","background-type":"","background-media":"","overlay-type":"","overlay-color":"","overlay-opacity":"","overlay-gradient":""}},"footnotes":""},"class_list":["post-2135","page","type-page","status-publish","hentry"],"acf":[],"_links":{"self":[{"href":"https:\/\/www.filtrations-technik.de\/en\/wp-json\/wp\/v2\/pages\/2135","targetHints":{"allow":["GET"]}}],"collection":[{"href":"https:\/\/www.filtrations-technik.de\/en\/wp-json\/wp\/v2\/pages"}],"about":[{"href":"https:\/\/www.filtrations-technik.de\/en\/wp-json\/wp\/v2\/types\/page"}],"author":[{"embeddable":true,"href":"https:\/\/www.filtrations-technik.de\/en\/wp-json\/wp\/v2\/users\/1"}],"replies":[{"embeddable":true,"href":"https:\/\/www.filtrations-technik.de\/en\/wp-json\/wp\/v2\/comments?post=2135"}],"version-history":[{"count":4,"href":"https:\/\/www.filtrations-technik.de\/en\/wp-json\/wp\/v2\/pages\/2135\/revisions"}],"predecessor-version":[{"id":5329,"href":"https:\/\/www.filtrations-technik.de\/en\/wp-json\/wp\/v2\/pages\/2135\/revisions\/5329"}],"up":[{"embeddable":true,"href":"https:\/\/www.filtrations-technik.de\/en\/wp-json\/wp\/v2\/pages\/2111"}],"wp:attachment":[{"href":"https:\/\/www.filtrations-technik.de\/en\/wp-json\/wp\/v2\/media?parent=2135"}],"curies":[{"name":"wp","href":"https:\/\/api.w.org\/{rel}","templated":true}]}}