{"id":2436,"date":"2024-10-08T12:55:37","date_gmt":"2024-10-08T10:55:37","guid":{"rendered":"https:\/\/www.filtrations-technik.de\/webax-absolute-melt-blown-filter-bags-series-2\/"},"modified":"2025-07-17T16:46:18","modified_gmt":"2025-07-17T14:46:18","slug":"webax-absolute-melt-blown-filter-bags-series-2","status":"publish","type":"page","link":"https:\/\/www.filtrations-technik.de\/en\/products\/filter-media\/webax-filtration-bag\/filter-bag\/webax-absolute-melt-blown-filter-bags-series-2\/","title":{"rendered":"Series 2 &#8211; WeBaX Absolute Melt Blown filter bags"},"content":{"rendered":"\n<h1>\n\t\tSerie 2 &#8211; WeBaX Absolute Melt Blown Filterbeutel\n\t<\/h1>\n\t<p>Die Filtration von Bier, Wein und Spirituosen stellt viele Unternehmen vor erhebliche Herausforderungen: Wie l\u00e4sst sich eine konsistente Produktqualit\u00e4t sicherstellen, ohne Geschmack und Aroma zu beeintr\u00e4chtigen? Wie k\u00f6nnen feinste Partikel effizient herausgefiltert werden, ohne den Produktionsprozess durch h\u00e4ufige Filterwechsel zu st\u00f6ren?<\/p>\n<p>Genau hier setzt der WeBaX Absolute Melt Blown Filterbeutel Serie 2 von Schwegmann an. Unsere Filterbeutel bieten eine herausragende Filtrationsleistung, die selbst bei hohen Durchs\u00e4tzen und aggressiven Medien zuverl\u00e4ssigen Schutz bietet. Mit einer fein abgestuften Filtration zwischen 1 und 25 \u03bcm und einer verl\u00e4ngerten Standzeit reduzieren sie Produktionsunterbrechungen auf ein Minimum &#8211; f\u00fcr maximale Effizienz und geringere Betriebskosten.<\/p>\n\t\t\t\t\t<a href=\"#\" id=\"fl-accordion--label-0\" tabindex=\"0\" aria-controls=\"fl-accordion--panel-0\">Mehr lesen<\/a>\n\t\t\t\t\t\t\t\t\t\t\t<a href=\"#\" id=\"fl-accordion--icon-0\" tabindex=\"-1\"><i>Expand<\/i><\/a>\n\t\t\t\t\t<p>Diese WeBaX Filterbeutel bestehen aus einem hocheffizienten Melt-blown Filtermedium aus Polypropylen, das speziell auf anspruchsvolle Filtrationsprozesse ausgelegt ist. Zus\u00e4tzlich sorgt eine Schutzlage aus Polypropylen auf der Abstr\u00f6mseite daf\u00fcr, dass keine Fasern an die Fl\u00fcssigkeiten abgegeben werden.<\/p>\n<h3><strong>Ihre Vorteile auf einen Blick<\/strong><\/h3>\n<ul>\n<li><strong>Hochwertige Melt-blown-Mikrofasern<\/strong><br \/>\nHergestellt aus Polypropylen f\u00fcr maximale Schmutzaufnahme-kapazit\u00e4t und verl\u00e4ngerte Standzeiten.<\/li>\n<li><strong>Doppelte Schutzlage<\/strong><br \/>\nDie Schutzlage auf der Abstr\u00f6mseite verhindert jegliche Faserabgabe und gew\u00e4hrleistet eine besonders pr\u00e4zise Filtration.<\/li>\n<li><strong>Bypassfreie Filtration<\/strong><br \/>\nDank der vollst\u00e4ndig geschwei\u00dften Ausf\u00fchrung mit Kunststoffkragen wird eine 100% bypassfreie Filtration sichergestellt.<\/li>\n<li><strong>Hochflexible, chemisch best\u00e4ndige Abdichtung<\/strong><br \/>\nDer Kunststoffkragen passt sich jedem Filtergeh\u00e4use an und sorgt f\u00fcr eine sichere Abdichtung.<\/li>\n<li><strong>Effektive Filtration<\/strong><br \/>\nDie Beutel entfernen zuverl\u00e4ssig Feststoffe mit einer Feinheit zwischen 1 und 25 \u03bcm.<\/li>\n<li><strong>Keine R\u00fcckst\u00e4nde<\/strong><br \/>\nUnsere WeBaX Filterbeutel sind frei von Avivagen, Bindemitteln, Harzen oder oberfl\u00e4chenspannungs-ver\u00e4ndernden Substanzen.<\/li>\n<li><strong>Hydrophobe Mikrofasern<\/strong><br \/>\nDas Material der Filterbeutel erfordert eine vorherige Benetzung mit einer w\u00e4ssrigen L\u00f6sung, um bestm\u00f6gliche Ergebnisse. Eine Anleitung liegt den Filtern bei.<\/li>\n<\/ul>\n<h3><strong>F\u00fcr anspruchsvolle Anwendungen empfohlen<\/strong><\/h3>\n<p>Die <strong>WeBaX Absolute Melt Blown Filterbeutel Serie 2<\/strong> eignen sich ideal f\u00fcr Anwendungen, bei denen eine pr\u00e4zise Filtration und eine hygienische Entfernung feinster Partikel gefordert sind.<\/p>\n<p>Wie zum Beispiel in der:<\/p>\n<ul>\n<li>Getr\u00e4nkeindustrie (Bier, Wein, Spirituosen)<\/li>\n<li>Teilereinigung<\/li>\n<li>Lack- und Farbenherstellung<\/li>\n<li>Verfahrenstechnik (Aktivkohleabscheidung)<\/li>\n<li>Essigproduktion<\/li>\n<\/ul>\n<p>Entdecken Sie die exzellenten Eigenschaften unserer <strong>WeBaX Absolute Melt Blown Filterbeutel<\/strong> und optimieren Sie Ihre Filtrationsprozesse &#8211; f\u00fcr Ihre Fragen dazu haben wir immer ein offenes Ohr!<\/p>\n\t\t\t<a href=\"#musteranfrage\" target=\"_self\" rel=\"noopener\">\n\t\t\t\t\t\t\tMusteranfrage\n\t\t\t\t\t<\/a>\n\t\t\t<img decoding=\"async\" loading='false' src=\"https:\/\/www.filtrations-technik.de\/app\/uploads\/2024\/10\/webax_absolute_melt_blown_filterbeutel_serie_2.jpg\" alt=\"\" \/>\t\t\t\n\t\t\t<img decoding=\"async\" loading='false' src=\"https:\/\/www.filtrations-technik.de\/app\/uploads\/2024\/10\/webax_absolute_melt_blown_filterbeutel_serie_2-4.jpg\" alt=\"\" \/>\t\t\t\n\t\t\t<img decoding=\"async\" loading='false' src=\"https:\/\/www.filtrations-technik.de\/app\/uploads\/2024\/10\/webax_absolute_melt_blown_filterbeutel_serie_2-3.jpg\" alt=\"\" \/>\t\t\t\n\t\t\t<img decoding=\"async\" loading='false' src=\"https:\/\/www.filtrations-technik.de\/app\/uploads\/2024\/10\/webax_absolute_melt_blown_filterbeutel_serie_2-2.jpg\" alt=\"\" \/>\t\t\t\n\t\t\t\t<a href=\"#\" aria-label=\"previous\" role=\"button\">\n<\/a>\n\t\t\t\t<a href=\"#\" aria-label=\"next\" role=\"button\">\n<\/a>\n\n","protected":false},"excerpt":{"rendered":"<p>Serie 2 &#8211; WeBaX Absolute Melt Blown Filterbeutel Die Filtration von Bier, Wein und Spirituosen stellt viele Unternehmen vor erhebliche [&hellip;]<\/p>\n","protected":false},"author":1,"featured_media":0,"parent":3750,"menu_order":10,"comment_status":"closed","ping_status":"closed","template":"","meta":{"_acf_changed":false,"site-sidebar-layout":"no-sidebar","site-content-layout":"page-builder","ast-site-content-layout":"default","site-content-style":"default","site-sidebar-style":"default","ast-global-header-display":"","ast-banner-title-visibility":"","ast-main-header-display":"","ast-hfb-above-header-display":"","ast-hfb-below-header-display":"","ast-hfb-mobile-header-display":"","site-post-title":"disabled","ast-breadcrumbs-content":"","ast-featured-img":"disabled","footer-sml-layout":"","ast-disable-related-posts":"","theme-transparent-header-meta":"","adv-header-id-meta":"","stick-header-meta":"","header-above-stick-meta":"","header-main-stick-meta":"","header-below-stick-meta":"","astra-migrate-meta-layouts":"default","ast-page-background-enabled":"default","ast-page-background-meta":{"desktop":{"background-color":"var(--ast-global-color-4)","background-image":"","background-repeat":"repeat","background-position":"center center","background-size":"auto","background-attachment":"scroll","background-type":"","background-media":"","overlay-type":"","overlay-color":"","overlay-opacity":"","overlay-gradient":""},"tablet":{"background-color":"","background-image":"","background-repeat":"repeat","background-position":"center center","background-size":"auto","background-attachment":"scroll","background-type":"","background-media":"","overlay-type":"","overlay-color":"","overlay-opacity":"","overlay-gradient":""},"mobile":{"background-color":"","background-image":"","background-repeat":"repeat","background-position":"center center","background-size":"auto","background-attachment":"scroll","background-type":"","background-media":"","overlay-type":"","overlay-color":"","overlay-opacity":"","overlay-gradient":""}},"ast-content-background-meta":{"desktop":{"background-color":"var(--ast-global-color-5)","background-image":"","background-repeat":"repeat","background-position":"center center","background-size":"auto","background-attachment":"scroll","background-type":"","background-media":"","overlay-type":"","overlay-color":"","overlay-opacity":"","overlay-gradient":""},"tablet":{"background-color":"var(--ast-global-color-5)","background-image":"","background-repeat":"repeat","background-position":"center center","background-size":"auto","background-attachment":"scroll","background-type":"","background-media":"","overlay-type":"","overlay-color":"","overlay-opacity":"","overlay-gradient":""},"mobile":{"background-color":"var(--ast-global-color-5)","background-image":"","background-repeat":"repeat","background-position":"center center","background-size":"auto","background-attachment":"scroll","background-type":"","background-media":"","overlay-type":"","overlay-color":"","overlay-opacity":"","overlay-gradient":""}},"footnotes":""},"class_list":["post-2436","page","type-page","status-publish","hentry"],"acf":[],"_links":{"self":[{"href":"https:\/\/www.filtrations-technik.de\/en\/wp-json\/wp\/v2\/pages\/2436","targetHints":{"allow":["GET"]}}],"collection":[{"href":"https:\/\/www.filtrations-technik.de\/en\/wp-json\/wp\/v2\/pages"}],"about":[{"href":"https:\/\/www.filtrations-technik.de\/en\/wp-json\/wp\/v2\/types\/page"}],"author":[{"embeddable":true,"href":"https:\/\/www.filtrations-technik.de\/en\/wp-json\/wp\/v2\/users\/1"}],"replies":[{"embeddable":true,"href":"https:\/\/www.filtrations-technik.de\/en\/wp-json\/wp\/v2\/comments?post=2436"}],"version-history":[{"count":8,"href":"https:\/\/www.filtrations-technik.de\/en\/wp-json\/wp\/v2\/pages\/2436\/revisions"}],"predecessor-version":[{"id":5974,"href":"https:\/\/www.filtrations-technik.de\/en\/wp-json\/wp\/v2\/pages\/2436\/revisions\/5974"}],"up":[{"embeddable":true,"href":"https:\/\/www.filtrations-technik.de\/en\/wp-json\/wp\/v2\/pages\/3750"}],"wp:attachment":[{"href":"https:\/\/www.filtrations-technik.de\/en\/wp-json\/wp\/v2\/media?parent=2436"}],"curies":[{"name":"wp","href":"https:\/\/api.w.org\/{rel}","templated":true}]}}