{"id":2444,"date":"2024-10-08T11:15:27","date_gmt":"2024-10-08T09:15:27","guid":{"rendered":"https:\/\/www.filtrations-technik.de\/webax-high-flow-filter-bag-series-6\/"},"modified":"2025-07-18T08:59:39","modified_gmt":"2025-07-18T06:59:39","slug":"webax-high-flow-filter-bag-series-6","status":"publish","type":"page","link":"https:\/\/www.filtrations-technik.de\/en\/products\/filter-media\/webax-filtration-bag\/filter-bag\/webax-high-flow-filter-bag-series-6\/","title":{"rendered":"Series 6 &#8211; WeBaX High Flow filter bags"},"content":{"rendered":"\n<h1>\n\t\tSerie 6 &#8211; WeBaX High Flow Filterbeutel\n\t<\/h1>\n\t<p>\u00dcberlegene Durchflussleistung und Standzeit<\/p>\n\t<p>Entdecken Sie die neue Dimension der Filtration mit den WeBaX High Flow Filterbeuteln Serie 6 von Schwegmann. Unser Produkt kombiniert die Vorteile von Filterbeuteln und Filterkerzen, um Ihnen herausragende Filtrationseigenschaften zu bieten. Mit einer bis zu 65% gr\u00f6\u00dferen Oberfl\u00e4che als vergleichbare Filterbeutel erleben Sie eine beeindruckende Leistungssteigerung. <\/p>\n\t\t\t\t\t<a href=\"#\" id=\"fl-accordion--label-0\" tabindex=\"0\" aria-controls=\"fl-accordion--panel-0\">Mehr lesen<\/a>\n\t\t\t\t\t\t\t\t\t\t\t<a href=\"#\" id=\"fl-accordion--icon-0\" tabindex=\"-1\"><i>Expand<\/i><\/a>\n\t\t\t\t\t<p>Unsere <strong>High Flow Filterbeutel<\/strong> bieten eine Vielzahl von Vorteilen, die Ihre Filtrationsprozesse revolutionieren:<\/p>\n<ul>\n<li><strong>Erh\u00f6hte Durchflussmengen<\/strong><br \/>\nReduzieren Sie die Gr\u00f6\u00dfe Ihrer Filterkessel um bis zu 50%, dank der hohen Durchflusskapazit\u00e4t.<\/li>\n<li><strong>Verl\u00e4ngerte Standzeiten<\/strong><br \/>\nErleben Sie bis zu f\u00fcnf-mal l\u00e4ngere Standzeiten im Vergleich zu herk\u00f6mmlichen Filterbeuteln und reduzieren Sie so Ihre Wartungs- und Umr\u00fcstkosten.<\/li>\n<li><strong>Reduzierte Restfl\u00fcssigkeit<\/strong><br \/>\nUnsere Filterbeutel enthalten nur 25% der Restfl\u00fcssigkeit.<\/li>\n<li><strong>Keine Byp\u00e4sse<\/strong><br \/>\nDer Kunststoffkragen und die 100% geschwei\u00dften N\u00e4hte verhindern zuverl\u00e4ssig Byp\u00e4sse.<\/li>\n<li><strong>Erstklassige Effizienz<\/strong><br \/>\nBis zu 35-mal effektiver als Standardfilterkerzen und damit ideal f\u00fcr anspruchsvolle Anwendungen.<\/li>\n<li><strong>Geringerer Differenzdruck<\/strong><br \/>\nSenken Sie den Energieverbrauch durch einen reduzierten Differenzdruck.<\/li>\n<li><strong>Kosteneffizienz<\/strong><br \/>\nProfitieren Sie im Vergleich zu anderen L\u00f6sungen von einem \u00e4u\u00dferst preiswerten System.<\/li>\n<li><strong>Einfache Wartung<\/strong><br \/>\nDie solide Zylinderkonstruktion erm\u00f6glicht eine unkomplizierte und kosteng\u00fcnstige Wartung.<\/li>\n<\/ul>\n<p>Die <strong>WeBaX High Flow Filterbeutel<\/strong> lassen sich problemlos in vorhandene Filtergeh\u00e4use einsetzen, ohne dass eine Kesselmodifikation erforderlich ist. Der Austausch der Filterelemente gestaltet sich schnell und einfach, was Ihre Wartungszeiten deutlich verk\u00fcrzt.<\/p>\n<h3><strong>Vielf\u00e4ltige Anwendungsbereiche<\/strong><\/h3>\n<p>Unsere <strong>WeBaX High Flow Filterbeutel Serie 6<\/strong> sind f\u00fcr ein breites Spektrum von Prozessanwendungen geeignet:<\/p>\n<ul>\n<li>Farben und Lacke<\/li>\n<li>Tinten und Dispersionen<\/li>\n<li>Harze<\/li>\n<li>Wasser- und Abwasseraufbereitung<\/li>\n<li>L\u00f6sungsmittel<\/li>\n<li>Schmierstoffe und Fl\u00fcssigkeiten in der Metallverarbeitung<\/li>\n<li>L\u00f6semittel- und wasserhaltige Reiniger in Metallwaschanlagen<\/li>\n<li>\u00d6l- und Gasf\u00f6rderung sowie -verarbeitung<\/li>\n<li>Trinkwasser<\/li>\n<li>Bier und Wein<\/li>\n<li>Speise\u00f6le<\/li>\n<li>und vieles mehr<\/li>\n<\/ul>\n<p><strong>Beutelausf\u00fchrung nach Wettbewerbsgeh\u00e4usen<\/strong><\/p>\n<p>Bevor Sie die Serie 6 High Flow Filterbeutel einsetzen, pr\u00fcfen Sie bitte die Kompatibilit\u00e4t mit Ihrem Geh\u00e4usehersteller, der Geh\u00e4usebauart und dem Baujahr. Wir unterst\u00fctzen Sie gerne dabei, ob Sie bereits vorhandene St\u00fctzk\u00f6rbe nutzen oder neue ben\u00f6tigen. Zus\u00e4tzlich bieten wir passende St\u00fctzk\u00f6rbe an, um eine perfekte Passform und maximale Leistung zu gew\u00e4hrleisten.<\/p>\n<p>Nutzen Sie die fortschrittliche Technologie der <strong>WeBaX High Flow Filterbeutel Serie 6<\/strong>, um Ihre Filtrationsprozesse zu optimieren und gleichzeitig Betriebskosten zu senken. Unser engagiertes Service-Team steht Ihnen bei Fragen oder f\u00fcr eine individuelle Beratung gerne zur Verf\u00fcgung.<\/p>\n\t\t\t<a href=\"#musteranfrage\" target=\"_self\" rel=\"noopener\">\n\t\t\t\t\t\t\tMusteranfrage\n\t\t\t\t\t<\/a>\n<h3>\n\t\tSFT-Standard\n\t<\/h3>\n\t\t\t<img decoding=\"async\" loading='false' src=\"https:\/\/www.filtrations-technik.de\/app\/uploads\/2024\/12\/WeBaX-Serie-6-SFT-Standard-02-1.jpg\" alt=\"\" \/>\t\t\t\n\t\t\t<img decoding=\"async\" loading='false' src=\"https:\/\/www.filtrations-technik.de\/app\/uploads\/2024\/12\/WeBaX-Serie-6-SFT-Standard-03-1.jpg\" alt=\"\" \/>\t\t\t\n\t\t\t<img decoding=\"async\" loading='false' src=\"https:\/\/www.filtrations-technik.de\/app\/uploads\/2024\/12\/WeBaX-Serie-6-SFT-Standard-04-1.jpg\" alt=\"\" \/>\t\t\t\n\t\t\t<img decoding=\"async\" loading='false' src=\"https:\/\/www.filtrations-technik.de\/app\/uploads\/2024\/12\/WeBaX-Serie-6-SFT-Standard-05-1.jpg\" alt=\"\" \/>\t\t\t\n\t\t\t<img decoding=\"async\" loading='false' src=\"https:\/\/www.filtrations-technik.de\/app\/uploads\/2024\/12\/WeBaX-Serie-6-SFT-Standard-06-1.jpg\" alt=\"\" \/>\t\t\t\n\t\t\t<img decoding=\"async\" loading='false' src=\"https:\/\/www.filtrations-technik.de\/app\/uploads\/2024\/12\/WeBaX-Serie-6-SFT-Standard-07-1.jpg\" alt=\"\" \/>\t\t\t\n\t\t\t<img decoding=\"async\" loading='false' src=\"https:\/\/www.filtrations-technik.de\/app\/uploads\/2024\/12\/WeBaX-Serie-6-SFT-Standard-08-1.jpg\" alt=\"\" \/>\t\t\t\n\t\t\t<img decoding=\"async\" loading='false' src=\"https:\/\/www.filtrations-technik.de\/app\/uploads\/2024\/12\/WeBaX-Serie-6-SFT-Standard-09-1.jpg\" alt=\"\" \/>\t\t\t\n\t\t\t\t<a href=\"#\" aria-label=\"previous\" role=\"button\">\n<\/a>\n\t\t\t\t<a href=\"#\" aria-label=\"next\" role=\"button\">\n<\/a>\n<h3>\n\t\tWeitere Designs\n\t<\/h3>\n\t\t\t<img decoding=\"async\" loading='false' src=\"https:\/\/www.filtrations-technik.de\/app\/uploads\/2024\/12\/WeBaX-Serie-6-weitere-Designs-01-1.jpg\" alt=\"\" \/>\t\t\t\n\t\t\t<img decoding=\"async\" loading='false' src=\"https:\/\/www.filtrations-technik.de\/app\/uploads\/2024\/12\/WeBaX-Serie-6-weitere-Designs-02-1.jpg\" alt=\"\" \/>\t\t\t\n\t\t\t<img decoding=\"async\" loading='false' src=\"https:\/\/www.filtrations-technik.de\/app\/uploads\/2024\/12\/WeBaX-Serie-6-weitere-Designs-03-1.jpg\" alt=\"\" \/>\t\t\t\n\t\t\t<img decoding=\"async\" loading='false' src=\"https:\/\/www.filtrations-technik.de\/app\/uploads\/2024\/12\/WeBaX-Serie-6-weitere-Designs-04-1.jpg\" alt=\"\" \/>\t\t\t\n\t\t\t<img decoding=\"async\" loading='false' src=\"https:\/\/www.filtrations-technik.de\/app\/uploads\/2024\/12\/WeBaX-Serie-6-weitere-Designs-05-1.jpg\" alt=\"\" \/>\t\t\t\n\t\t\t<img decoding=\"async\" loading='false' src=\"https:\/\/www.filtrations-technik.de\/app\/uploads\/2024\/12\/WeBaX-Serie-6-weitere-Designs-06-1.jpg\" alt=\"\" \/>\t\t\t\n\t\t\t<img decoding=\"async\" loading='false' src=\"https:\/\/www.filtrations-technik.de\/app\/uploads\/2024\/12\/WeBaX-Serie-6-weitere-Designs-07-1.jpg\" alt=\"\" \/>\t\t\t\n\t\t\t\t<a href=\"#\" aria-label=\"previous\" role=\"button\">\n<\/a>\n\t\t\t\t<a href=\"#\" aria-label=\"next\" role=\"button\">\n<\/a>\n\t\n<table id=\"tablepress-75\" class=\"tablepress tablepress-id-75\">\n<thead>\n<tr class=\"row-1\">\n\t<th class=\"column-1\">Sizes in cm<\/th><td class=\"column-2\"><\/td><td class=\"column-3\"><\/td>\n<\/tr>\n<\/thead>\n<tbody class=\"row-hover\">\n<tr class=\"row-2\">\n\t<td class=\"column-1\"><\/td><td class=\"column-2\">R1<\/td><td class=\"column-3\">R2<\/td>\n<\/tr>\n<tr class=\"row-3\">\n\t<td class=\"column-1\"><img decoding=\"async\" src=\"https:\/\/www.filtrations-technik.de\/app\/uploads\/2024\/09\/durchmesser.png\" alt=\"\" width=\"13\" height=\"14\" class=\"alignnone size-full wp-image-267\" \/><\/td><td class=\"column-2\">18<\/td><td class=\"column-3\">18<\/td>\n<\/tr>\n<tr class=\"row-4\">\n\t<td class=\"column-1\"><img decoding=\"async\" src=\"https:\/\/www.filtrations-technik.de\/app\/uploads\/2024\/09\/dimensions_length.png\" alt=\"\" width=\"16\" height=\"16\" class=\"alignnone size-full wp-image-268\" \/> L<\/td><td class=\"column-2\">35<\/td><td class=\"column-3\">70<\/td>\n<\/tr>\n<\/tbody>\n<\/table>\n<!-- #tablepress-75 from cache -->\n\t\n<table id=\"tablepress-76\" class=\"tablepress tablepress-id-76\">\n<thead>\n<tr class=\"row-1\">\n\t<th class=\"column-1\">Code<\/th><td class=\"column-2\"><\/td><td class=\"column-3\"><\/td><td class=\"column-4\"><\/td><td class=\"column-5\"><\/td><td class=\"column-6\"><\/td><td class=\"column-7\"><\/td>\n<\/tr>\n<\/thead>\n<tbody class=\"row-hover\">\n<tr class=\"row-2\">\n\t<td class=\"column-1\">Filter medium<\/td><td class=\"column-2\">Series<\/td><td class=\"column-3\">Fineness<\/td><td class=\"column-4\">Size<\/td><td class=\"column-5\">Collar<\/td><td class=\"column-6\">Version<\/td><td class=\"column-7\">Bottom<\/td>\n<\/tr>\n<tr class=\"row-3\">\n\t<td class=\"column-1\">P<\/td><td class=\"column-2\">6<\/td><td class=\"column-3\">50<\/td><td class=\"column-4\">R2<\/td><td class=\"column-5\">K<\/td><td class=\"column-6\">H<\/td><td class=\"column-7\">K<\/td>\n<\/tr>\n<\/tbody>\n<\/table>\n<!-- #tablepress-76 from cache -->\n\n","protected":false},"excerpt":{"rendered":"<p>Serie 6 &#8211; WeBaX High Flow Filterbeutel \u00dcberlegene Durchflussleistung und Standzeit Entdecken Sie die neue Dimension der Filtration mit den [&hellip;]<\/p>\n","protected":false},"author":1,"featured_media":0,"parent":3750,"menu_order":10,"comment_status":"closed","ping_status":"closed","template":"","meta":{"_acf_changed":false,"site-sidebar-layout":"no-sidebar","site-content-layout":"page-builder","ast-site-content-layout":"default","site-content-style":"default","site-sidebar-style":"default","ast-global-header-display":"","ast-banner-title-visibility":"","ast-main-header-display":"","ast-hfb-above-header-display":"","ast-hfb-below-header-display":"","ast-hfb-mobile-header-display":"","site-post-title":"disabled","ast-breadcrumbs-content":"","ast-featured-img":"disabled","footer-sml-layout":"","ast-disable-related-posts":"","theme-transparent-header-meta":"","adv-header-id-meta":"","stick-header-meta":"","header-above-stick-meta":"","header-main-stick-meta":"","header-below-stick-meta":"","astra-migrate-meta-layouts":"default","ast-page-background-enabled":"default","ast-page-background-meta":{"desktop":{"background-color":"var(--ast-global-color-4)","background-image":"","background-repeat":"repeat","background-position":"center center","background-size":"auto","background-attachment":"scroll","background-type":"","background-media":"","overlay-type":"","overlay-color":"","overlay-opacity":"","overlay-gradient":""},"tablet":{"background-color":"","background-image":"","background-repeat":"repeat","background-position":"center center","background-size":"auto","background-attachment":"scroll","background-type":"","background-media":"","overlay-type":"","overlay-color":"","overlay-opacity":"","overlay-gradient":""},"mobile":{"background-color":"","background-image":"","background-repeat":"repeat","background-position":"center center","background-size":"auto","background-attachment":"scroll","background-type":"","background-media":"","overlay-type":"","overlay-color":"","overlay-opacity":"","overlay-gradient":""}},"ast-content-background-meta":{"desktop":{"background-color":"var(--ast-global-color-5)","background-image":"","background-repeat":"repeat","background-position":"center center","background-size":"auto","background-attachment":"scroll","background-type":"","background-media":"","overlay-type":"","overlay-color":"","overlay-opacity":"","overlay-gradient":""},"tablet":{"background-color":"var(--ast-global-color-5)","background-image":"","background-repeat":"repeat","background-position":"center center","background-size":"auto","background-attachment":"scroll","background-type":"","background-media":"","overlay-type":"","overlay-color":"","overlay-opacity":"","overlay-gradient":""},"mobile":{"background-color":"var(--ast-global-color-5)","background-image":"","background-repeat":"repeat","background-position":"center center","background-size":"auto","background-attachment":"scroll","background-type":"","background-media":"","overlay-type":"","overlay-color":"","overlay-opacity":"","overlay-gradient":""}},"footnotes":""},"class_list":["post-2444","page","type-page","status-publish","hentry"],"acf":[],"_links":{"self":[{"href":"https:\/\/www.filtrations-technik.de\/en\/wp-json\/wp\/v2\/pages\/2444","targetHints":{"allow":["GET"]}}],"collection":[{"href":"https:\/\/www.filtrations-technik.de\/en\/wp-json\/wp\/v2\/pages"}],"about":[{"href":"https:\/\/www.filtrations-technik.de\/en\/wp-json\/wp\/v2\/types\/page"}],"author":[{"embeddable":true,"href":"https:\/\/www.filtrations-technik.de\/en\/wp-json\/wp\/v2\/users\/1"}],"replies":[{"embeddable":true,"href":"https:\/\/www.filtrations-technik.de\/en\/wp-json\/wp\/v2\/comments?post=2444"}],"version-history":[{"count":6,"href":"https:\/\/www.filtrations-technik.de\/en\/wp-json\/wp\/v2\/pages\/2444\/revisions"}],"predecessor-version":[{"id":5977,"href":"https:\/\/www.filtrations-technik.de\/en\/wp-json\/wp\/v2\/pages\/2444\/revisions\/5977"}],"up":[{"embeddable":true,"href":"https:\/\/www.filtrations-technik.de\/en\/wp-json\/wp\/v2\/pages\/3750"}],"wp:attachment":[{"href":"https:\/\/www.filtrations-technik.de\/en\/wp-json\/wp\/v2\/media?parent=2444"}],"curies":[{"name":"wp","href":"https:\/\/api.w.org\/{rel}","templated":true}]}}