{"id":2707,"date":"2024-10-08T10:58:27","date_gmt":"2024-10-08T08:58:27","guid":{"rendered":"https:\/\/www.filtrations-technik.de\/products\/webax-filtration-bag\/webax-food-grade-filter-bags-series-5\/"},"modified":"2025-07-17T16:47:56","modified_gmt":"2025-07-17T14:47:56","slug":"webax-food-grade-filter-bags-series-5","status":"publish","type":"page","link":"https:\/\/www.filtrations-technik.de\/en\/products\/filter-media\/webax-filtration-bag\/filter-bag\/webax-food-grade-filter-bags-series-5\/","title":{"rendered":"Series 5 &#8211; WeBaX Food-grade filter bags"},"content":{"rendered":"\n<h1>\n\t\tWeBaX Lebensmittelkonforme Filterbeutel Serie 5\n\t<\/h1>\n\t<p>Ihre sichere Wahl f\u00fcr hygienische Filtration<\/p>\n\t<p>In der Lebensmittelindustrie ist die sichere und effiziente Filtration entscheidend, um Produktqualit\u00e4t und Hygiene zu gew\u00e4hrleisten. Verunreinigungen und unsichere Materialien k\u00f6nnen Produktionsprozesse stark beeintr\u00e4chtigen. Ein gro\u00dfes Risiko f\u00fcr die Lebensmittelsicherheit.<\/p>\n<p>Die <strong>WeBaX Lebensmittelkonformen Filterbeutel Serie 5<\/strong> von Schwegmann bieten eine zuverl\u00e4ssige L\u00f6sung, die speziell f\u00fcr den Einsatz in der Lebensmittelverarbeitung entwickelt wurde. Die Filter erf\u00fcllen h\u00f6chste Anforderungen an Sauberkeit, Effizienz und Gesetzeskonformit\u00e4t.<\/p>\n\t\t\t\t\t<a href=\"#\" id=\"fl-accordion--label-0\" tabindex=\"0\" aria-controls=\"fl-accordion--panel-0\">Mehr lesen<\/a>\n\t\t\t\t\t\t\t\t\t\t\t<a href=\"#\" id=\"fl-accordion--icon-0\" tabindex=\"-1\"><i>Expand<\/i><\/a>\n\t\t\t\t\t<p><strong>Sicherheit durch Einhaltung strenger Vorschriften<\/strong><\/p>\n<p>Unsere lebensmittelkonformen Filterbeutel entsprechen den folgenden gesetzlichen Verordnungen:<\/p>\n<ul>\n<li>EG Verordnung Nr. 1935\/2004: Materialien und Gegenst\u00e4nde, die dazu bestimmt sind, mit Lebensmitteln in Ber\u00fchrung zu kommen.<\/li>\n<li>EU Verordnung Nr. 10\/2011: Kunststoffmaterialien und -gegenst\u00e4nde, die in Kontakt mit Lebensmitteln kommen.<\/li>\n<li>EG Verordnung Nr. 2023\/2006: Gute Herstellungspraxis f\u00fcr Materialien und Gegenst\u00e4nde, die f\u00fcr den Kontakt mit Lebensmitteln vorgesehen sind (GMP: Good Manufacturing Practice)<\/li>\n<\/ul>\n<p>Jeder Filterbeutel wird einzeln verpackt, um h\u00f6chste Hygiene und Sicherheit w\u00e4hrend des Transports und der Lagerung zu gew\u00e4hrleisten.<\/p>\n<p><strong>Ihre Vorteile auf einen Blick<\/strong><\/p>\n<ul>\n<li><strong>Lebensmittelkonform<\/strong><br \/>\nHergestellt nach den strengsten EU- und EG-Vorgaben f\u00fcr Materialien, die mit Lebensmitteln in Kontakt kommen.<\/li>\n<li><strong>Sichere Verpackung<\/strong><br \/>\nJeder Filterbeutel wird einzeln verpackt, um Kontaminationen zu vermeiden und Hygiene zu gew\u00e4hrleisten.<\/li>\n<li><strong>Flexibilit\u00e4t und Verf\u00fcgbarkeit<\/strong><br \/>\nUnsere Filterbeutel sind speziell auf die Anforderungen der Lebensmittelindustrie zugeschnitten und bieten h\u00f6chste Verl\u00e4sslichkeit.<\/li>\n<\/ul>\n<p><strong>Perfekt geeignet f\u00fcr verschiedene Anwendungen<\/strong><\/p>\n<p>Die WeBaX Lebensmittelkonformen Filterbeutel Serie 5 sind ideal f\u00fcr den Einsatz in der Lebensmittelproduktion und -verarbeitung. Sie garantieren eine sichere und effiziente Filtration in einer Vielzahl von Anwendungen, wie zum Beispiel:<\/p>\n<ul>\n<li>Speise\u00f6le<\/li>\n<li>Getr\u00e4nke<\/li>\n<li>Sirupe, Zuckerl\u00f6sungen und Fl\u00fcssigzucker<\/li>\n<li>Milchprodukte<\/li>\n<li>Saucen und Dressings<\/li>\n<li>nat\u00fcrliche Extrakte<\/li>\n<\/ul>\n<p><strong>Weitere Anwendungen:<\/strong><\/p>\n<ul>\n<li>Life Sciences (Pharma, Biotechnologie, Forschung und Entwicklung)\n<ul>\n<li>Kosmetik (K\u00f6rper- und Hautpflegeprodukte, Naturkosmetik)<\/li>\n<li>Pharmazeutische Wirkstoffe<\/li>\n<li>Aromen und Duftstoffe<\/li>\n<\/ul>\n<\/li>\n<li>Verpackungsmittelindustrie \/ Druck von Lebensmittelverpackungen<\/li>\n<li>Farben und Lacke f\u00fcr z. B. Kinderspielzeug<\/li>\n<\/ul>\n<p>F\u00fcr weitere Informationen oder spezifische Fragen steht Ihnen unser freundliches Team gerne zur Verf\u00fcgung. Kontaktieren Sie uns &#8211; wir beraten Sie gerne zu passenden Filtrationsl\u00f6sungen!<\/p>\n\t\t\t<img decoding=\"async\" loading='false' src=\"https:\/\/schwegmann.testflotte5.de\/app\/uploads\/2024\/10\/webax_lebensmittelkonforme_filterbeutel_serie_5-4.jpg\" alt=\"\" \/>\t\t\t\n\t\t\t<img decoding=\"async\" loading='false' src=\"https:\/\/schwegmann.testflotte5.de\/app\/uploads\/2024\/10\/webax_lebensmittelkonforme_filterbeutel_serie_5-3.jpg\" alt=\"\" \/>\t\t\t\n\t\t\t<img decoding=\"async\" loading='false' src=\"https:\/\/schwegmann.testflotte5.de\/app\/uploads\/2024\/10\/webax_lebensmittelkonforme_filterbeutel_serie_5-2.jpg\" alt=\"\" \/>\t\t\t\n\t\t\t<img decoding=\"async\" loading='false' src=\"https:\/\/schwegmann.testflotte5.de\/app\/uploads\/2024\/10\/webax_lebensmittelkonforme_filterbeutel_serie_5.jpg\" alt=\"\" \/>\t\t\t\n\t\t\t\t<a href=\"#\" aria-label=\"previous\" role=\"button\">\n<\/a>\n\t\t\t\t<a href=\"#\" aria-label=\"next\" role=\"button\">\n<\/a>\n\n","protected":false},"excerpt":{"rendered":"<p>WeBaX Lebensmittelkonforme Filterbeutel Serie 5 Ihre sichere Wahl f\u00fcr hygienische Filtration In der Lebensmittelindustrie ist die sichere und effiziente Filtration [&hellip;]<\/p>\n","protected":false},"author":1,"featured_media":0,"parent":3750,"menu_order":10,"comment_status":"closed","ping_status":"closed","template":"","meta":{"_acf_changed":false,"site-sidebar-layout":"no-sidebar","site-content-layout":"page-builder","ast-site-content-layout":"default","site-content-style":"default","site-sidebar-style":"default","ast-global-header-display":"","ast-banner-title-visibility":"","ast-main-header-display":"","ast-hfb-above-header-display":"","ast-hfb-below-header-display":"","ast-hfb-mobile-header-display":"","site-post-title":"disabled","ast-breadcrumbs-content":"","ast-featured-img":"disabled","footer-sml-layout":"","ast-disable-related-posts":"","theme-transparent-header-meta":"","adv-header-id-meta":"","stick-header-meta":"","header-above-stick-meta":"","header-main-stick-meta":"","header-below-stick-meta":"","astra-migrate-meta-layouts":"default","ast-page-background-enabled":"default","ast-page-background-meta":{"desktop":{"background-color":"var(--ast-global-color-4)","background-image":"","background-repeat":"repeat","background-position":"center center","background-size":"auto","background-attachment":"scroll","background-type":"","background-media":"","overlay-type":"","overlay-color":"","overlay-opacity":"","overlay-gradient":""},"tablet":{"background-color":"","background-image":"","background-repeat":"repeat","background-position":"center center","background-size":"auto","background-attachment":"scroll","background-type":"","background-media":"","overlay-type":"","overlay-color":"","overlay-opacity":"","overlay-gradient":""},"mobile":{"background-color":"","background-image":"","background-repeat":"repeat","background-position":"center center","background-size":"auto","background-attachment":"scroll","background-type":"","background-media":"","overlay-type":"","overlay-color":"","overlay-opacity":"","overlay-gradient":""}},"ast-content-background-meta":{"desktop":{"background-color":"var(--ast-global-color-5)","background-image":"","background-repeat":"repeat","background-position":"center center","background-size":"auto","background-attachment":"scroll","background-type":"","background-media":"","overlay-type":"","overlay-color":"","overlay-opacity":"","overlay-gradient":""},"tablet":{"background-color":"var(--ast-global-color-5)","background-image":"","background-repeat":"repeat","background-position":"center center","background-size":"auto","background-attachment":"scroll","background-type":"","background-media":"","overlay-type":"","overlay-color":"","overlay-opacity":"","overlay-gradient":""},"mobile":{"background-color":"var(--ast-global-color-5)","background-image":"","background-repeat":"repeat","background-position":"center center","background-size":"auto","background-attachment":"scroll","background-type":"","background-media":"","overlay-type":"","overlay-color":"","overlay-opacity":"","overlay-gradient":""}},"footnotes":""},"class_list":["post-2707","page","type-page","status-publish","hentry"],"acf":[],"_links":{"self":[{"href":"https:\/\/www.filtrations-technik.de\/en\/wp-json\/wp\/v2\/pages\/2707","targetHints":{"allow":["GET"]}}],"collection":[{"href":"https:\/\/www.filtrations-technik.de\/en\/wp-json\/wp\/v2\/pages"}],"about":[{"href":"https:\/\/www.filtrations-technik.de\/en\/wp-json\/wp\/v2\/types\/page"}],"author":[{"embeddable":true,"href":"https:\/\/www.filtrations-technik.de\/en\/wp-json\/wp\/v2\/users\/1"}],"replies":[{"embeddable":true,"href":"https:\/\/www.filtrations-technik.de\/en\/wp-json\/wp\/v2\/comments?post=2707"}],"version-history":[{"count":8,"href":"https:\/\/www.filtrations-technik.de\/en\/wp-json\/wp\/v2\/pages\/2707\/revisions"}],"predecessor-version":[{"id":5976,"href":"https:\/\/www.filtrations-technik.de\/en\/wp-json\/wp\/v2\/pages\/2707\/revisions\/5976"}],"up":[{"embeddable":true,"href":"https:\/\/www.filtrations-technik.de\/en\/wp-json\/wp\/v2\/pages\/3750"}],"wp:attachment":[{"href":"https:\/\/www.filtrations-technik.de\/en\/wp-json\/wp\/v2\/media?parent=2707"}],"curies":[{"name":"wp","href":"https:\/\/api.w.org\/{rel}","templated":true}]}}