{"id":2711,"date":"2024-09-04T10:07:14","date_gmt":"2024-09-04T08:07:14","guid":{"rendered":"https:\/\/www.filtrations-technik.de\/products\/filter-media\/screen-fabrics-needle-felts\/screen-mesh-made-of-plastic\/"},"modified":"2025-07-07T12:41:42","modified_gmt":"2025-07-07T10:41:42","slug":"screen-mesh-made-of-plastic","status":"publish","type":"page","link":"https:\/\/www.filtrations-technik.de\/en\/products\/filter-media\/screen-fabrics-needle-felts\/screen-mesh-made-of-plastic\/","title":{"rendered":"Monofilament textile"},"content":{"rendered":"\n<h1>\n\t\tSiebgewebe aus Kunststoff\n\t<\/h1>\n\t<p>F\u00fcr die Herstellung unserer Produkte verwenden wir Siebgewebe ausgesuchter Lieferanten. Die Materialien unterliegen einer st\u00e4ndigen Kontrolle, wodurch eine stets hohe und gleichbleibende Qualit\u00e4t erreicht wird.<\/p>\n\t<p>Das monofile Siebgewebe besteht aus glatten und gleichm\u00e4\u00dfigen (monofilen) F\u00e4den. Die Werte der Siebgewebe\u00f6ffnungen sind genau festgelegt und nachzumessen. Das Siebgewebe wird thermofixiert und erlangt somit seine Maschenfestigkeit. Mit monofilem Gewebe k\u00f6nnen definierte Partikelgr\u00f6\u00dfen an der Oberfl\u00e4che des Gewebes zur\u00fcckgehalten werden. Das Sieben ist grunds\u00e4tzlich ein Klassieren definierter Partikelgr\u00f6\u00dfen mit einer hohen Trennsch\u00e4rfe. <\/p>\n<p>Wir empfehlen f\u00fcr S\u00e4uren Siebgewebe aus Polyester und f\u00fcr Laugen Siebgewebe aus Polyamid. Auf Anfrage bieten wir Ihnen auch Polypropylen und viele weitere Werkstoffe an. F\u00fcr eine antistatische Ausf\u00fchrung empfehlen wir unser Polyamid Siebgewebe mit Carbonfasern.<\/p>\n<p>Unsere auf Lager liegenden Standard Rollenbreiten sind zwischen 60 bis 120 cm breit. Weitere Breiten sind auf Anfrage erh\u00e4ltlich. Siebgewebe Zuschnitte per Laser oder Stanzteile bieten wir Ihnen in allen Formen und Abmessungen gerne an.<\/p>\n\t\t\t<a href=\"#musteranfrage\" target=\"_self\" rel=\"noopener\">\n\t\t\t\t\t\t\tMusteranfrage\n\t\t\t\t\t<\/a>\n\t\t\t<img decoding=\"async\" loading='false' src=\"https:\/\/www.filtrations-technik.de\/app\/uploads\/2024\/09\/01_Siebgewebe_und_Nadelfilze_01_Siebgewebe.jpg\" alt=\"\" \/>\t\t\t\n\t\t\t<img decoding=\"async\" loading='false' src=\"https:\/\/www.filtrations-technik.de\/app\/uploads\/2024\/09\/01_Siebgewebe_und_Nadelfilze_01_Siebgewebe_Detail_01.jpg\" alt=\"\" \/>\t\t\t\n\t\t\t<img decoding=\"async\" loading='false' src=\"https:\/\/www.filtrations-technik.de\/app\/uploads\/2024\/09\/01_Siebgewebe_und_Nadelfilze_02_Carbon-Siebgewebe.jpg\" alt=\"\" \/>\t\t\t\n\t\t\t<img decoding=\"async\" loading='false' src=\"https:\/\/www.filtrations-technik.de\/app\/uploads\/2024\/09\/01_Siebgewebe_und_Nadelfilze_02_Carbon-Siebgewebe_Detail_01.jpg\" alt=\"\" \/>\t\t\t\n\t\t\t\t<a href=\"#\" aria-label=\"previous\" role=\"button\">\n<\/a>\n\t\t\t\t<a href=\"#\" aria-label=\"next\" role=\"button\">\n<\/a>\n\t\n<table id=\"tablepress-48\" class=\"tablepress tablepress-id-48\">\n<thead>\n<tr class=\"row-1\">\n\t<th class=\"column-1\">Code<\/th><td class=\"column-2\"><\/td><td class=\"column-3\"><\/td>\n<\/tr>\n<\/thead>\n<tbody class=\"row-hover\">\n<tr class=\"row-2\">\n\t<td class=\"column-1\">Filter medium<\/td><td class=\"column-2\">Mesh opening<\/td><td class=\"column-3\">Width of textile<\/td>\n<\/tr>\n<tr class=\"row-3\">\n\t<td class=\"column-1\">PA<\/td><td class=\"column-2\">100<\/td><td class=\"column-3\">105<\/td>\n<\/tr>\n<\/tbody>\n<\/table>\n<!-- #tablepress-48 from cache -->\n\t\n<table id=\"tablepress-49\" class=\"tablepress tablepress-id-49 rotate\">\n<thead>\n<tr class=\"row-1\">\n\t<th class=\"column-1\">Filter medium<\/th><th class=\"column-2\">Code<\/th><th colspan=\"25\" class=\"column-3\">Mesh size in microns<\/th>\n<\/tr>\n<\/thead>\n<tbody class=\"row-hover\">\n<tr class=\"row-2\">\n\t<td class=\"column-1\"><\/td><td class=\"column-2\"><\/td><td class=\"column-3\">1<\/td><td class=\"column-4\">5<\/td><td class=\"column-5\">10<\/td><td class=\"column-6\">15<\/td><td class=\"column-7\">25<\/td><td class=\"column-8\">30<\/td><td class=\"column-9\">50<\/td><td class=\"column-10\">56<\/td><td class=\"column-11\">60<\/td><td class=\"column-12\">70<\/td><td class=\"column-13\">80<\/td><td class=\"column-14\">100<\/td><td class=\"column-15\">125<\/td><td class=\"column-16\">150<\/td><td class=\"column-17\">180<\/td><td class=\"column-18\">200<\/td><td class=\"column-19\">250<\/td><td class=\"column-20\">300<\/td><td class=\"column-21\">400<\/td><td class=\"column-22\">500<\/td><td class=\"column-23\">600<\/td><td class=\"column-24\">700<\/td><td class=\"column-25\">800<\/td><td class=\"column-26\">1.000<\/td><td class=\"column-27\">1.320<\/td>\n<\/tr>\n<tr class=\"row-3\">\n\t<td class=\"column-1\">Polyamide monofilament<\/td><td class=\"column-2\">PA<\/td><td class=\"column-3\"><strong>&bull;<\/strong><\/td><td class=\"column-4\"><strong>&bull;<\/strong><\/td><td class=\"column-5\"><strong>&bull;<\/strong><\/td><td class=\"column-6\"><strong>&bull;<\/strong><\/td><td class=\"column-7\"><strong>&bull;<\/strong><\/td><td class=\"column-8\"><strong>&bull;<\/strong><\/td><td class=\"column-9\"><strong>&bull;<\/strong><\/td><td class=\"column-10\"><strong>&bull;<\/strong><\/td><td class=\"column-11\"><strong>&bull;<\/strong><\/td><td class=\"column-12\"><strong>&bull;<\/strong><\/td><td class=\"column-13\"><strong>&bull;<\/strong><\/td><td class=\"column-14\"><strong>&bull;<\/strong><\/td><td class=\"column-15\"><strong>&bull;<\/strong><\/td><td class=\"column-16\"><strong>&bull;<\/strong><\/td><td class=\"column-17\"><strong>&bull;<\/strong><\/td><td class=\"column-18\"><strong>&bull;<\/strong><\/td><td class=\"column-19\"><strong>&bull;<\/strong><\/td><td class=\"column-20\"><strong>&bull;<\/strong><\/td><td class=\"column-21\"><strong>&bull;<\/strong><\/td><td class=\"column-22\"><strong>&bull;<\/strong><\/td><td class=\"column-23\"><strong>&bull;<\/strong><\/td><td class=\"column-24\"><strong>&bull;<\/strong><\/td><td class=\"column-25\"><strong>&bull;<\/strong><\/td><td class=\"column-26\"><strong>&bull;<\/strong><\/td><td class=\"column-27\"><strong>&bull;<\/strong><\/td>\n<\/tr>\n<tr class=\"row-4\">\n\t<td class=\"column-1\">Polyester monofilament<\/td><td class=\"column-2\">PES<\/td><td class=\"column-3\"><strong>&bull;<\/strong><\/td><td class=\"column-4\"><strong>&bull;<\/strong><\/td><td class=\"column-5\"><strong>&bull;<\/strong><\/td><td class=\"column-6\"><strong>&bull;<\/strong><\/td><td class=\"column-7\"><\/td><td class=\"column-8\"><\/td><td class=\"column-9\"><strong>&bull;<\/strong><\/td><td class=\"column-10\"><\/td><td class=\"column-11\"><\/td><td class=\"column-12\"><\/td><td class=\"column-13\"><strong>&bull;<\/strong><\/td><td class=\"column-14\"><strong>&bull;<\/strong><\/td><td class=\"column-15\"><\/td><td class=\"column-16\"><strong>&bull;<\/strong><\/td><td class=\"column-17\"><\/td><td class=\"column-18\"><strong>&bull;<\/strong><\/td><td class=\"column-19\"><strong>&bull;<\/strong><\/td><td class=\"column-20\"><strong>&bull;<\/strong><\/td><td class=\"column-21\"><\/td><td class=\"column-22\"><\/td><td class=\"column-23\"><\/td><td class=\"column-24\"><\/td><td class=\"column-25\"><\/td><td class=\"column-26\"><\/td><td class=\"column-27\"><\/td>\n<\/tr>\n<tr class=\"row-5\">\n\t<td class=\"column-1\">Polyamide Carbon<\/td><td class=\"column-2\">PAC<\/td><td class=\"column-3\"><\/td><td class=\"column-4\"><\/td><td class=\"column-5\"><\/td><td class=\"column-6\"><\/td><td class=\"column-7\"><\/td><td class=\"column-8\"><\/td><td class=\"column-9\"><\/td><td class=\"column-10\"><\/td><td class=\"column-11\"><\/td><td class=\"column-12\"><\/td><td class=\"column-13\"><strong>&bull;<\/strong><\/td><td class=\"column-14\"><strong>&bull;<\/strong><\/td><td class=\"column-15\"><\/td><td class=\"column-16\"><strong>&bull;<\/strong><\/td><td class=\"column-17\"><\/td><td class=\"column-18\"><strong>&bull;<\/strong><\/td><td class=\"column-19\"><strong>&bull;<\/strong><\/td><td class=\"column-20\"><\/td><td class=\"column-21\"><\/td><td class=\"column-22\"><strong>&bull;<\/strong><\/td><td class=\"column-23\"><\/td><td class=\"column-24\"><\/td><td class=\"column-25\"><\/td><td class=\"column-26\"><\/td><td class=\"column-27\"><\/td>\n<\/tr>\n<\/tbody>\n<\/table>\n<!-- #tablepress-49 from cache -->\n<h2>\n\t\tDownloads\n\t<\/h2>\n\n","protected":false},"excerpt":{"rendered":"<p>Siebgewebe aus Kunststoff F\u00fcr die Herstellung unserer Produkte verwenden wir Siebgewebe ausgesuchter Lieferanten. Die Materialien unterliegen einer st\u00e4ndigen Kontrolle, wodurch [&hellip;]<\/p>\n","protected":false},"author":1,"featured_media":0,"parent":2105,"menu_order":10,"comment_status":"closed","ping_status":"closed","template":"","meta":{"_acf_changed":false,"site-sidebar-layout":"no-sidebar","site-content-layout":"page-builder","ast-site-content-layout":"default","site-content-style":"default","site-sidebar-style":"default","ast-global-header-display":"","ast-banner-title-visibility":"","ast-main-header-display":"","ast-hfb-above-header-display":"","ast-hfb-below-header-display":"","ast-hfb-mobile-header-display":"","site-post-title":"disabled","ast-breadcrumbs-content":"","ast-featured-img":"disabled","footer-sml-layout":"","ast-disable-related-posts":"","theme-transparent-header-meta":"","adv-header-id-meta":"","stick-header-meta":"","header-above-stick-meta":"","header-main-stick-meta":"","header-below-stick-meta":"","astra-migrate-meta-layouts":"default","ast-page-background-enabled":"default","ast-page-background-meta":{"desktop":{"background-color":"var(--ast-global-color-4)","background-image":"","background-repeat":"repeat","background-position":"center center","background-size":"auto","background-attachment":"scroll","background-type":"","background-media":"","overlay-type":"","overlay-color":"","overlay-opacity":"","overlay-gradient":""},"tablet":{"background-color":"","background-image":"","background-repeat":"repeat","background-position":"center center","background-size":"auto","background-attachment":"scroll","background-type":"","background-media":"","overlay-type":"","overlay-color":"","overlay-opacity":"","overlay-gradient":""},"mobile":{"background-color":"","background-image":"","background-repeat":"repeat","background-position":"center center","background-size":"auto","background-attachment":"scroll","background-type":"","background-media":"","overlay-type":"","overlay-color":"","overlay-opacity":"","overlay-gradient":""}},"ast-content-background-meta":{"desktop":{"background-color":"var(--ast-global-color-5)","background-image":"","background-repeat":"repeat","background-position":"center center","background-size":"auto","background-attachment":"scroll","background-type":"","background-media":"","overlay-type":"","overlay-color":"","overlay-opacity":"","overlay-gradient":""},"tablet":{"background-color":"var(--ast-global-color-5)","background-image":"","background-repeat":"repeat","background-position":"center center","background-size":"auto","background-attachment":"scroll","background-type":"","background-media":"","overlay-type":"","overlay-color":"","overlay-opacity":"","overlay-gradient":""},"mobile":{"background-color":"var(--ast-global-color-5)","background-image":"","background-repeat":"repeat","background-position":"center center","background-size":"auto","background-attachment":"scroll","background-type":"","background-media":"","overlay-type":"","overlay-color":"","overlay-opacity":"","overlay-gradient":""}},"footnotes":""},"class_list":["post-2711","page","type-page","status-publish","hentry"],"acf":[],"_links":{"self":[{"href":"https:\/\/www.filtrations-technik.de\/en\/wp-json\/wp\/v2\/pages\/2711","targetHints":{"allow":["GET"]}}],"collection":[{"href":"https:\/\/www.filtrations-technik.de\/en\/wp-json\/wp\/v2\/pages"}],"about":[{"href":"https:\/\/www.filtrations-technik.de\/en\/wp-json\/wp\/v2\/types\/page"}],"author":[{"embeddable":true,"href":"https:\/\/www.filtrations-technik.de\/en\/wp-json\/wp\/v2\/users\/1"}],"replies":[{"embeddable":true,"href":"https:\/\/www.filtrations-technik.de\/en\/wp-json\/wp\/v2\/comments?post=2711"}],"version-history":[{"count":4,"href":"https:\/\/www.filtrations-technik.de\/en\/wp-json\/wp\/v2\/pages\/2711\/revisions"}],"predecessor-version":[{"id":5687,"href":"https:\/\/www.filtrations-technik.de\/en\/wp-json\/wp\/v2\/pages\/2711\/revisions\/5687"}],"up":[{"embeddable":true,"href":"https:\/\/www.filtrations-technik.de\/en\/wp-json\/wp\/v2\/pages\/2105"}],"wp:attachment":[{"href":"https:\/\/www.filtrations-technik.de\/en\/wp-json\/wp\/v2\/media?parent=2711"}],"curies":[{"name":"wp","href":"https:\/\/api.w.org\/{rel}","templated":true}]}}