{"id":2713,"date":"2024-09-04T10:07:14","date_gmt":"2024-09-04T08:07:14","guid":{"rendered":"https:\/\/www.filtrations-technik.de\/products\/filter-media\/screen-fabrics-needle-felts\/needle-felts\/"},"modified":"2025-06-18T13:30:36","modified_gmt":"2025-06-18T11:30:36","slug":"needle-felts","status":"publish","type":"page","link":"https:\/\/www.filtrations-technik.de\/en\/products\/filter-media\/screen-fabrics-needle-felts\/needle-felts\/","title":{"rendered":"Needle felt"},"content":{"rendered":"\n<h1>\n\t\tNadelfilze\n\t<\/h1>\n\t<p>Nadelfilze haben eine dreidimensionale Filterstruktur, deren Filtereigenschaft sowohl an der Oberfl\u00e4che als auch in der Tiefe vorhanden ist. Dies erm\u00f6glicht eine Tiefenfiltration bei sehr gro\u00dfem Feststoffsammelverm\u00f6gen und hoher Durchsatzleistung. Der Nadelfilz ist an der Oberfl\u00e4che thermisch behandelt, so dass eine Faserabgabe in das Filtrat weitestgehend vermieden wird. Die angegebene Porengr\u00f6\u00dfe ist praktisch nicht me\u00dfbar, hier ist eine durch Erfahrungswerte bestimmte nominale Filterfeinheit gegeben. <\/p>\n\t\t\t<a href=\"#musteranfrage\" target=\"_self\" rel=\"noopener\">\n\t\t\t\t\t\t\tMusteranfrage\n\t\t\t\t\t<\/a>\n\t\t\t<img decoding=\"async\" loading='false' src=\"https:\/\/www.filtrations-technik.de\/app\/uploads\/2024\/09\/01_Siebgewebe_und_Nadelfilze_03_Nadelfilz_Detail_02.jpg\" alt=\"\" \/>\t\t\t\n\t\t\t<img decoding=\"async\" loading='false' src=\"https:\/\/www.filtrations-technik.de\/app\/uploads\/2024\/09\/01_Siebgewebe_und_Nadelfilze_03_Nadelfilz.jpg\" alt=\"\" \/>\t\t\t\n\t\t\t<img decoding=\"async\" loading='false' src=\"https:\/\/www.filtrations-technik.de\/app\/uploads\/2024\/09\/01_Siebgewebe_und_Nadelfilze_03_Nadelfilz_Detail_01.jpg\" alt=\"\" \/>\t\t\t\n\t\t\t\t<a href=\"#\" aria-label=\"previous\" role=\"button\">\n<\/a>\n\t\t\t\t<a href=\"#\" aria-label=\"next\" role=\"button\">\n<\/a>\n\t\n<table id=\"tablepress-52\" class=\"tablepress tablepress-id-52\">\n<thead>\n<tr class=\"row-1\">\n\t<th class=\"column-1\">Code<\/th><td class=\"column-2\"><\/td><td class=\"column-3\"><\/td>\n<\/tr>\n<\/thead>\n<tbody class=\"row-hover\">\n<tr class=\"row-2\">\n\t<td class=\"column-1\">Filter medium<\/td><td class=\"column-2\">Filter fineness<\/td><td class=\"column-3\">Width of textile<\/td>\n<\/tr>\n<tr class=\"row-3\">\n\t<td class=\"column-1\">PE<\/td><td class=\"column-2\">100<\/td><td class=\"column-3\">59<\/td>\n<\/tr>\n<\/tbody>\n<\/table>\n\n\t\n<table id=\"tablepress-53\" class=\"tablepress tablepress-id-53 rotate\">\n<thead>\n<tr class=\"row-1\">\n\t<th class=\"column-1\">Filter medium<\/th><th class=\"column-2\">Code<\/th><th colspan=\"7\" class=\"column-3\">Fineness in microns<\/th>\n<\/tr>\n<\/thead>\n<tbody class=\"row-hover\">\n<tr class=\"row-2\">\n\t<td class=\"column-1\"><\/td><td class=\"column-2\"><\/td><td class=\"column-3\">1<\/td><td class=\"column-4\">5<\/td><td class=\"column-5\">10<\/td><td class=\"column-6\">25<\/td><td class=\"column-7\">50<\/td><td class=\"column-8\">100<\/td><td class=\"column-9\">200<\/td>\n<\/tr>\n<tr class=\"row-3\">\n\t<td class=\"column-1\">Polyester needle felt<\/td><td class=\"column-2\">PE<\/td><td class=\"column-3\"><strong>&bull;<\/strong><\/td><td class=\"column-4\"><strong>&bull;<\/strong><\/td><td class=\"column-5\"><strong>&bull;<\/strong><\/td><td class=\"column-6\"><strong>&bull;<\/strong><\/td><td class=\"column-7\"><strong>&bull;<\/strong><\/td><td class=\"column-8\"><strong>&bull;<\/strong><\/td><td class=\"column-9\"><strong>&bull;<\/strong><\/td>\n<\/tr>\n<tr class=\"row-4\">\n\t<td class=\"column-1\">Polypropylene needle felt<\/td><td class=\"column-2\">P<\/td><td class=\"column-3\"><strong>&bull;<\/strong><\/td><td class=\"column-4\"><strong>&bull;<\/strong><\/td><td class=\"column-5\"><strong>&bull;<\/strong><\/td><td class=\"column-6\"><strong>&bull;<\/strong><\/td><td class=\"column-7\"><strong>&bull;<\/strong><\/td><td class=\"column-8\"><strong>&bull;<\/strong><\/td><td class=\"column-9\"><strong>&bull;<\/strong><\/td>\n<\/tr>\n<\/tbody>\n<\/table>\n\n<h2>\n\t\tDownloads\n\t<\/h2>\n\n","protected":false},"excerpt":{"rendered":"<p>Nadelfilze Nadelfilze haben eine dreidimensionale Filterstruktur, deren Filtereigenschaft sowohl an der Oberfl\u00e4che als auch in der Tiefe vorhanden ist. Dies [&hellip;]<\/p>\n","protected":false},"author":1,"featured_media":0,"parent":2105,"menu_order":10,"comment_status":"closed","ping_status":"closed","template":"","meta":{"_acf_changed":false,"site-sidebar-layout":"no-sidebar","site-content-layout":"page-builder","ast-site-content-layout":"default","site-content-style":"default","site-sidebar-style":"default","ast-global-header-display":"","ast-banner-title-visibility":"","ast-main-header-display":"","ast-hfb-above-header-display":"","ast-hfb-below-header-display":"","ast-hfb-mobile-header-display":"","site-post-title":"disabled","ast-breadcrumbs-content":"","ast-featured-img":"disabled","footer-sml-layout":"","ast-disable-related-posts":"","theme-transparent-header-meta":"","adv-header-id-meta":"","stick-header-meta":"","header-above-stick-meta":"","header-main-stick-meta":"","header-below-stick-meta":"","astra-migrate-meta-layouts":"default","ast-page-background-enabled":"default","ast-page-background-meta":{"desktop":{"background-color":"var(--ast-global-color-4)","background-image":"","background-repeat":"repeat","background-position":"center center","background-size":"auto","background-attachment":"scroll","background-type":"","background-media":"","overlay-type":"","overlay-color":"","overlay-opacity":"","overlay-gradient":""},"tablet":{"background-color":"","background-image":"","background-repeat":"repeat","background-position":"center center","background-size":"auto","background-attachment":"scroll","background-type":"","background-media":"","overlay-type":"","overlay-color":"","overlay-opacity":"","overlay-gradient":""},"mobile":{"background-color":"","background-image":"","background-repeat":"repeat","background-position":"center center","background-size":"auto","background-attachment":"scroll","background-type":"","background-media":"","overlay-type":"","overlay-color":"","overlay-opacity":"","overlay-gradient":""}},"ast-content-background-meta":{"desktop":{"background-color":"var(--ast-global-color-5)","background-image":"","background-repeat":"repeat","background-position":"center center","background-size":"auto","background-attachment":"scroll","background-type":"","background-media":"","overlay-type":"","overlay-color":"","overlay-opacity":"","overlay-gradient":""},"tablet":{"background-color":"var(--ast-global-color-5)","background-image":"","background-repeat":"repeat","background-position":"center center","background-size":"auto","background-attachment":"scroll","background-type":"","background-media":"","overlay-type":"","overlay-color":"","overlay-opacity":"","overlay-gradient":""},"mobile":{"background-color":"var(--ast-global-color-5)","background-image":"","background-repeat":"repeat","background-position":"center center","background-size":"auto","background-attachment":"scroll","background-type":"","background-media":"","overlay-type":"","overlay-color":"","overlay-opacity":"","overlay-gradient":""}},"footnotes":""},"class_list":["post-2713","page","type-page","status-publish","hentry"],"acf":[],"_links":{"self":[{"href":"https:\/\/www.filtrations-technik.de\/en\/wp-json\/wp\/v2\/pages\/2713","targetHints":{"allow":["GET"]}}],"collection":[{"href":"https:\/\/www.filtrations-technik.de\/en\/wp-json\/wp\/v2\/pages"}],"about":[{"href":"https:\/\/www.filtrations-technik.de\/en\/wp-json\/wp\/v2\/types\/page"}],"author":[{"embeddable":true,"href":"https:\/\/www.filtrations-technik.de\/en\/wp-json\/wp\/v2\/users\/1"}],"replies":[{"embeddable":true,"href":"https:\/\/www.filtrations-technik.de\/en\/wp-json\/wp\/v2\/comments?post=2713"}],"version-history":[{"count":3,"href":"https:\/\/www.filtrations-technik.de\/en\/wp-json\/wp\/v2\/pages\/2713\/revisions"}],"predecessor-version":[{"id":5689,"href":"https:\/\/www.filtrations-technik.de\/en\/wp-json\/wp\/v2\/pages\/2713\/revisions\/5689"}],"up":[{"embeddable":true,"href":"https:\/\/www.filtrations-technik.de\/en\/wp-json\/wp\/v2\/pages\/2105"}],"wp:attachment":[{"href":"https:\/\/www.filtrations-technik.de\/en\/wp-json\/wp\/v2\/media?parent=2713"}],"curies":[{"name":"wp","href":"https:\/\/api.w.org\/{rel}","templated":true}]}}