{"id":2730,"date":"2024-09-04T10:07:17","date_gmt":"2024-09-04T08:07:17","guid":{"rendered":"https:\/\/www.filtrations-technik.de\/products\/filter-media\/filter-cartridges\/active-carbon-filter-cartridges-fk-ak\/"},"modified":"2025-07-07T14:13:33","modified_gmt":"2025-07-07T12:13:33","slug":"active-carbon-filter-cartridges-fk-ak","status":"publish","type":"page","link":"https:\/\/www.filtrations-technik.de\/en\/products\/filter-media\/filter-cartridges\/active-carbon-filter-cartridges-fk-ak\/","title":{"rendered":"Active carbon filter cartridges FK-AK"},"content":{"rendered":"\n\n\t<p>Aktivkohle-Filterkerzen FK-AK<\/p>\n\t<p>Aktivkohle-Filterkerzen kommen bei molekular kleinen, mechanisch nicht erfassbaren Stoffen zum Einsatz.<\/p>\n\t<h3><strong>Anwendungsbereiche<\/strong><\/h3>\n<p>Wasser, Trinkwasser, Spirituosen, w\u00e4ssrige und organische L\u00f6sungen (zur Beseitigung von Farbverunreinigungen, Geruchs- und Geschmacksneutralisation), Entchlorung, galvanische B\u00e4der (Entfernung von organischen Verunreinigungen aus Nickel und Kupferb\u00e4dern)<\/p>\n\t\t\t\t\t<a href=\"#\" id=\"fl-accordion--label-0\" tabindex=\"0\" aria-controls=\"fl-accordion--panel-0\">Mehr lesen<\/a>\n\t\t\t\t\t\t\t\t\t\t\t<a href=\"#\" id=\"fl-accordion--icon-0\" tabindex=\"-1\"><i>Expand<\/i><\/a>\n\t\t\t\t\t<p>Aktivkohlen unterscheidet man nach ihren Rohstoffquellen (Steinkohle oder Kokosnuss) und deren Lieferformen (Pellets, Block, Granulat oder Pulver). Die Aktivkohle adsorbiert hervorragend viele gel\u00f6ste Stoffe aus Fl\u00fcssigkeiten, wie z. B. \u00d6l, Fett, Pestizide, Farbmittel und andere organische Verbindungen, welche ansonsten nicht mechanisch filtrierbar sind.<\/p>\n<p>\u00dcbersch\u00fcssiges Chlor oder desinfiziertes Ozon reagieren an Aktivkohle ab und werden unsch\u00e4dlich gemacht. Geruchsstoffe k\u00f6nnen vollst\u00e4ndig gebunden werden und k\u00f6nnen nicht mehr entweichen. Bitterstoffe werden komplett adsorbiert und k\u00f6nnen keine Lebensmittel verunreinigen. In der Galvanik k\u00f6nnen Aktivkohlen effektiv gegen st\u00f6rende organische Verbindungen eingesetzt werden.<\/p>\n\t<p><small>Hinweis: Wir empfehlen alle Aktivkohle-Filterkerzen immer zu Beginn durchzusp\u00fclen bis die Fl\u00fcssigkeit sichtbar sauber ist. Die Standzeit kann durch vorgeschaltete Filterkerzen mit mechanischer Filterwirkung deutlich verbessert werden.<\/small><\/p>\n\t\t\t<a href=\"#musteranfrage\" target=\"_self\" rel=\"noopener\">\n\t\t\t\t\t\t\tMusteranfrage\n\t\t\t\t\t<\/a>\n\t\t\t<img decoding=\"async\" loading='false' src=\"https:\/\/www.filtrations-technik.de\/app\/uploads\/2024\/09\/Filterkerze_FK-AK_03.jpg\" alt=\"\" \/>\t\t\t\n\t\t\t<img decoding=\"async\" loading='false' src=\"https:\/\/www.filtrations-technik.de\/app\/uploads\/2024\/09\/Filterkerze_FK-AK_04.jpg\" alt=\"\" \/>\t\t\t\n\t\t\t<img decoding=\"async\" loading='false' src=\"https:\/\/www.filtrations-technik.de\/app\/uploads\/2024\/09\/Filterkerze_FK-AK_05.jpg\" alt=\"\" \/>\t\t\t\n\t\t\t<img decoding=\"async\" loading='false' src=\"https:\/\/www.filtrations-technik.de\/app\/uploads\/2024\/09\/Filterkerze_FK-AK_01_detail_01.jpg\" alt=\"\" \/>\t\t\t\n\t\t\t<img decoding=\"async\" loading='false' src=\"https:\/\/www.filtrations-technik.de\/app\/uploads\/2024\/09\/Filterkerze_FK-AK_02_detail_01.jpg\" alt=\"\" \/>\t\t\t\n\t\t\t<img decoding=\"async\" loading='false' src=\"https:\/\/www.filtrations-technik.de\/app\/uploads\/2024\/09\/Filterkerze_FK-AK_03_detail_01.jpg\" alt=\"\" \/>\t\t\t\n\t\t\t<img decoding=\"async\" loading='false' src=\"https:\/\/www.filtrations-technik.de\/app\/uploads\/2024\/09\/Filterkerze_FK-AK_01_detail_02.jpg\" alt=\"\" \/>\t\t\t\n\t\t\t<img decoding=\"async\" loading='false' src=\"https:\/\/www.filtrations-technik.de\/app\/uploads\/2024\/09\/Filterkerze_FK-AK_02_detail_02.jpg\" alt=\"\" \/>\t\t\t\n\t\t\t<img decoding=\"async\" loading='false' src=\"https:\/\/www.filtrations-technik.de\/app\/uploads\/2024\/09\/Filterkerze_FK-AK_03_detail_02.jpg\" alt=\"\" \/>\t\t\t\n\t\t\t\t<a href=\"#\" aria-label=\"previous\" role=\"button\">\n<\/a>\n\t\t\t\t<a href=\"#\" aria-label=\"next\" role=\"button\">\n<\/a>\n\t\n<table id=\"tablepress-44\" class=\"tablepress tablepress-id-44\">\n<thead>\n<tr class=\"row-1\">\n\t<th class=\"column-1\">Code<\/th><td class=\"column-2\"><\/td><td class=\"column-3\"><\/td>\n<\/tr>\n<\/thead>\n<tbody class=\"row-hover\">\n<tr class=\"row-2\">\n\t<td class=\"column-1\">Cartridge type<\/td><td class=\"column-2\">Length<\/td><td class=\"column-3\">Fineness<\/td>\n<\/tr>\n<tr class=\"row-3\">\n\t<td class=\"column-1\">FK-AK<\/td><td class=\"column-2\">9<\/td><td class=\"column-3\">10<\/td>\n<\/tr>\n<\/tbody>\n<\/table>\n<!-- #tablepress-44 from cache -->\n\t\n<table id=\"tablepress-45\" class=\"tablepress tablepress-id-45\">\n<thead>\n<tr class=\"row-1\">\n\t<th class=\"column-1\">Technical data<\/th><td class=\"column-2\"><\/td>\n<\/tr>\n<\/thead>\n<tbody class=\"row-hover\">\n<tr class=\"row-2\">\n\t<td class=\"column-1\">Length<\/td><td class=\"column-2\">9 \u00be\" |  10\"\" |  19 \u00bd  | 20\"\" | 29 \u00bc\" |  30\" | 39\" | 40\"<\/td>\n<\/tr>\n<tr class=\"row-3\">\n\t<td class=\"column-1\">Diameter<\/td><td class=\"column-2\">AD: 64,5 mm \/ ID: 27 mm<\/td>\n<\/tr>\n<tr class=\"row-4\">\n\t<td class=\"column-1\">Material<\/td><td class=\"column-2\">Activated charcoal (coal, coconut)<\/td>\n<\/tr>\n<tr class=\"row-5\">\n\t<td class=\"column-1\">Support bodies and support cores<\/td><td class=\"column-2\">Polypropylene<\/td>\n<\/tr>\n<tr class=\"row-6\">\n\t<td class=\"column-1\">Casing<\/td><td class=\"column-2\">Polyethylene, sintered<\/td>\n<\/tr>\n<tr class=\"row-7\">\n\t<td class=\"column-1\">Seals:<\/td><td class=\"column-2\">EPDM (flat gaskets for DOE)<\/td>\n<\/tr>\n<tr class=\"row-8\">\n\t<td class=\"column-1\">Filter fineness (micron nominal):<\/td><td class=\"column-2\">approx. 10 \u00b5m<\/td>\n<\/tr>\n<tr class=\"row-9\">\n\t<td class=\"column-1\">Max. Operating temperature:<\/td><td class=\"column-2\">70\u00b0C with water<\/td>\n<\/tr>\n<tr class=\"row-10\">\n\t<td class=\"column-1\">Recommended throughput (max.):<\/td><td class=\"column-2\">300 l\/h per 10\u201d cartridge length<\/td>\n<\/tr>\n<\/tbody>\n<\/table>\n<!-- #tablepress-45 from cache -->\n\n","protected":false},"excerpt":{"rendered":"<p>Aktivkohle-Filterkerzen FK-AK Aktivkohle-Filterkerzen kommen bei molekular kleinen, mechanisch nicht erfassbaren Stoffen zum Einsatz. Anwendungsbereiche Wasser, Trinkwasser, Spirituosen, w\u00e4ssrige und organische [&hellip;]<\/p>\n","protected":false},"author":1,"featured_media":0,"parent":2107,"menu_order":10,"comment_status":"closed","ping_status":"closed","template":"","meta":{"_acf_changed":false,"site-sidebar-layout":"no-sidebar","site-content-layout":"page-builder","ast-site-content-layout":"default","site-content-style":"default","site-sidebar-style":"default","ast-global-header-display":"","ast-banner-title-visibility":"","ast-main-header-display":"","ast-hfb-above-header-display":"","ast-hfb-below-header-display":"","ast-hfb-mobile-header-display":"","site-post-title":"disabled","ast-breadcrumbs-content":"","ast-featured-img":"disabled","footer-sml-layout":"","ast-disable-related-posts":"","theme-transparent-header-meta":"","adv-header-id-meta":"","stick-header-meta":"","header-above-stick-meta":"","header-main-stick-meta":"","header-below-stick-meta":"","astra-migrate-meta-layouts":"default","ast-page-background-enabled":"default","ast-page-background-meta":{"desktop":{"background-color":"var(--ast-global-color-4)","background-image":"","background-repeat":"repeat","background-position":"center center","background-size":"auto","background-attachment":"scroll","background-type":"","background-media":"","overlay-type":"","overlay-color":"","overlay-opacity":"","overlay-gradient":""},"tablet":{"background-color":"","background-image":"","background-repeat":"repeat","background-position":"center center","background-size":"auto","background-attachment":"scroll","background-type":"","background-media":"","overlay-type":"","overlay-color":"","overlay-opacity":"","overlay-gradient":""},"mobile":{"background-color":"","background-image":"","background-repeat":"repeat","background-position":"center center","background-size":"auto","background-attachment":"scroll","background-type":"","background-media":"","overlay-type":"","overlay-color":"","overlay-opacity":"","overlay-gradient":""}},"ast-content-background-meta":{"desktop":{"background-color":"var(--ast-global-color-5)","background-image":"","background-repeat":"repeat","background-position":"center center","background-size":"auto","background-attachment":"scroll","background-type":"","background-media":"","overlay-type":"","overlay-color":"","overlay-opacity":"","overlay-gradient":""},"tablet":{"background-color":"var(--ast-global-color-5)","background-image":"","background-repeat":"repeat","background-position":"center center","background-size":"auto","background-attachment":"scroll","background-type":"","background-media":"","overlay-type":"","overlay-color":"","overlay-opacity":"","overlay-gradient":""},"mobile":{"background-color":"var(--ast-global-color-5)","background-image":"","background-repeat":"repeat","background-position":"center center","background-size":"auto","background-attachment":"scroll","background-type":"","background-media":"","overlay-type":"","overlay-color":"","overlay-opacity":"","overlay-gradient":""}},"footnotes":""},"class_list":["post-2730","page","type-page","status-publish","hentry"],"acf":[],"_links":{"self":[{"href":"https:\/\/www.filtrations-technik.de\/en\/wp-json\/wp\/v2\/pages\/2730","targetHints":{"allow":["GET"]}}],"collection":[{"href":"https:\/\/www.filtrations-technik.de\/en\/wp-json\/wp\/v2\/pages"}],"about":[{"href":"https:\/\/www.filtrations-technik.de\/en\/wp-json\/wp\/v2\/types\/page"}],"author":[{"embeddable":true,"href":"https:\/\/www.filtrations-technik.de\/en\/wp-json\/wp\/v2\/users\/1"}],"replies":[{"embeddable":true,"href":"https:\/\/www.filtrations-technik.de\/en\/wp-json\/wp\/v2\/comments?post=2730"}],"version-history":[{"count":5,"href":"https:\/\/www.filtrations-technik.de\/en\/wp-json\/wp\/v2\/pages\/2730\/revisions"}],"predecessor-version":[{"id":5654,"href":"https:\/\/www.filtrations-technik.de\/en\/wp-json\/wp\/v2\/pages\/2730\/revisions\/5654"}],"up":[{"embeddable":true,"href":"https:\/\/www.filtrations-technik.de\/en\/wp-json\/wp\/v2\/pages\/2107"}],"wp:attachment":[{"href":"https:\/\/www.filtrations-technik.de\/en\/wp-json\/wp\/v2\/media?parent=2730"}],"curies":[{"name":"wp","href":"https:\/\/api.w.org\/{rel}","templated":true}]}}