{"id":2739,"date":"2024-09-04T10:07:21","date_gmt":"2024-09-04T08:07:21","guid":{"rendered":"https:\/\/www.filtrations-technik.de\/products\/filter-systems\/labfix-laboratory-filter\/"},"modified":"2025-07-07T15:50:17","modified_gmt":"2025-07-07T13:50:17","slug":"labfix-laboratory-filter","status":"publish","type":"page","link":"https:\/\/www.filtrations-technik.de\/en\/products\/filter-systems\/labfix-laboratory-filter\/","title":{"rendered":"LabFiX Laboratory Filter"},"content":{"rendered":"\n\n\t<p>LabFiX Labor Filter<\/p>\n\t<p>Die Innovation im Labor: Lacke, Farben und Grundierungen fix filtern<\/p>\n\t<p>Sicher kennen Sie das Problem nur allzu gut: In der t\u00e4glichen Laborpraxis der\u00a0<strong>Chemiebranche<\/strong>\u00a0ist die\u00a0<strong>Mikrofiltration<\/strong>\u00a0hochviskoser Lacke durch engmaschige Filter eine zeitraubende und aufwendige Prozedur. Lacke von Hand filtern? Das k\u00f6nnen Sie sich ab sofort sparen! Schwegmann Filtrations-Technik pr\u00e4sentiert Ihnen exklusiv einen echten Probleml\u00f6ser: Den innovativen\u00a0<strong>Labor Filter LabFiX\u00a0<\/strong>der\u00a0<a href=\"https:\/\/www.thierry-gmbh.de\/\" target=\"_blank\" rel=\"noopener\" data-htmlarea-external=\"1\">Thierry GmbH<\/a>!<\/p>\n<p>Industrielacke, Automobillacke, Anstrichmittel, \u00d6le, Beizen, Grundierungen, Leime und sonstige Fl\u00fcssigkeiten lassen sich\u00a0<strong>mit dem LabFiX z\u00fcgig filtern<\/strong>. Einfach und komfortabel\u00a0<strong>mit Hilfe von Druckluft<\/strong>. Das\u00a0<strong>exzellente Ergebnis<\/strong>\u00a0wird Sie \u00fcberzeugen. Eine Investition f\u00fcr Ihr Labor, die sich ab dem ersten Einsatz bezahlt macht und Ihre Prozessabl\u00e4ufe stetig optimiert. Ein Labor Filter in bester Qualit\u00e4t &#8211; entwickelt in Deutschland<strong>\u00a0<\/strong>von erfahrenen Experten!<\/p>\n\t <div class=\"brlbs-cmpnt-container brlbs-cmpnt-content-blocker brlbs-cmpnt-with-individual-styles\" data-borlabs-cookie-content-blocker-id=\"youtube-content-blocker\" data-borlabs-cookie-content=\"PGlmcmFtZSB3aWR0aD0iMTAwJSIgaGVpZ2h0PSIzMTUiIHNyYz0iaHR0cHM6Ly93d3cueW91dHViZS1ub2Nvb2tpZS5jb20vZW1iZWQveDlGSy1reS1WOTA\/c2k9Q2NGQ3VUeDZqZlJjUEZuRiIgdGl0bGU9IllvdVR1YmUgdmlkZW8gcGxheWVyIiBmcmFtZWJvcmRlcj0iMCIgYWxsb3c9ImFjY2VsZXJvbWV0ZXI7IGF1dG9wbGF5OyBjbGlwYm9hcmQtd3JpdGU7IGVuY3J5cHRlZC1tZWRpYTsgZ3lyb3Njb3BlOyBwaWN0dXJlLWluLXBpY3R1cmU7IHdlYi1zaGFyZSIgcmVmZXJyZXJwb2xpY3k9InN0cmljdC1vcmlnaW4td2hlbi1jcm9zcy1vcmlnaW4iIGFsbG93ZnVsbHNjcmVlbj48L2lmcmFtZT4=\"><div class=\"brlbs-cmpnt-cb-preset-c brlbs-cmpnt-cb-youtube\"> <div class=\"brlbs-cmpnt-cb-thumbnail\" style=\"background-image: url('https:\/\/www.filtrations-technik.de\/app\/uploads\/borlabs-cookie\/1\/yt_x9FK-ky-V90_hqdefault.jpg')\"><\/div> <div class=\"brlbs-cmpnt-cb-main\"> <div class=\"brlbs-cmpnt-cb-play-button\"><\/div> <div class=\"brlbs-cmpnt-cb-content\"> <p class=\"brlbs-cmpnt-cb-description\">You are currently viewing a placeholder content from <strong>YouTube<\/strong>. To access the actual content, click the button below. Please note that doing so will share data with third-party providers.<\/p> <a class=\"brlbs-cmpnt-cb-provider-toggle\" href=\"#\" data-borlabs-cookie-show-provider-information role=\"button\">More Information<\/a> <\/div> <div class=\"brlbs-cmpnt-cb-buttons\"> <a class=\"brlbs-cmpnt-cb-btn\" href=\"#\" data-borlabs-cookie-unblock role=\"button\">Unblock content<\/a> <a class=\"brlbs-cmpnt-cb-btn\" href=\"#\" data-borlabs-cookie-accept-service role=\"button\" style=\"display: inherit\">Accept required service and unblock content<\/a> <\/div> <\/div> <\/div><\/div>\n<h2>\n\t\tWie funktioniert das Lack filtern mit dem LabFiX?\n\t<\/h2>\n\t <div class=\"brlbs-cmpnt-container brlbs-cmpnt-content-blocker brlbs-cmpnt-with-individual-styles\" data-borlabs-cookie-content-blocker-id=\"youtube-content-blocker\" data-borlabs-cookie-content=\"PGlmcmFtZSB3aWR0aD0iMTAwJSIgaGVpZ2h0PSIzMTUiIHNyYz0iaHR0cHM6Ly93d3cueW91dHViZS1ub2Nvb2tpZS5jb20vZW1iZWQvWTVlbkdrd21fcU0\/c2k9LUU4VzFVUmZLVVBybmVEUCIgdGl0bGU9IllvdVR1YmUgdmlkZW8gcGxheWVyIiBmcmFtZWJvcmRlcj0iMCIgYWxsb3c9ImFjY2VsZXJvbWV0ZXI7IGF1dG9wbGF5OyBjbGlwYm9hcmQtd3JpdGU7IGVuY3J5cHRlZC1tZWRpYTsgZ3lyb3Njb3BlOyBwaWN0dXJlLWluLXBpY3R1cmU7IHdlYi1zaGFyZSIgcmVmZXJyZXJwb2xpY3k9InN0cmljdC1vcmlnaW4td2hlbi1jcm9zcy1vcmlnaW4iIGFsbG93ZnVsbHNjcmVlbj48L2lmcmFtZT4=\"><div class=\"brlbs-cmpnt-cb-preset-c brlbs-cmpnt-cb-youtube\"> <div class=\"brlbs-cmpnt-cb-thumbnail\" style=\"background-image: url('https:\/\/www.filtrations-technik.de\/app\/uploads\/borlabs-cookie\/1\/yt_Y5enGkwm_qM_hqdefault.jpg')\"><\/div> <div class=\"brlbs-cmpnt-cb-main\"> <div class=\"brlbs-cmpnt-cb-play-button\"><\/div> <div class=\"brlbs-cmpnt-cb-content\"> <p class=\"brlbs-cmpnt-cb-description\">You are currently viewing a placeholder content from <strong>YouTube<\/strong>. To access the actual content, click the button below. Please note that doing so will share data with third-party providers.<\/p> <a class=\"brlbs-cmpnt-cb-provider-toggle\" href=\"#\" data-borlabs-cookie-show-provider-information role=\"button\">More Information<\/a> <\/div> <div class=\"brlbs-cmpnt-cb-buttons\"> <a class=\"brlbs-cmpnt-cb-btn\" href=\"#\" data-borlabs-cookie-unblock role=\"button\">Unblock content<\/a> <a class=\"brlbs-cmpnt-cb-btn\" href=\"#\" data-borlabs-cookie-accept-service role=\"button\" style=\"display: inherit\">Accept required service and unblock content<\/a> <\/div> <\/div> <\/div><\/div>\n<p>Lack und Farbe filtern im Handumdrehen: Dank der integrierten Schelle l\u00e4sst sich jedes Siebgewebe ruckzuck einspannen. Sobald sich der Chemie Trichter im Ger\u00e4t befindet, wird dieser mit Hilfe des Deckels und dem Halterungsverschluss luftdicht verschlossen. Jetzt brauchen Sie nur noch\u00a0<strong>Druckluft<\/strong>\u00a0zuzuf\u00fchren und schon ist der\u00a0<strong>Filtervorgang\u00a0<\/strong>abgeschlossen.<\/p>\n<h2>\n\t\tF\u00fcr welche Lackmengen eignet sich der Thierry Laborfilter?\n\t<\/h2>\n\t<p>Entwickelt wurde der\u00a0<strong>LabFiX<\/strong>\u00a0in erster Linie f\u00fcr den\u00a0<strong>Einsatz im professionellen Lacklabor<\/strong>. Mengen im Bereich von &lt; 200g bis 25kg lassen sich mit ihm\u00a0<strong>unkompliziert und fix<\/strong>\u00a0filtern.\u00a0<strong>F\u00fcr jede Art von\u00a0<\/strong><strong>Siebgewebe<\/strong>\u00a0(wie Nylon oder Drahtgewebe) und\u00a0<strong>jede Maschenweite<\/strong>\u00a0(von 1 \u00b5m bis 200\u00b5m)\u00a0<strong>geeignet<\/strong>.<\/p>\n\t<p><strong>Mit LabFiX k\u00f6nnen Sie:<\/strong><\/p>\n<ul>\n<li>selbst kleinste und hochviskose Lackmengen fix und pr\u00e4zise filtern,<\/li>\n<li>Ihre Prozesse im Labor optimieren,<\/li>\n<li>Siebgewebe-Zuschnitte sowie Papiertrichtersiebe zur Filtration nutzen,<\/li>\n<li>kostbare Ressourcen und Reinigungsaufwand einsparen,<\/li>\n<li>Maschenweiten wie in der Produktion einsetzen,<\/li>\n<li>auf R\u00fchren und Klopfen w\u00e4hrend des Filtervorgangs verzichten,<\/li>\n<li>Produkte entwickeln, die neue Ma\u00dfst\u00e4be setzen.<\/li>\n<\/ul>\n\t<p><strong>Anwendungsbereiche:<\/strong><\/p>\n<ul>\n<li>Industrielacke<\/li>\n<li>Automobillacke<\/li>\n<li>Anstrichmittel \/ Farben<\/li>\n<li>\u00d6le<\/li>\n<li>Beizen<\/li>\n<li>Grundierungen<\/li>\n<li>Leime<\/li>\n<li>sonstige Chemikalien<\/li>\n<\/ul>\n\t<p>Geeignet f\u00fcr Maschenweiten von 1 \u00b5m bis 100 \u00b5m (1 \u00b5m, 5 \u00b5m, 10 \u00b5m, 15 \u00b5m, 20 \u00b5m, 25 \u00b5m, 30 \u00b5m, 40 \u00b5m, 50 \u00b5m, 56 \u00b5m, 60 \u00b5m, 70 \u00b5m, 80 \u00b5m &amp; 100 \u00b5m).<\/p>\n<p>Sie haben Fragen zu Ihren Lackmengen oder der intelligenten Filtration von anderen Chemikalien und Fl\u00fcssigkeiten? Dann werfen Sie einen Blick in unsere Produkt\u00fcbersicht oder nehmen Sie am besten direkt Kontakt zu unserem Kundenservice auf. Unsere kompetenten Mitarbeiter freuen sich auf das Gespr\u00e4ch mit Ihnen!<\/p>\n\t\t\t<img decoding=\"async\" loading='false' src=\"https:\/\/www.filtrations-technik.de\/app\/uploads\/2024\/09\/labfix_2-6.jpg\" alt=\"\" \/>\t\t\t\n\t\t\t<img decoding=\"async\" loading='false' src=\"https:\/\/www.filtrations-technik.de\/app\/uploads\/2024\/09\/labfix_2-5.jpg\" alt=\"\" \/>\t\t\t\n\t\t\t<img decoding=\"async\" loading='false' src=\"https:\/\/www.filtrations-technik.de\/app\/uploads\/2024\/09\/labfix_2-4.jpg\" alt=\"\" \/>\t\t\t\n\t\t\t<img decoding=\"async\" loading='false' src=\"https:\/\/www.filtrations-technik.de\/app\/uploads\/2024\/09\/labfix_2-3.jpg\" alt=\"\" \/>\t\t\t\n\t\t\t<img decoding=\"async\" loading='false' src=\"https:\/\/www.filtrations-technik.de\/app\/uploads\/2024\/09\/labfix_2-2.jpg\" alt=\"\" \/>\t\t\t\n\t\t\t<img decoding=\"async\" loading='false' src=\"https:\/\/www.filtrations-technik.de\/app\/uploads\/2024\/09\/labfix_2-1.jpg\" alt=\"\" \/>\t\t\t\n\t\t\t\t<a href=\"#\" aria-label=\"previous\" role=\"button\">\n<\/a>\n\t\t\t\t<a href=\"#\" aria-label=\"next\" role=\"button\">\n<\/a>\n\n","protected":false},"excerpt":{"rendered":"<p>LabFiX Labor Filter Die Innovation im Labor: Lacke, Farben und Grundierungen fix filtern Sicher kennen Sie das Problem nur allzu [&hellip;]<\/p>\n","protected":false},"author":1,"featured_media":0,"parent":2111,"menu_order":10,"comment_status":"closed","ping_status":"closed","template":"","meta":{"_acf_changed":false,"site-sidebar-layout":"no-sidebar","site-content-layout":"page-builder","ast-site-content-layout":"default","site-content-style":"default","site-sidebar-style":"default","ast-global-header-display":"","ast-banner-title-visibility":"","ast-main-header-display":"","ast-hfb-above-header-display":"","ast-hfb-below-header-display":"","ast-hfb-mobile-header-display":"","site-post-title":"disabled","ast-breadcrumbs-content":"","ast-featured-img":"disabled","footer-sml-layout":"","ast-disable-related-posts":"","theme-transparent-header-meta":"","adv-header-id-meta":"","stick-header-meta":"","header-above-stick-meta":"","header-main-stick-meta":"","header-below-stick-meta":"","astra-migrate-meta-layouts":"default","ast-page-background-enabled":"default","ast-page-background-meta":{"desktop":{"background-color":"var(--ast-global-color-4)","background-image":"","background-repeat":"repeat","background-position":"center center","background-size":"auto","background-attachment":"scroll","background-type":"","background-media":"","overlay-type":"","overlay-color":"","overlay-opacity":"","overlay-gradient":""},"tablet":{"background-color":"","background-image":"","background-repeat":"repeat","background-position":"center center","background-size":"auto","background-attachment":"scroll","background-type":"","background-media":"","overlay-type":"","overlay-color":"","overlay-opacity":"","overlay-gradient":""},"mobile":{"background-color":"","background-image":"","background-repeat":"repeat","background-position":"center center","background-size":"auto","background-attachment":"scroll","background-type":"","background-media":"","overlay-type":"","overlay-color":"","overlay-opacity":"","overlay-gradient":""}},"ast-content-background-meta":{"desktop":{"background-color":"var(--ast-global-color-5)","background-image":"","background-repeat":"repeat","background-position":"center center","background-size":"auto","background-attachment":"scroll","background-type":"","background-media":"","overlay-type":"","overlay-color":"","overlay-opacity":"","overlay-gradient":""},"tablet":{"background-color":"var(--ast-global-color-5)","background-image":"","background-repeat":"repeat","background-position":"center center","background-size":"auto","background-attachment":"scroll","background-type":"","background-media":"","overlay-type":"","overlay-color":"","overlay-opacity":"","overlay-gradient":""},"mobile":{"background-color":"var(--ast-global-color-5)","background-image":"","background-repeat":"repeat","background-position":"center center","background-size":"auto","background-attachment":"scroll","background-type":"","background-media":"","overlay-type":"","overlay-color":"","overlay-opacity":"","overlay-gradient":""}},"footnotes":""},"class_list":["post-2739","page","type-page","status-publish","hentry"],"acf":[],"_links":{"self":[{"href":"https:\/\/www.filtrations-technik.de\/en\/wp-json\/wp\/v2\/pages\/2739","targetHints":{"allow":["GET"]}}],"collection":[{"href":"https:\/\/www.filtrations-technik.de\/en\/wp-json\/wp\/v2\/pages"}],"about":[{"href":"https:\/\/www.filtrations-technik.de\/en\/wp-json\/wp\/v2\/types\/page"}],"author":[{"embeddable":true,"href":"https:\/\/www.filtrations-technik.de\/en\/wp-json\/wp\/v2\/users\/1"}],"replies":[{"embeddable":true,"href":"https:\/\/www.filtrations-technik.de\/en\/wp-json\/wp\/v2\/comments?post=2739"}],"version-history":[{"count":2,"href":"https:\/\/www.filtrations-technik.de\/en\/wp-json\/wp\/v2\/pages\/2739\/revisions"}],"predecessor-version":[{"id":5274,"href":"https:\/\/www.filtrations-technik.de\/en\/wp-json\/wp\/v2\/pages\/2739\/revisions\/5274"}],"up":[{"embeddable":true,"href":"https:\/\/www.filtrations-technik.de\/en\/wp-json\/wp\/v2\/pages\/2111"}],"wp:attachment":[{"href":"https:\/\/www.filtrations-technik.de\/en\/wp-json\/wp\/v2\/media?parent=2739"}],"curies":[{"name":"wp","href":"https:\/\/api.w.org\/{rel}","templated":true}]}}