{"id":2740,"date":"2024-09-04T10:07:19","date_gmt":"2024-09-04T08:07:19","guid":{"rendered":"https:\/\/www.filtrations-technik.de\/products\/filter-systems\/bag-filter\/bag-filters-el\/"},"modified":"2025-10-01T11:31:54","modified_gmt":"2025-10-01T09:31:54","slug":"bag-filters-el","status":"publish","type":"page","link":"https:\/\/www.filtrations-technik.de\/en\/products\/filter-systems\/bag-filter\/bag-filters-el\/","title":{"rendered":"Bag filters EL"},"content":{"rendered":"\n<h1>\n\t\tBeutelfilter EL\n\t<\/h1>\n\t<p>Die leichte Edelstahlausf\u00fchrung mit seitlichem Einlaufprinzip.<\/p>\n\tDas besondere Konstruktionsmerkmal ist die leichte Edelstahlausf\u00fchrung mit dem seitlichen Einlaufprinzip, das ein Nach- oder \u00dcberlaufen der Suspension bei ge\u00f6ffnetem Geh\u00e4usedeckel verhindert.<br \/>\nDer V-Schellenverschluss erm\u00f6glicht ein leichtes \u00d6ffnen und Schlie\u00dfen des Deckels. Die Installation erfolgt freitragend, \u00fcber ein Fu\u00dfgestell oder \u00fcber Wandbefestigungsschellen. Die preisg\u00fcnstige EL-Variante ist nur in der Standardausf\u00fchrung lieferbar.\n\t\t\t\t\t<a href=\"#\" id=\"fl-accordion--label-0\" tabindex=\"0\" aria-controls=\"fl-accordion--panel-0\">Mehr lesen<\/a>\n\t\t\t\t\t\t\t\t\t\t\t<a href=\"#\" id=\"fl-accordion--icon-0\" tabindex=\"-1\"><i>Expand<\/i><\/a>\n\t\t\t\t\t<h3><strong>Funktion<\/strong><\/h3>\n<p>Beutelfilter bestehen aus den drei Komponenten, Filtergeh\u00e4use, Druckaufnahmekorb und Filterbeutel. Die Filtration erfolgt von innen nach au\u00dfen. Die zu filtrierende Fl\u00fcssigkeit (Suspension) tritt durch den Einlauf in das Filtergeh\u00e4use ein, flie\u00dft durch den mit einem Druckaufnahmekorb verst\u00e4rkten Filterbeutel und verl\u00e4sst ihn durch den Bodenauslauf. Durch die Verwendung eines Verdr\u00e4ngungsk\u00f6rpers kann die Resttr\u00fcbmenge reduziert werden. Die im Beutel befindlichen Feststoffe k\u00f6nnen leicht entsorgt werden, da der Beutel aufgrund seines geringen Eigenvolumens wenig Restfl\u00fcssigkeit aufnimmt.<\/p>\n<h3><strong>Ihre Vorteile und Nutzen<\/strong><\/h3>\n<p>Beutelfilter-Systeme sind anwenderfreundlich, vielseitig, Kosten sparend, robust und qualitativ hochwertig konstruiert. Die Reinigung des Innengeh\u00e4uses wird durch die glatte und totraumfreie Bauart erleichtert. Zum \u00d6ffnen der Beutelfilter sind keine Spezialwerkzeuge notwendig, damit werden die Reinigung und der Wechsel des Filterbeutels vereinfacht. Eine Vielzahl von Ring-Filterbeuteln und ein breites Zubeh\u00f6rprogramm bieten wir ebenfalls an.<\/p>\n\t\t\t<img decoding=\"async\" loading='false' src=\"https:\/\/www.filtrations-technik.de\/app\/uploads\/2024\/09\/Beutelfilter_01_EL_Detail_02.jpg\" alt=\"\" \/>\t\t\t\n\t\t\t<img decoding=\"async\" loading='false' src=\"https:\/\/www.filtrations-technik.de\/app\/uploads\/2024\/09\/Beutelfilter_01_EL_Detail_01.jpg\" alt=\"\" \/>\t\t\t\n\t\t\t<img decoding=\"async\" loading='false' src=\"https:\/\/www.filtrations-technik.de\/app\/uploads\/2024\/09\/Beutelfilter_01_EL.jpg\" alt=\"\" \/>\t\t\t\n\t\t\t\t<a href=\"#\" aria-label=\"previous\" role=\"button\">\n<\/a>\n\t\t\t\t<a href=\"#\" aria-label=\"next\" role=\"button\">\n<\/a>\n\t\n<table id=\"tablepress-14\" class=\"tablepress tablepress-id-14 codierung\">\n<thead>\n<tr class=\"row-1\">\n\t<th class=\"column-1\">Code<\/th><td class=\"column-2\"><\/td><td class=\"column-3\"><\/td><td class=\"column-4\"><\/td><td class=\"column-5\"><\/td><td class=\"column-6\"><\/td><td class=\"column-7\"><\/td><td class=\"column-8\"><\/td><td class=\"column-9\"><\/td><td class=\"column-10\"><\/td><td class=\"column-11\"><\/td><td class=\"column-12\"><\/td>\n<\/tr>\n<\/thead>\n<tbody class=\"row-hover\">\n<tr class=\"row-2\">\n\t<td class=\"column-1\">Modell<\/td><td class=\"column-2\">No. of filter bags<\/td><td class=\"column-3\">Size of filter bags<\/td><td class=\"column-4\">Material<\/td><td class=\"column-5\">Pressure<\/td><td class=\"column-6\">Connection-size<\/td><td class=\"column-7\">Connection type<\/td><td class=\"column-8\">Drain<\/td><td class=\"column-9\">Flowtype<\/td><td class=\"column-10\">Surface<\/td><td class=\"column-11\">Gasket<\/td><td class=\"column-12\">Execution<\/td>\n<\/tr>\n<tr class=\"row-3\">\n\t<td class=\"column-1\"><span style=\"font-size:20px;color:var(--fl-global-color-0)\">EL<\/span><\/td><td class=\"column-2\"><span style=\"font-size:20px;color:var(--fl-global-color-0)\">1<\/span><\/td><td class=\"column-3\"><span style=\"font-size:20px;color:var(--fl-global-color-0)\">2<\/span><\/td><td class=\"column-4\"><span style=\"font-size:20px;color:var(--fl-global-color-0)\">S<\/span><\/td><td class=\"column-5\"><span style=\"font-size:20px;color:var(--fl-global-color-0)\">10<\/span><\/td><td class=\"column-6\"><span style=\"font-size:20px;color:var(--fl-global-color-0)\">DN50<br \/>\n<\/span><\/td><td class=\"column-7\"><span style=\"font-size:20px;color:var(--fl-global-color-0)\">M<\/span><\/td><td class=\"column-8\"><span style=\"font-size:20px;color:var(--fl-global-color-0)\">0<\/span><\/td><td class=\"column-9\"><span style=\"font-size:20px;color:var(--fl-global-color-0)\">1<\/span><\/td><td class=\"column-10\"><span style=\"font-size:20px;color:var(--fl-global-color-0)\">A<\/span><\/td><td class=\"column-11\"><span style=\"font-size:20px;color:var(--fl-global-color-0)\">1<\/span><\/td><td class=\"column-12\"><span style=\"font-size:20px;color:var(--fl-global-color-0)\">0<\/span><\/td>\n<\/tr>\n<tr class=\"row-4\">\n\t<td class=\"column-1\"><small style=\"color:#777\">EL=Economy<br \/>\n<\/small><\/td><td class=\"column-2\"><small style=\"color:#777\">1=1 bag<br \/>\n<\/small><\/td><td class=\"column-3\"><small style=\"color:#777\">1=Size R1<br \/>\n<\/small><\/td><td class=\"column-4\"><small style=\"color:#777\">S=Stainless steel AISI 304<br \/>\n<\/small><\/td><td class=\"column-5\"><small style=\"color:#777\">6=6 bar<br \/>\n<\/small><\/td><td class=\"column-6\"><small style=\"color:#777\">1=1\"<br \/>\n<\/small><\/td><td class=\"column-7\"><small style=\"color:#777\">M=BSP thread inside (muff)<br \/>\n<\/small><\/td><td class=\"column-8\"><small style=\"color:#777\">V=drain<br \/>\n<\/small><\/td><td class=\"column-9\"><small style=\"color:#777\">1=Type 1<br \/>\n<\/small><\/td><td class=\"column-10\"><small style=\"color:#777\">A=Sandblasting glass beads<br \/>\n<\/small><\/td><td class=\"column-11\"><small style=\"color:#777\">1=NBR<br \/>\n<\/small><\/td><td class=\"column-12\"><small style=\"color:#777\">0=Standard<br \/>\n<\/small><\/td>\n<\/tr>\n<tr class=\"row-5\">\n\t<td class=\"column-1\"><\/td><td class=\"column-2\"><\/td><td class=\"column-3\"><small style=\"color:#777\">2=Size R2<br \/>\n<\/small><\/td><td class=\"column-4\"><\/td><td class=\"column-5\"><small style=\"color:#777\">9=9 bar<br \/>\n<\/small><\/td><td class=\"column-6\"><small style=\"color:#777\">1,5=1,5\"<br \/>\n<\/small><\/td><td class=\"column-7\"><small style=\"color:#777\">N=BSP thread outside (nipple)<br \/>\n<\/small><\/td><td class=\"column-8\"><small style=\"color:#777\">0=without<br \/>\n<\/small><\/td><td class=\"column-9\"><\/td><td class=\"column-10\"><\/td><td class=\"column-11\"><small style=\"color:#777\">2=EPDM<br \/>\n<\/small><\/td><td class=\"column-12\"><\/td>\n<\/tr>\n<tr class=\"row-6\">\n\t<td class=\"column-1\"><\/td><td class=\"column-2\"><\/td><td class=\"column-3\"><small style=\"color:#777\">10=Size R10<br \/>\n<\/small><\/td><td class=\"column-4\"><\/td><td class=\"column-5\"><\/td><td class=\"column-6\"><small style=\"color:#777\">2=2\"<br \/>\n<\/small><\/td><td class=\"column-7\"><\/td><td class=\"column-8\"><\/td><td class=\"column-9\"><\/td><td class=\"column-10\"><\/td><td class=\"column-11\"><small style=\"color:#777\">3=FPM<br \/>\n<\/small><\/td><td class=\"column-12\"><\/td>\n<\/tr>\n<tr class=\"row-7\">\n\t<td class=\"column-1\"><\/td><td class=\"column-2\"><\/td><td class=\"column-3\"><small style=\"color:#777\">20=Size R20<br \/>\n<\/small><\/td><td class=\"column-4\"><\/td><td class=\"column-5\"><\/td><td class=\"column-6\"><\/td><td class=\"column-7\"><\/td><td class=\"column-8\"><\/td><td class=\"column-9\"><\/td><td class=\"column-10\"><\/td><td class=\"column-11\"><small style=\"color:#777\">4=PTFE<br \/>\n<\/small><\/td><td class=\"column-12\"><\/td>\n<\/tr>\n<tr class=\"row-8\">\n\t<td class=\"column-1\"><\/td><td class=\"column-2\"><\/td><td class=\"column-3\"><\/td><td class=\"column-4\"><\/td><td class=\"column-5\"><\/td><td class=\"column-6\"><\/td><td class=\"column-7\"><\/td><td class=\"column-8\"><\/td><td class=\"column-9\"><\/td><td class=\"column-10\"><\/td><td class=\"column-11\"><small style=\"color:#777\">5=SILIKON<br \/>\n<\/small><\/td><td class=\"column-12\"><\/td>\n<\/tr>\n<\/tbody>\n<\/table>\n<!-- #tablepress-14 from cache -->\n\t\n<table id=\"tablepress-15\" class=\"tablepress tablepress-id-15\">\n<thead>\n<tr class=\"row-1\">\n\t<th class=\"column-1\">Technical data<\/th><td class=\"column-2\"><\/td>\n<\/tr>\n<\/thead>\n<tbody class=\"row-hover\">\n<tr class=\"row-2\">\n\t<td class=\"column-1\">Type<\/td><td class=\"column-2\">EL<\/td>\n<\/tr>\n<tr class=\"row-3\">\n\t<td class=\"column-1\">Bag size<\/td><td class=\"column-2\">1 I 2 I 10 I 20 (see ring filter bag)<\/td>\n<\/tr>\n<tr class=\"row-4\">\n\t<td class=\"column-1\">Max. Operating data (bar):<\/td><td class=\"column-2\">6     I 6     I 9       I 9<\/td>\n<\/tr>\n<tr class=\"row-5\">\n\t<td class=\"column-1\">Max. flow rate (m\u00b3\/h):<\/td><td class=\"column-2\">20   I 40   I 6       I 12<\/td>\n<\/tr>\n<tr class=\"row-6\">\n\t<td class=\"column-1\">Material:<\/td><td class=\"column-2\">Stainless steel 1.4571<\/td>\n<\/tr>\n<tr class=\"row-7\">\n\t<td class=\"column-1\">Connections:<\/td><td class=\"column-2\">Size 1 and 2: 2\" Sockets - DN50 (M)<br \/>\n<br \/>\nSize 10: 1\" Sockets - DN25 (M) or 1\u00bd\"\u201d Sockets - DN40 (M)<br \/>\n<br \/>\nSize 20: 1\u00bd\" Sockets - DN40 (M)<\/td>\n<\/tr>\n<\/tbody>\n<\/table>\n<!-- #tablepress-15 from cache -->\n<h2>\n\t\tDownloads\n\t<\/h2>\n\n","protected":false},"excerpt":{"rendered":"<p>Beutelfilter EL Die leichte Edelstahlausf\u00fchrung mit seitlichem Einlaufprinzip. Das besondere Konstruktionsmerkmal ist die leichte Edelstahlausf\u00fchrung mit dem seitlichen Einlaufprinzip, das [&hellip;]<\/p>\n","protected":false},"author":1,"featured_media":0,"parent":2704,"menu_order":10,"comment_status":"closed","ping_status":"closed","template":"","meta":{"_acf_changed":false,"site-sidebar-layout":"no-sidebar","site-content-layout":"page-builder","ast-site-content-layout":"default","site-content-style":"default","site-sidebar-style":"default","ast-global-header-display":"","ast-banner-title-visibility":"","ast-main-header-display":"","ast-hfb-above-header-display":"","ast-hfb-below-header-display":"","ast-hfb-mobile-header-display":"","site-post-title":"disabled","ast-breadcrumbs-content":"","ast-featured-img":"disabled","footer-sml-layout":"","ast-disable-related-posts":"","theme-transparent-header-meta":"","adv-header-id-meta":"","stick-header-meta":"","header-above-stick-meta":"","header-main-stick-meta":"","header-below-stick-meta":"","astra-migrate-meta-layouts":"default","ast-page-background-enabled":"default","ast-page-background-meta":{"desktop":{"background-color":"var(--ast-global-color-4)","background-image":"","background-repeat":"repeat","background-position":"center center","background-size":"auto","background-attachment":"scroll","background-type":"","background-media":"","overlay-type":"","overlay-color":"","overlay-opacity":"","overlay-gradient":""},"tablet":{"background-color":"","background-image":"","background-repeat":"repeat","background-position":"center center","background-size":"auto","background-attachment":"scroll","background-type":"","background-media":"","overlay-type":"","overlay-color":"","overlay-opacity":"","overlay-gradient":""},"mobile":{"background-color":"","background-image":"","background-repeat":"repeat","background-position":"center center","background-size":"auto","background-attachment":"scroll","background-type":"","background-media":"","overlay-type":"","overlay-color":"","overlay-opacity":"","overlay-gradient":""}},"ast-content-background-meta":{"desktop":{"background-color":"var(--ast-global-color-5)","background-image":"","background-repeat":"repeat","background-position":"center center","background-size":"auto","background-attachment":"scroll","background-type":"","background-media":"","overlay-type":"","overlay-color":"","overlay-opacity":"","overlay-gradient":""},"tablet":{"background-color":"var(--ast-global-color-5)","background-image":"","background-repeat":"repeat","background-position":"center center","background-size":"auto","background-attachment":"scroll","background-type":"","background-media":"","overlay-type":"","overlay-color":"","overlay-opacity":"","overlay-gradient":""},"mobile":{"background-color":"var(--ast-global-color-5)","background-image":"","background-repeat":"repeat","background-position":"center center","background-size":"auto","background-attachment":"scroll","background-type":"","background-media":"","overlay-type":"","overlay-color":"","overlay-opacity":"","overlay-gradient":""}},"footnotes":""},"class_list":["post-2740","page","type-page","status-publish","hentry"],"acf":[],"_links":{"self":[{"href":"https:\/\/www.filtrations-technik.de\/en\/wp-json\/wp\/v2\/pages\/2740","targetHints":{"allow":["GET"]}}],"collection":[{"href":"https:\/\/www.filtrations-technik.de\/en\/wp-json\/wp\/v2\/pages"}],"about":[{"href":"https:\/\/www.filtrations-technik.de\/en\/wp-json\/wp\/v2\/types\/page"}],"author":[{"embeddable":true,"href":"https:\/\/www.filtrations-technik.de\/en\/wp-json\/wp\/v2\/users\/1"}],"replies":[{"embeddable":true,"href":"https:\/\/www.filtrations-technik.de\/en\/wp-json\/wp\/v2\/comments?post=2740"}],"version-history":[{"count":2,"href":"https:\/\/www.filtrations-technik.de\/en\/wp-json\/wp\/v2\/pages\/2740\/revisions"}],"predecessor-version":[{"id":3376,"href":"https:\/\/www.filtrations-technik.de\/en\/wp-json\/wp\/v2\/pages\/2740\/revisions\/3376"}],"up":[{"embeddable":true,"href":"https:\/\/www.filtrations-technik.de\/en\/wp-json\/wp\/v2\/pages\/2704"}],"wp:attachment":[{"href":"https:\/\/www.filtrations-technik.de\/en\/wp-json\/wp\/v2\/media?parent=2740"}],"curies":[{"name":"wp","href":"https:\/\/api.w.org\/{rel}","templated":true}]}}