{"id":2745,"date":"2024-09-04T10:07:20","date_gmt":"2024-09-04T08:07:20","guid":{"rendered":"https:\/\/www.filtrations-technik.de\/products\/filter-systems\/cartridge-filter\/cartridge-filters-e-series\/"},"modified":"2025-04-28T14:46:36","modified_gmt":"2025-04-28T12:46:36","slug":"cartridge-filters-e-series","status":"publish","type":"page","link":"https:\/\/www.filtrations-technik.de\/en\/products\/filter-systems\/cartridge-filter\/cartridge-filters-e-series\/","title":{"rendered":"Cartridge filters E-Series"},"content":{"rendered":"\n<h1>\n\t\tKerzenfilter E-Serie\n\t<\/h1>\n\tEdelstahl-Kerzenfilter bestehen aus einer Edelstahlleichtbauweise und sind<br \/>\nf\u00fcr 1, 5, 12 und 22 DOE Filterkerzen in den L\u00e4ngen 5&#8243; bis 40&#8243; lieferbar.\n\t<p>Die 1er-Version besteht aus Kopf und Sumpf, welche mit einer Verschlussmutter verschraubt werden. Die Abdichtung erfolgt durch eine NBR-O-Ringdichtung (EPDM oder FPM auf Wunsch). Das Geh\u00e4use kann \u00fcber eine 3\/8&#8243; Muffe am Boden entleert werden. Eine Befestigungskonsole f\u00fcr die Wandbefestigung ist als Zubeh\u00f6rteil lieferbar\u00a0Die 5er-, 12er- und 22er-Version ist eine stehende bzw. mit Beingestell gelieferte Ausf\u00fchrung. Die Geh\u00e4use werden mit einer V-Schelle geschlossen. Die Abdichtung erfolgt \u00fcber eine NBR-O-Ringdichtung. Alternativ sind die Dichtungen auch in FPM lieferbar.<\/p>\n\t\t\t\t\t<a href=\"#\" id=\"fl-accordion--label-0\" tabindex=\"0\" aria-controls=\"fl-accordion--panel-0\">Mehr lesen<\/a>\n\t\t\t\t\t\t\t\t\t\t\t<a href=\"#\" id=\"fl-accordion--icon-0\" tabindex=\"-1\"><i>Expand<\/i><\/a>\n\t\t\t\t\t<p>Der Ein- und Auslauf befindet sich im unteren Beh\u00e4lterbereich. Dort ist ebenfalls eine \u00bd&#8221; Muffe angebracht, um die Entleerung des Tr\u00fcb- und Filtratraums zu erm\u00f6glichen. Um eine sichere Befestigung der Filterkerze zu erreichen, werden diese mit einer Niederhalteplatte \u00fcber Abdichtkappen mit Federn auf Zentrierstangen befestigt.<\/p>\n<p>Um ein Manometer oder eine Entl\u00fcftung zu installieren, sind die Beh\u00e4lterdeckel mit einer \u00bc&#8221; BSP Muffe ausger\u00fcstet.<\/p>\n\t\t\t<img decoding=\"async\" loading='false' src=\"https:\/\/www.filtrations-technik.de\/app\/uploads\/2024\/09\/09_Kerzenfilter_01_E-Serie_02_Detail_02.jpg\" alt=\"\" \/>\t\t\t\n\t\t\t<img decoding=\"async\" loading='false' src=\"https:\/\/www.filtrations-technik.de\/app\/uploads\/2024\/09\/09_Kerzenfilter_01_E-Serie_01_Detail_02.jpg\" alt=\"\" \/>\t\t\t\n\t\t\t<img decoding=\"async\" loading='false' src=\"https:\/\/www.filtrations-technik.de\/app\/uploads\/2024\/09\/09_Kerzenfilter_01_E-Serie_02_Detail_01.jpg\" alt=\"\" \/>\t\t\t\n\t\t\t<img decoding=\"async\" loading='false' src=\"https:\/\/www.filtrations-technik.de\/app\/uploads\/2024\/09\/09_Kerzenfilter_01_E-Serie_01_Detail_01.jpg\" alt=\"\" \/>\t\t\t\n\t\t\t<img decoding=\"async\" loading='false' src=\"https:\/\/www.filtrations-technik.de\/app\/uploads\/2024\/09\/09_Kerzenfilter_01_E-Serie_02.jpg\" alt=\"\" \/>\t\t\t\n\t\t\t<img decoding=\"async\" loading='false' src=\"https:\/\/www.filtrations-technik.de\/app\/uploads\/2024\/09\/09_Kerzenfilter_01_E-Serie_01.jpg\" alt=\"\" \/>\t\t\t\n\t\t\t<img decoding=\"async\" loading='false' src=\"https:\/\/www.filtrations-technik.de\/app\/uploads\/2024\/09\/09_Kerzenfilter_01_E-Serie_001_Gruppe_01.jpg\" alt=\"\" \/>\t\t\t\n\t\t\t\t<a href=\"#\" aria-label=\"previous\" role=\"button\">\n<\/a>\n\t\t\t\t<a href=\"#\" aria-label=\"next\" role=\"button\">\n<\/a>\n\t\n<table id=\"tablepress-12\" class=\"tablepress tablepress-id-12\">\n<thead>\n<tr class=\"row-1\">\n\t<th class=\"column-1\">Code<\/th><td class=\"column-2\"><\/td><td class=\"column-3\"><\/td><td class=\"column-4\"><\/td><td class=\"column-5\"><\/td><td class=\"column-6\"><\/td>\n<\/tr>\n<\/thead>\n<tbody class=\"row-hover\">\n<tr class=\"row-2\">\n\t<td class=\"column-1\">Device type<\/td><td class=\"column-2\">Number of cartridge<\/td><td class=\"column-3\">Length<\/td><td class=\"column-4\">Material<\/td><td class=\"column-5\">Connection<\/td><td class=\"column-6\">Drain<\/td>\n<\/tr>\n<tr class=\"row-3\">\n\t<td class=\"column-1\">E<\/td><td class=\"column-2\">1<\/td><td class=\"column-3\">20<\/td><td class=\"column-4\">S<\/td><td class=\"column-5\">1<\/td><td class=\"column-6\">E<\/td>\n<\/tr>\n<\/tbody>\n<\/table>\n\n\t\n<table id=\"tablepress-13\" class=\"tablepress tablepress-id-13 tbody-has-connected-cells\">\n<thead>\n<tr class=\"row-1\">\n\t<th class=\"column-1\">Technical data<\/th><td class=\"column-2\"><\/td><td class=\"column-3\"><\/td><td class=\"column-4\"><\/td><td class=\"column-5\"><\/td><td class=\"column-6\"><\/td><td class=\"column-7\"><\/td><td class=\"column-8\"><\/td><td class=\"column-9\"><\/td><td class=\"column-10\"><\/td><td class=\"column-11\"><\/td>\n<\/tr>\n<\/thead>\n<tbody class=\"row-hover\">\n<tr class=\"row-2\">\n\t<td class=\"column-1\">E-<\/td><td class=\"column-2\">1-5<\/td><td class=\"column-3\">1-9<\/td><td class=\"column-4\">1-10<\/td><td class=\"column-5\">1-20<\/td><td class=\"column-6\">1-30<\/td><td class=\"column-7\">1-40<\/td><td class=\"column-8\">5-9<\/td><td class=\"column-9\">5-20<\/td><td class=\"column-10\">5-30<\/td><td class=\"column-11\">5-40<\/td>\n<\/tr>\n<tr class=\"row-3\">\n\t<td class=\"column-1\">Maximum throughput (m3\/h)<\/td><td class=\"column-2\">1,1<\/td><td class=\"column-3\">2,4<\/td><td class=\"column-4\">4,8<\/td><td class=\"column-5\">4,8<\/td><td class=\"column-6\">4,8<\/td><td class=\"column-7\">4,8<\/td><td class=\"column-8\">8,4<\/td><td class=\"column-9\">16,8<\/td><td class=\"column-10\">25,2<\/td><td class=\"column-11\">33,6<\/td>\n<\/tr>\n<tr class=\"row-4\">\n\t<td class=\"column-1\">Permissible operating conditions (bar\/\u00b0C)<\/td><td colspan=\"6\" class=\"column-2\">17\/121<\/td><td colspan=\"4\" class=\"column-8\">10\/121<\/td>\n<\/tr>\n<tr class=\"row-5\">\n\t<td class=\"column-1\">Volume (liters)<\/td><td class=\"column-2\">0,7<\/td><td class=\"column-3\">1,51<\/td><td class=\"column-4\">1,54<\/td><td class=\"column-5\">2,98<\/td><td class=\"column-6\">4,42<\/td><td class=\"column-7\">5,87<\/td><td class=\"column-8\">14<\/td><td class=\"column-9\">23<\/td><td class=\"column-10\">31<\/td><td class=\"column-11\">38<\/td>\n<\/tr>\n<tr class=\"row-6\">\n\t<td class=\"column-1\">Weight (kg)<\/td><td class=\"column-2\">2,5<\/td><td class=\"column-3\">3,28<\/td><td class=\"column-4\">3,29<\/td><td class=\"column-5\">3,82<\/td><td class=\"column-6\">4<br \/>\n4,34<\/td><td class=\"column-7\">4,87<\/td><td class=\"column-8\">13<\/td><td class=\"column-9\">16<\/td><td class=\"column-10\">19<\/td><td class=\"column-11\">22<\/td>\n<\/tr>\n<tr class=\"row-7\">\n\t<td class=\"column-1\">Inlet\/outlet<\/td><td colspan=\"6\" class=\"column-2\">ISO 228\/1 - 1\u201d BSP thread<\/td><td colspan=\"4\" class=\"column-8\">2\u201d BSP thread<\/td>\n<\/tr>\n<tr class=\"row-8\">\n\t<td class=\"column-1\">Drain<\/td><td colspan=\"6\" class=\"column-2\">3\/8\u201d socket (ISO 228-1)<\/td><td colspan=\"4\" class=\"column-8\">2 x \u00bd\u201d BSP socket<\/td>\n<\/tr>\n<tr class=\"row-9\">\n\t<td class=\"column-1\">Venting valve<\/td><td colspan=\"6\" class=\"column-2\">none<\/td><td colspan=\"4\" class=\"column-8\">\u00bc\u201d BSP socket<\/td>\n<\/tr>\n<tr class=\"row-10\">\n\t<td class=\"column-1\">Cartridge filter material<\/td><td colspan=\"6\" class=\"column-2\">Stainless steel 1.4408, 1.4571<\/td><td colspan=\"4\" class=\"column-8\">Stainless steel 1.4301<\/td>\n<\/tr>\n<tr class=\"row-11\">\n\t<td class=\"column-1\">Gasket material<\/td><td colspan=\"6\" class=\"column-2\">NBR O-ring seal<\/td><td colspan=\"4\" class=\"column-8\">NBR O-ring seal<\/td>\n<\/tr>\n<tr class=\"row-12\">\n\t<td class=\"column-1\">Candle length (\")<\/td><td class=\"column-2\">5<\/td><td class=\"column-3\">9\u00be<\/td><td class=\"column-4\">10<\/td><td class=\"column-5\">20<\/td><td class=\"column-6\">30<\/td><td class=\"column-7\">40<\/td><td class=\"column-8\">9\u00be \/ 10<\/td><td class=\"column-9\">19\u00bd \/ 20<\/td><td class=\"column-10\">29\u00bc \/ 30<\/td><td class=\"column-11\">39 \/ 40<\/td>\n<\/tr>\n<tr class=\"row-13\">\n\t<td class=\"column-1\">Number of cartridges<\/td><td colspan=\"6\" class=\"column-2\">1<\/td><td colspan=\"4\" class=\"column-8\">5<\/td>\n<\/tr>\n<\/tbody>\n<\/table>\n\n<h2>\n\t\tDownloads\n\t<\/h2>\n\n","protected":false},"excerpt":{"rendered":"<p>Kerzenfilter E-Serie Edelstahl-Kerzenfilter bestehen aus einer Edelstahlleichtbauweise und sind f\u00fcr 1, 5, 12 und 22 DOE Filterkerzen in den L\u00e4ngen [&hellip;]<\/p>\n","protected":false},"author":1,"featured_media":0,"parent":2702,"menu_order":10,"comment_status":"closed","ping_status":"closed","template":"","meta":{"_acf_changed":false,"site-sidebar-layout":"no-sidebar","site-content-layout":"page-builder","ast-site-content-layout":"default","site-content-style":"default","site-sidebar-style":"default","ast-global-header-display":"","ast-banner-title-visibility":"","ast-main-header-display":"","ast-hfb-above-header-display":"","ast-hfb-below-header-display":"","ast-hfb-mobile-header-display":"","site-post-title":"disabled","ast-breadcrumbs-content":"","ast-featured-img":"disabled","footer-sml-layout":"","ast-disable-related-posts":"","theme-transparent-header-meta":"","adv-header-id-meta":"","stick-header-meta":"","header-above-stick-meta":"","header-main-stick-meta":"","header-below-stick-meta":"","astra-migrate-meta-layouts":"default","ast-page-background-enabled":"default","ast-page-background-meta":{"desktop":{"background-color":"var(--ast-global-color-4)","background-image":"","background-repeat":"repeat","background-position":"center center","background-size":"auto","background-attachment":"scroll","background-type":"","background-media":"","overlay-type":"","overlay-color":"","overlay-opacity":"","overlay-gradient":""},"tablet":{"background-color":"","background-image":"","background-repeat":"repeat","background-position":"center center","background-size":"auto","background-attachment":"scroll","background-type":"","background-media":"","overlay-type":"","overlay-color":"","overlay-opacity":"","overlay-gradient":""},"mobile":{"background-color":"","background-image":"","background-repeat":"repeat","background-position":"center center","background-size":"auto","background-attachment":"scroll","background-type":"","background-media":"","overlay-type":"","overlay-color":"","overlay-opacity":"","overlay-gradient":""}},"ast-content-background-meta":{"desktop":{"background-color":"var(--ast-global-color-5)","background-image":"","background-repeat":"repeat","background-position":"center center","background-size":"auto","background-attachment":"scroll","background-type":"","background-media":"","overlay-type":"","overlay-color":"","overlay-opacity":"","overlay-gradient":""},"tablet":{"background-color":"var(--ast-global-color-5)","background-image":"","background-repeat":"repeat","background-position":"center center","background-size":"auto","background-attachment":"scroll","background-type":"","background-media":"","overlay-type":"","overlay-color":"","overlay-opacity":"","overlay-gradient":""},"mobile":{"background-color":"var(--ast-global-color-5)","background-image":"","background-repeat":"repeat","background-position":"center center","background-size":"auto","background-attachment":"scroll","background-type":"","background-media":"","overlay-type":"","overlay-color":"","overlay-opacity":"","overlay-gradient":""}},"footnotes":""},"class_list":["post-2745","page","type-page","status-publish","hentry"],"acf":[],"_links":{"self":[{"href":"https:\/\/www.filtrations-technik.de\/en\/wp-json\/wp\/v2\/pages\/2745","targetHints":{"allow":["GET"]}}],"collection":[{"href":"https:\/\/www.filtrations-technik.de\/en\/wp-json\/wp\/v2\/pages"}],"about":[{"href":"https:\/\/www.filtrations-technik.de\/en\/wp-json\/wp\/v2\/types\/page"}],"author":[{"embeddable":true,"href":"https:\/\/www.filtrations-technik.de\/en\/wp-json\/wp\/v2\/users\/1"}],"replies":[{"embeddable":true,"href":"https:\/\/www.filtrations-technik.de\/en\/wp-json\/wp\/v2\/comments?post=2745"}],"version-history":[{"count":3,"href":"https:\/\/www.filtrations-technik.de\/en\/wp-json\/wp\/v2\/pages\/2745\/revisions"}],"predecessor-version":[{"id":4986,"href":"https:\/\/www.filtrations-technik.de\/en\/wp-json\/wp\/v2\/pages\/2745\/revisions\/4986"}],"up":[{"embeddable":true,"href":"https:\/\/www.filtrations-technik.de\/en\/wp-json\/wp\/v2\/pages\/2702"}],"wp:attachment":[{"href":"https:\/\/www.filtrations-technik.de\/en\/wp-json\/wp\/v2\/media?parent=2745"}],"curies":[{"name":"wp","href":"https:\/\/api.w.org\/{rel}","templated":true}]}}