{"id":4104,"date":"2024-11-20T15:44:07","date_gmt":"2024-11-20T14:44:07","guid":{"rendered":"https:\/\/www.filtrations-technik.de\/jobs\/warehouse-clerk\/"},"modified":"2025-04-15T12:49:47","modified_gmt":"2025-04-15T10:49:47","slug":"warehouse-clerk","status":"publish","type":"page","link":"https:\/\/www.filtrations-technik.de\/en\/jobs\/warehouse-clerk\/","title":{"rendered":"Warehouse clerk"},"content":{"rendered":"\n<h1>\n\t\tOptimiere mit uns die Lagerprozesse in der Sieb- und Filtertechnik\n\t<\/h1>\n\t<p>Effiziente L\u00f6sungen f\u00fcr die Filtration: Dein Einsatz z\u00e4hlt im Lager!<\/p>\n<h1>\n\t\tWerde Teil unseres Logistik-Teams bei Schwegmann Filtrations-Technik\n\t<\/h1>\n\t<p>In Vollzeit oder Teilzeit<\/p>\n\t<p>Wir sind ein kleines Familienunternehmen mit Sitz im Innovationspark Rheinland in Grafschaft-Ringen, das Sieb- und Filtertechnik f\u00fcr industrielle Produktionsprozesse herstellt. F\u00fcr die Unterst\u00fctzung unseres Lager-Logistikbereiches suchen wir ab sofort Dich als eine\/n<\/p>\n<p><strong>Lagerist\/-in (m\/w\/d)<\/strong><\/p>\n\t\t\t\t<img decoding=\"async\" src=\"https:\/\/www.filtrations-technik.de\/app\/uploads\/2024\/12\/sft_stellenanz_lagerist_1080x1350_EN_web.jpg\" alt=\"sft_stellenanz_lagerist_1080x1350_web\" itemprop=\"image\" height=\"1350\" width=\"1080\" title=\"sft_stellenanz_lagerist_1080x1350_web\" onerror=\"this.style.display='none'\"  \/>\n\t\t\t<a href=\"mailto:personal@filtrations-technik.de\" target=\"_self\" rel=\"noopener\">\n\t\t\t\t\t\t\tJetzt bewerben\n\t\t\t\t\t<\/a>\n<h2>\n\t\t\u00dcber Deine neue Rolle \n\t<\/h2>\n\t<p>Deine Aufgaben als Lagerist\/in<\/p>\n\t<ul>\n<li>Innerbetrieblicher Transport der Ware zum Warenausgang<\/li>\n<li>Abwicklung des Wareneingangs<\/li>\n<li>Einlagerung des Wareneingangs<\/li>\n<li>Inventur<\/li>\n<li>Kommissionieren<\/li>\n<li>Buchen von Lagerein- und Lagerausg\u00e4ngen<\/li>\n<li>Maschinenbedienung<\/li>\n<\/ul>\n<h3>\n\t\tWas wir uns w\u00fcnschen \n\t<\/h3>\n\t<p>Als Lagerist\/in bei Schwegmann Filtrations-Technik<\/p>\n\t<p>F\u00fcr diese Stelle ben\u00f6tigen wir jemanden, der flexibel einsetzbar ist und ein hohes Ma\u00df an Lernbereitschaft mitbringt. Erfahrungen\/Kenntnisse im Lagerbereich sind w\u00fcnschenswert, eine abgeschlossene Ausbildung zur Fachkraft f\u00fcr Lagerlogistik w\u00e4re von Vorteil.<\/p>\n<h3>\n\t\tUnsere Angebote f\u00fcr Dich \n\t<\/h3>\n\t<p>Bei Schwegmann Filtrations-Technik profitierst Du<\/p>\n\t<h3>Flexibles Arbeitszeitmodell<\/h3><p>Passe Deine Arbeitszeiten an Deine Lebenssituation an.<\/p>\n\t<h3>30 Tage Urlaub<\/h3><p>Ausreichend Zeit f\u00fcr Erholung.<\/p>\n\t<h3>Motiviertes Team<\/h3><p>Ein unterst\u00fctzendes und freundliches Arbeitsumfeld.<\/p>\n\t<h3>Leistungsgerechte Verg\u00fctung<\/h3><p>Fairness und Anerkennung f\u00fcr Deine Arbeit.<\/p>\n\t<h3>Gute Verkehrsanbindung<\/h3><p>Problemlose Anreise mit verschiedenen Verkehrsmitteln.<\/p>\n\t\t\t<a href=\"mailto:personal@filtrations-technik.de\" target=\"_self\" rel=\"noopener\">\n\t\t\t\t\t\t\tBewirb Dich jetzt!\n\t\t\t\t\t<\/a>\n\t<p>Deine Bewerbung sendest Du unter der Angabe Deiner Gehaltsvorstellung bitte an unsere Personalabteilung,<\/p>\n<p><strong>E-Mail:<\/strong> <a href=\"mailto:personal@filtrations-technik.de\">personal@filtrations-technik.de<\/a><\/p>\n<p><strong>Post:<\/strong> IPR Grafschaft-Ringen, z. Hd. Frau Diesendorf<\/p>\n<p>Wir freuen uns darauf, Dich kennenzulernen und vielleicht schon bald als Teil unseres Teams begr\u00fc\u00dfen zu d\u00fcrfen!<\/p>\n\n","protected":false},"excerpt":{"rendered":"<p>Optimiere mit uns die Lagerprozesse in der Sieb- und Filtertechnik Effiziente L\u00f6sungen f\u00fcr die Filtration: Dein Einsatz z\u00e4hlt im Lager! [&hellip;]<\/p>\n","protected":false},"author":1,"featured_media":0,"parent":2097,"menu_order":10,"comment_status":"closed","ping_status":"closed","template":"","meta":{"_acf_changed":false,"site-sidebar-layout":"no-sidebar","site-content-layout":"page-builder","ast-site-content-layout":"default","site-content-style":"default","site-sidebar-style":"default","ast-global-header-display":"","ast-banner-title-visibility":"","ast-main-header-display":"","ast-hfb-above-header-display":"","ast-hfb-below-header-display":"","ast-hfb-mobile-header-display":"","site-post-title":"disabled","ast-breadcrumbs-content":"","ast-featured-img":"disabled","footer-sml-layout":"","ast-disable-related-posts":"","theme-transparent-header-meta":"","adv-header-id-meta":"","stick-header-meta":"","header-above-stick-meta":"","header-main-stick-meta":"","header-below-stick-meta":"","astra-migrate-meta-layouts":"default","ast-page-background-enabled":"default","ast-page-background-meta":{"desktop":{"background-color":"var(--ast-global-color-4)","background-image":"","background-repeat":"repeat","background-position":"center center","background-size":"auto","background-attachment":"scroll","background-type":"","background-media":"","overlay-type":"","overlay-color":"","overlay-opacity":"","overlay-gradient":""},"tablet":{"background-color":"","background-image":"","background-repeat":"repeat","background-position":"center center","background-size":"auto","background-attachment":"scroll","background-type":"","background-media":"","overlay-type":"","overlay-color":"","overlay-opacity":"","overlay-gradient":""},"mobile":{"background-color":"","background-image":"","background-repeat":"repeat","background-position":"center center","background-size":"auto","background-attachment":"scroll","background-type":"","background-media":"","overlay-type":"","overlay-color":"","overlay-opacity":"","overlay-gradient":""}},"ast-content-background-meta":{"desktop":{"background-color":"var(--ast-global-color-5)","background-image":"","background-repeat":"repeat","background-position":"center center","background-size":"auto","background-attachment":"scroll","background-type":"","background-media":"","overlay-type":"","overlay-color":"","overlay-opacity":"","overlay-gradient":""},"tablet":{"background-color":"var(--ast-global-color-5)","background-image":"","background-repeat":"repeat","background-position":"center center","background-size":"auto","background-attachment":"scroll","background-type":"","background-media":"","overlay-type":"","overlay-color":"","overlay-opacity":"","overlay-gradient":""},"mobile":{"background-color":"var(--ast-global-color-5)","background-image":"","background-repeat":"repeat","background-position":"center center","background-size":"auto","background-attachment":"scroll","background-type":"","background-media":"","overlay-type":"","overlay-color":"","overlay-opacity":"","overlay-gradient":""}},"footnotes":""},"class_list":["post-4104","page","type-page","status-publish","hentry"],"acf":[],"_links":{"self":[{"href":"https:\/\/www.filtrations-technik.de\/en\/wp-json\/wp\/v2\/pages\/4104","targetHints":{"allow":["GET"]}}],"collection":[{"href":"https:\/\/www.filtrations-technik.de\/en\/wp-json\/wp\/v2\/pages"}],"about":[{"href":"https:\/\/www.filtrations-technik.de\/en\/wp-json\/wp\/v2\/types\/page"}],"author":[{"embeddable":true,"href":"https:\/\/www.filtrations-technik.de\/en\/wp-json\/wp\/v2\/users\/1"}],"replies":[{"embeddable":true,"href":"https:\/\/www.filtrations-technik.de\/en\/wp-json\/wp\/v2\/comments?post=4104"}],"version-history":[{"count":4,"href":"https:\/\/www.filtrations-technik.de\/en\/wp-json\/wp\/v2\/pages\/4104\/revisions"}],"predecessor-version":[{"id":4638,"href":"https:\/\/www.filtrations-technik.de\/en\/wp-json\/wp\/v2\/pages\/4104\/revisions\/4638"}],"up":[{"embeddable":true,"href":"https:\/\/www.filtrations-technik.de\/en\/wp-json\/wp\/v2\/pages\/2097"}],"wp:attachment":[{"href":"https:\/\/www.filtrations-technik.de\/en\/wp-json\/wp\/v2\/media?parent=4104"}],"curies":[{"name":"wp","href":"https:\/\/api.w.org\/{rel}","templated":true}]}}