{"id":4255,"date":"2024-11-28T16:56:06","date_gmt":"2024-11-28T15:56:06","guid":{"rendered":"https:\/\/www.filtrations-technik.de\/quality-policy\/"},"modified":"2025-06-12T16:07:09","modified_gmt":"2025-06-12T14:07:09","slug":"quality-policy","status":"publish","type":"page","link":"https:\/\/www.filtrations-technik.de\/en\/company\/quality-policy\/","title":{"rendered":"Quality policy"},"content":{"rendered":"\n<h1>\n\t\tQualit\u00e4tspolitik\n\t<\/h1>\n\t<p>Unser Engagement f\u00fcr h\u00f6chste Qualit\u00e4tsstandards<\/p>\n<h1>\n\t\t Unsere Qualit\u00e4tspolitik\n\t<\/h1>\n\t<p>Die hier festgelegte Qualit\u00e4tspolitik ist zentraler Bestandteil des Qualit\u00e4tsmanagementsystems (QM-System) in unserem Hause. Das QM-System stellt eine Beschreibung der von uns festgelegten Anforderungen dar. Seine Anwendung gew\u00e4hrleistet, dass alle T\u00e4tigkeiten, die Auswirkungen auf die Unternehmensleistung haben, geplant, gesteuert und \u00fcberwacht werden, und dass vertraglich vereinbarte Anforderungen erf\u00fcllt werden.<\/p>\n<p>Die industrielle Filtration umfasst ein sehr breit gef\u00e4chertes Aufgabengebiet. Wir bei der Schwegmann Filtrations-Technik GmbH bieten verschiedene L\u00f6sungen f\u00fcr die Fest\/Fl\u00fcssig-Trennung und die Luftfiltration an.<\/p>\n<p>In unserer N\u00e4herei konfektionieren wir Sieb- und Filterbeutel und k\u00f6nnen dabei Gr\u00f6\u00dfe und Form der Beutel an die Bed\u00fcrfnisse unserer Kunden anpassen. Die Beutel werden zum Sieben und Filtrieren von Fl\u00fcssigkeiten eingesetzt, beispielsweise in der chemischen Industrie. Filtergeh\u00e4use, Filterkerzen, Durchsteckt\u00fccher, Taschenfilter und Kompaktfilter runden das Lieferprogramm ab. In den meisten F\u00e4llen werden unsere Produkte daf\u00fcr benutzt, st\u00f6rende R\u00fcckst\u00e4nde aus Fl\u00fcssigkeiten oder der Luft zu filtern.<\/p>\n<p>Unsere Produkte sichern einen optimalen Ablauf der Produktionsprozesse unserer Kunden.<\/p>\n<p>Unser Ziel ist es daher, in Zusammenarbeit mit unseren Kunden und Lieferanten<\/p>\n<ul>\n<li>Produkte so zu produzieren und zu versenden, dass die Vorgaben und Anforderungen unserer Kunden jederzeit zuverl\u00e4ssig erf\u00fcllt werden,<\/li>\n<li>das gesamte Leistungsspektrum unseres Hauses stets an den Kundenw\u00fcnschen und Markterfordernissen zu messen und entsprechend zu gestalten,<\/li>\n<li>die Kundenzufriedenheit infolgedessen stetig zu erh\u00f6hen,<\/li>\n<li>ein Qualit\u00e4tsmanagement-System entwickeln, das die Vorgaben der DIN ISO 9001 erf\u00fcllt, und das von einer externen Pr\u00fcforganisation zertifiziert ist,<\/li>\n<li>das Qualit\u00e4tsbewusstsein aller Mitarbeitenden zu f\u00f6rdern.<\/li>\n<\/ul>\n<p>Die Qualit\u00e4t unserer Produkte und unserer gesamten Leistungspalette hat eine herausragende Bedeutung f\u00fcr unser Unternehmen und ist eine Verpflichtung f\u00fcr Gesch\u00e4ftsf\u00fchrung und Mitarbeitenden.<\/p>\n<p>Der Begriff \u201eQualit\u00e4t&#8221; umfasst bei uns nicht nur die zuverl\u00e4ssige und exakte Einhaltung der mit unseren Abnehmern vereinbarten Produktqualit\u00e4t. Der Begriff beinhaltet dar\u00fcber hinaus die \u00dcbereinstimmung mit den Anforderungen und Erwartungen unserer Kunden auf allen Gebieten unserer T\u00e4tigkeit. Insofern sehen wir uns zur Kundenorientierung verpflichtet. Dabei sind die durch unsere Unternehmensgrunds\u00e4tze vorgegebenen Grenzen selbstverst\u00e4ndlich einzuhalten.<\/p>\n<p>F\u00fcr die Qualit\u00e4t unserer Produkte und Leistungen sind alle Mitarbeitende mitverantwortlich. Ein wesentlicher Grundsatz ist:<\/p>\n<p><strong>Fehler vermeiden, statt Fehler zu korrigieren!<\/strong><\/p>\n<p>Die kontinuierliche Verbesserung des Unternehmens ist f\u00fcr uns deshalb mittel- und langfristig auch Voraussetzung f\u00fcr eine wirksame Senkung von Kosten und wichtiger Beitrag zur Schonung der Ressourcen und Verbesserung der Prozesse.<\/p>\n<p>Eine st\u00f6rungsfreie Organisation und fortschrittlichste Methoden des Qualit\u00e4tsmanagements bilden den daf\u00fcr notwendigen Rahmen. Alle Mitarbeitenden sind verpflichtet, die in ihrem Verantwortungsbereich geltenden Regelungen anzuwenden, ihre Wirksamkeit st\u00e4ndig zu \u00fcberwachen und den neuesten Kenntnissen und Erfordernissen anzupassen. Dieses Qualit\u00e4tsverst\u00e4ndnis und Qualit\u00e4tsbewusstsein, sowie die Einbindung aller Mitarbeitenden zur Qualit\u00e4t sind Voraussetzung f\u00fcr die Zufriedenheit unserer Kunden und damit f\u00fcr den dauerhaften Erfolg unseres Unternehmens.<\/p>\n<h3>Grunds\u00e4tze des Qualit\u00e4tsmanagements<\/h3>\n<p>Wir beachten die Grunds\u00e4tze des Qualit\u00e4tsmanagements:<\/p>\n<ul>\n<li>Kundenorientierung<\/li>\n<li>F\u00fchrung<\/li>\n<li>Einbeziehung von Personen<\/li>\n<li>Prozessorientierter Ansatz<\/li>\n<li>stetige Verbesserung<\/li>\n<li>Faktengest\u00fctzte Entscheidungsfindung<\/li>\n<li>Beziehungsmanagement<\/li>\n<\/ul>\n\t\t\t\t<a href=\"https:\/\/www.certipedia.com\/quality_marks\/9000018007\" target=\"_blank\" rel=\"noopener\" itemprop=\"url\">\n\t\t\t\t<img decoding=\"async\" src=\"https:\/\/www.filtrations-technik.de\/app\/uploads\/2024\/10\/tuev_zertifikat.png\" alt=\"tuev_zertifikat\" itemprop=\"image\" height=\"124\" width=\"245\" title=\"tuev_zertifikat\" onerror=\"this.style.display='none'\"  \/>\n\t\t\t\t<\/a>\n\n","protected":false},"excerpt":{"rendered":"<p>Qualit\u00e4tspolitik Unser Engagement f\u00fcr h\u00f6chste Qualit\u00e4tsstandards Unsere Qualit\u00e4tspolitik Die hier festgelegte Qualit\u00e4tspolitik ist zentraler Bestandteil des Qualit\u00e4tsmanagementsystems (QM-System) in unserem [&hellip;]<\/p>\n","protected":false},"author":1,"featured_media":0,"parent":1945,"menu_order":0,"comment_status":"closed","ping_status":"closed","template":"","meta":{"_acf_changed":false,"site-sidebar-layout":"no-sidebar","site-content-layout":"page-builder","ast-site-content-layout":"default","site-content-style":"default","site-sidebar-style":"default","ast-global-header-display":"","ast-banner-title-visibility":"","ast-main-header-display":"","ast-hfb-above-header-display":"","ast-hfb-below-header-display":"","ast-hfb-mobile-header-display":"","site-post-title":"disabled","ast-breadcrumbs-content":"","ast-featured-img":"disabled","footer-sml-layout":"","ast-disable-related-posts":"","theme-transparent-header-meta":"","adv-header-id-meta":"","stick-header-meta":"","header-above-stick-meta":"","header-main-stick-meta":"","header-below-stick-meta":"","astra-migrate-meta-layouts":"default","ast-page-background-enabled":"default","ast-page-background-meta":{"desktop":{"background-color":"var(--ast-global-color-4)","background-image":"","background-repeat":"repeat","background-position":"center center","background-size":"auto","background-attachment":"scroll","background-type":"","background-media":"","overlay-type":"","overlay-color":"","overlay-opacity":"","overlay-gradient":""},"tablet":{"background-color":"","background-image":"","background-repeat":"repeat","background-position":"center center","background-size":"auto","background-attachment":"scroll","background-type":"","background-media":"","overlay-type":"","overlay-color":"","overlay-opacity":"","overlay-gradient":""},"mobile":{"background-color":"","background-image":"","background-repeat":"repeat","background-position":"center center","background-size":"auto","background-attachment":"scroll","background-type":"","background-media":"","overlay-type":"","overlay-color":"","overlay-opacity":"","overlay-gradient":""}},"ast-content-background-meta":{"desktop":{"background-color":"var(--ast-global-color-5)","background-image":"","background-repeat":"repeat","background-position":"center center","background-size":"auto","background-attachment":"scroll","background-type":"","background-media":"","overlay-type":"","overlay-color":"","overlay-opacity":"","overlay-gradient":""},"tablet":{"background-color":"var(--ast-global-color-5)","background-image":"","background-repeat":"repeat","background-position":"center center","background-size":"auto","background-attachment":"scroll","background-type":"","background-media":"","overlay-type":"","overlay-color":"","overlay-opacity":"","overlay-gradient":""},"mobile":{"background-color":"var(--ast-global-color-5)","background-image":"","background-repeat":"repeat","background-position":"center center","background-size":"auto","background-attachment":"scroll","background-type":"","background-media":"","overlay-type":"","overlay-color":"","overlay-opacity":"","overlay-gradient":""}},"footnotes":""},"class_list":["post-4255","page","type-page","status-publish","hentry"],"acf":[],"_links":{"self":[{"href":"https:\/\/www.filtrations-technik.de\/en\/wp-json\/wp\/v2\/pages\/4255","targetHints":{"allow":["GET"]}}],"collection":[{"href":"https:\/\/www.filtrations-technik.de\/en\/wp-json\/wp\/v2\/pages"}],"about":[{"href":"https:\/\/www.filtrations-technik.de\/en\/wp-json\/wp\/v2\/types\/page"}],"author":[{"embeddable":true,"href":"https:\/\/www.filtrations-technik.de\/en\/wp-json\/wp\/v2\/users\/1"}],"replies":[{"embeddable":true,"href":"https:\/\/www.filtrations-technik.de\/en\/wp-json\/wp\/v2\/comments?post=4255"}],"version-history":[{"count":1,"href":"https:\/\/www.filtrations-technik.de\/en\/wp-json\/wp\/v2\/pages\/4255\/revisions"}],"predecessor-version":[{"id":4261,"href":"https:\/\/www.filtrations-technik.de\/en\/wp-json\/wp\/v2\/pages\/4255\/revisions\/4261"}],"up":[{"embeddable":true,"href":"https:\/\/www.filtrations-technik.de\/en\/wp-json\/wp\/v2\/pages\/1945"}],"wp:attachment":[{"href":"https:\/\/www.filtrations-technik.de\/en\/wp-json\/wp\/v2\/media?parent=4255"}],"curies":[{"name":"wp","href":"https:\/\/api.w.org\/{rel}","templated":true}]}}